{"id":1040,"date":"2023-01-07T22:22:24","date_gmt":"2023-01-08T03:22:24","guid":{"rendered":"https:\/\/servisistemas.com.co\/control-de-acceso\/?page_id=1040"},"modified":"2023-01-09T20:51:49","modified_gmt":"2023-01-10T01:51:49","slug":"que-se-necesita-para-control-de-acceso","status":"publish","type":"page","link":"https:\/\/servisistemas.com.co\/control-de-acceso\/que-se-necesita-para-control-de-acceso\/","title":{"rendered":"Que se necesita para control de acceso"},"content":{"rendered":"\t\t<div data-elementor-type=\"wp-page\" data-elementor-id=\"1040\" class=\"elementor elementor-1040\" data-elementor-post-type=\"page\">\n\t\t\t\t\t\t<section class=\"elementor-section elementor-top-section elementor-element elementor-element-5594137 elementor-section-boxed elementor-section-height-default elementor-section-height-default jltma-glass-effect-no\" data-id=\"5594137\" data-element_type=\"section\">\n\t\t\t\t\t\t<div class=\"elementor-container elementor-column-gap-default\">\n\t\t\t\t\t<div class=\"elementor-column elementor-col-100 elementor-top-column elementor-element elementor-element-49776a7 jltma-glass-effect-no\" data-id=\"49776a7\" data-element_type=\"column\">\n\t\t\t<div class=\"elementor-widget-wrap elementor-element-populated\">\n\t\t\t\t\t\t<div class=\"elementor-element elementor-element-cde9ecd jltma-glass-effect-no elementor-widget elementor-widget-heading\" data-id=\"cde9ecd\" data-element_type=\"widget\" data-widget_type=\"heading.default\">\n\t\t\t\t<div class=\"elementor-widget-container\">\n\t\t\t\t\t<h1 class=\"elementor-heading-title elementor-size-xl\">Para implementar un sistema de control de acceso, es necesario contar con los siguientes componentes:<\/h1>\t\t\t\t<\/div>\n\t\t\t\t<\/div>\n\t\t\t\t\t<\/div>\n\t\t<\/div>\n\t\t\t\t\t<\/div>\n\t\t<\/section>\n\t\t\t\t<section class=\"elementor-section elementor-top-section elementor-element elementor-element-01b92aa elementor-section-boxed elementor-section-height-default elementor-section-height-default jltma-glass-effect-no\" data-id=\"01b92aa\" data-element_type=\"section\">\n\t\t\t\t\t\t<div class=\"elementor-container elementor-column-gap-default\">\n\t\t\t\t\t<div class=\"elementor-column elementor-col-100 elementor-top-column elementor-element elementor-element-2384ebd jltma-glass-effect-no\" data-id=\"2384ebd\" data-element_type=\"column\">\n\t\t\t<div class=\"elementor-widget-wrap elementor-element-populated\">\n\t\t\t\t\t\t<div class=\"elementor-element elementor-element-c80665d jltma-glass-effect-no elementor-widget elementor-widget-spacer\" data-id=\"c80665d\" data-element_type=\"widget\" data-widget_type=\"spacer.default\">\n\t\t\t\t<div class=\"elementor-widget-container\">\n\t\t\t\t\t\t\t<div class=\"elementor-spacer\">\n\t\t\t<div class=\"elementor-spacer-inner\"><\/div>\n\t\t<\/div>\n\t\t\t\t\t\t<\/div>\n\t\t\t\t<\/div>\n\t\t\t\t\t<\/div>\n\t\t<\/div>\n\t\t\t\t\t<\/div>\n\t\t<\/section>\n\t\t\t\t<section class=\"elementor-section elementor-top-section elementor-element elementor-element-c8a6215 elementor-section-boxed elementor-section-height-default elementor-section-height-default jltma-glass-effect-no\" data-id=\"c8a6215\" data-element_type=\"section\">\n\t\t\t\t\t\t<div class=\"elementor-container elementor-column-gap-default\">\n\t\t\t\t\t<div class=\"elementor-column elementor-col-100 elementor-top-column elementor-element elementor-element-fc8a67f jltma-glass-effect-no\" data-id=\"fc8a67f\" data-element_type=\"column\">\n\t\t\t<div class=\"elementor-widget-wrap elementor-element-populated\">\n\t\t\t\t\t\t<div class=\"elementor-element elementor-element-f1f6a45 jltma-glass-effect-no elementor-widget elementor-widget-text-editor\" data-id=\"f1f6a45\" data-element_type=\"widget\" data-widget_type=\"text-editor.default\">\n\t\t\t\t<div class=\"elementor-widget-container\">\n\t\t\t\t\t\t\t\t\t<p><strong>Hardware de acceso:<\/strong> Este incluye lectores de tarjetas o tag, lectores QR, lectores&nbsp;de huellas dactilares, c\u00e1maras de seguridad y otros dispositivos necesarios para verificar la identidad de las personas que deseen acceder a una determinada \u00e1rea.<\/p><p><br><\/p>\n<p><strong>Tarjetas de acceso o tokens de autenticaci\u00f3n:<\/strong> Estos pueden ser tarjetas con banda magn\u00e9tica, tarjetas con chip inteligente o tokens de autenticaci\u00f3n, que se utilizan para identificar a las personas que deseen acceder a una \u00e1rea protegida.<\/p><p><br><\/p>\n<p><strong style=\"color: var( --e-global-color-text ); font-family: var( --e-global-typography-text-font-family ), Sans-serif; background-color: var(--wp--preset--color--base); font-size: var(--wp--preset--font-size--medium);\">Software de control de acceso:<\/strong><span style=\"color: var( --e-global-color-text ); font-family: var( --e-global-typography-text-font-family ), Sans-serif; font-weight: var( --e-global-typography-text-font-weight ); background-color: var(--wp--preset--color--base); font-size: var(--wp--preset--font-size--medium);\"> Este es el componente principal del sistema de control de acceso y se encarga de gestionar todos los equipos del sistema. El software de control de acceso permite configurar y personalizar los permisos de acceso de cada usuario, registrar las entradas y salidas de las personas y generar informes sobre el uso del sistema.<\/span><\/p><p><span style=\"color: var( --e-global-color-text ); font-family: var( --e-global-typography-text-font-family ), Sans-serif; font-weight: var( --e-global-typography-text-font-weight ); background-color: var(--wp--preset--color--base); font-size: var(--wp--preset--font-size--medium);\"><br><\/span><\/p>\n<p><strong>Pol\u00edticas y procedimientos de seguridad:<\/strong> Es importante establecer pol\u00edticas y procedimientos de seguridad para garantizar que el sistema de control de acceso se utilice de manera adecuada y eficiente. Esto incluye la definici\u00f3n de roles y responsabilidades, la asignaci\u00f3n de permisos de acceso y la definici\u00f3n de medidas de seguridad para proteger la integridad del sistema.<\/p>\t\t\t\t\t\t\t\t<\/div>\n\t\t\t\t<\/div>\n\t\t\t\t\t<\/div>\n\t\t<\/div>\n\t\t\t\t\t<\/div>\n\t\t<\/section>\n\t\t\t\t<section class=\"elementor-section elementor-top-section elementor-element elementor-element-4c320d1 elementor-section-boxed elementor-section-height-default elementor-section-height-default jltma-glass-effect-no\" data-id=\"4c320d1\" data-element_type=\"section\">\n\t\t\t\t\t\t<div class=\"elementor-container elementor-column-gap-default\">\n\t\t\t\t\t<div class=\"elementor-column elementor-col-100 elementor-top-column elementor-element elementor-element-5a751c4 jltma-glass-effect-no\" data-id=\"5a751c4\" data-element_type=\"column\">\n\t\t\t<div class=\"elementor-widget-wrap elementor-element-populated\">\n\t\t\t\t\t\t<div class=\"elementor-element elementor-element-dd8a3fe jltma-glass-effect-no elementor-widget elementor-widget-spacer\" data-id=\"dd8a3fe\" data-element_type=\"widget\" data-widget_type=\"spacer.default\">\n\t\t\t\t<div class=\"elementor-widget-container\">\n\t\t\t\t\t\t\t<div class=\"elementor-spacer\">\n\t\t\t<div class=\"elementor-spacer-inner\"><\/div>\n\t\t<\/div>\n\t\t\t\t\t\t<\/div>\n\t\t\t\t<\/div>\n\t\t\t\t\t<\/div>\n\t\t<\/div>\n\t\t\t\t\t<\/div>\n\t\t<\/section>\n\t\t\t\t<section class=\"elementor-section elementor-top-section elementor-element elementor-element-0aa1f38 elementor-section-boxed elementor-section-height-default elementor-section-height-default jltma-glass-effect-no\" data-id=\"0aa1f38\" data-element_type=\"section\">\n\t\t\t\t\t\t<div class=\"elementor-container elementor-column-gap-default\">\n\t\t\t\t\t<div class=\"elementor-column elementor-col-100 elementor-top-column elementor-element elementor-element-da0fdd0 jltma-glass-effect-no\" data-id=\"da0fdd0\" data-element_type=\"column\">\n\t\t\t<div class=\"elementor-widget-wrap elementor-element-populated\">\n\t\t\t\t\t\t<div class=\"elementor-element elementor-element-6da76d7 jltma-glass-effect-no elementor-widget elementor-widget-text-editor\" data-id=\"6da76d7\" data-element_type=\"widget\" data-widget_type=\"text-editor.default\">\n\t\t\t\t<div class=\"elementor-widget-container\">\n\t\t\t\t\t\t\t\t\t<ul><li><a href=\"https:\/\/servisistemas.com.co\/servicios-tecnologicos\/entrada\/sistema-de-control-de-acceso-.html\"><span style=\"font-size: 18px;\">Instalaci\u00f3n y servicio para sistema de control de acceso<\/span><\/a><\/li><li><span style=\"font-size: 18px;\"><a href=\"https:\/\/servisistemas.com.co\/control-de-acceso\/encuentra-aqui-soluciones-de-control-de-acceso-para-proteger-y-mejorar-la-seguridad\/\">Control de acceso para empresas<\/a><\/span><\/li><li><a href=\"https:\/\/servisistemas.com.co\/servicios-tecnologicos\/entrada\/diferentes-opciones-de-control-de-acceso-para-conjuntos-residenciales-.html\"><span style=\"font-size: 18px;\">Diferentes opciones de control de acceso para conjuntos residenciales<\/span><\/a><\/li><li><span style=\"font-size: 18px;\"><a href=\"https:\/\/servisistemas.com.co\/servicios-tecnologicos\/entrada\/diferentes-opciones-de-control-de-acceso-para-conjuntos-residenciales-.html\">Control de acceso para conjuntos residenciales<\/a><\/span><\/li><li><a href=\"\/control-de-acceso\/planificacion-de-un-sistema-de-control-de-acceso\/\" target=\"_blank\" rel=\"noopener\">Que se necesita para control de acceso<\/a><\/li><\/ul>\t\t\t\t\t\t\t\t<\/div>\n\t\t\t\t<\/div>\n\t\t\t\t\t<\/div>\n\t\t<\/div>\n\t\t\t\t\t<\/div>\n\t\t<\/section>\n\t\t\t\t<section class=\"elementor-section elementor-top-section elementor-element elementor-element-df35675 elementor-section-boxed elementor-section-height-default elementor-section-height-default jltma-glass-effect-no\" data-id=\"df35675\" data-element_type=\"section\">\n\t\t\t\t\t\t<div class=\"elementor-container elementor-column-gap-default\">\n\t\t\t\t\t<div class=\"elementor-column elementor-col-100 elementor-top-column elementor-element elementor-element-aa445d5 jltma-glass-effect-no\" data-id=\"aa445d5\" data-element_type=\"column\">\n\t\t\t<div class=\"elementor-widget-wrap elementor-element-populated\">\n\t\t\t\t\t\t<div class=\"elementor-element elementor-element-41890f1 jltma-glass-effect-no elementor-widget elementor-widget-spacer\" data-id=\"41890f1\" data-element_type=\"widget\" data-widget_type=\"spacer.default\">\n\t\t\t\t<div class=\"elementor-widget-container\">\n\t\t\t\t\t\t\t<div class=\"elementor-spacer\">\n\t\t\t<div class=\"elementor-spacer-inner\"><\/div>\n\t\t<\/div>\n\t\t\t\t\t\t<\/div>\n\t\t\t\t<\/div>\n\t\t\t\t\t<\/div>\n\t\t<\/div>\n\t\t\t\t\t<\/div>\n\t\t<\/section>\n\t\t\t\t<section class=\"elementor-section elementor-top-section elementor-element elementor-element-eeeebab elementor-section-boxed elementor-section-height-default elementor-section-height-default jltma-glass-effect-no\" data-id=\"eeeebab\" data-element_type=\"section\">\n\t\t\t\t\t\t<div class=\"elementor-container elementor-column-gap-default\">\n\t\t\t\t\t<div class=\"elementor-column elementor-col-100 elementor-top-column elementor-element elementor-element-cef3d27 jltma-glass-effect-no\" data-id=\"cef3d27\" data-element_type=\"column\">\n\t\t\t<div class=\"elementor-widget-wrap\">\n\t\t\t\t\t\t\t<\/div>\n\t\t<\/div>\n\t\t\t\t\t<\/div>\n\t\t<\/section>\n\t\t\t\t<section class=\"elementor-section elementor-top-section elementor-element elementor-element-97cec7c elementor-section-boxed elementor-section-height-default elementor-section-height-default jltma-glass-effect-no\" data-id=\"97cec7c\" data-element_type=\"section\">\n\t\t\t\t\t\t<div class=\"elementor-container elementor-column-gap-default\">\n\t\t\t\t\t<div class=\"elementor-column elementor-col-50 elementor-top-column elementor-element elementor-element-9bceaa5 jltma-glass-effect-no\" data-id=\"9bceaa5\" data-element_type=\"column\">\n\t\t\t<div class=\"elementor-widget-wrap elementor-element-populated\">\n\t\t\t\t\t\t<div class=\"elementor-element elementor-element-e31509d jltma-glass-effect-no elementor-widget elementor-widget-text-editor\" data-id=\"e31509d\" data-element_type=\"widget\" data-widget_type=\"text-editor.default\">\n\t\t\t\t<div class=\"elementor-widget-container\">\n\t\t\t\t\t\t\t\t\t<h2 style=\"text-align: center;\">Necesitas servicios para control de asistencia<\/h2><div><h2 style=\"text-align: center;\">Cont\u00e1ctanos ahora<\/h2><\/div><h6 style=\"text-align: center;\">Comprometidos con el cumplimiento y RAPIDEZ<\/h6>\t\t\t\t\t\t\t\t<\/div>\n\t\t\t\t<\/div>\n\t\t\t\t\t<\/div>\n\t\t<\/div>\n\t\t\t\t<div class=\"elementor-column elementor-col-50 elementor-top-column elementor-element elementor-element-cf874f6 jltma-glass-effect-no\" data-id=\"cf874f6\" data-element_type=\"column\">\n\t\t\t<div class=\"elementor-widget-wrap elementor-element-populated\">\n\t\t\t\t\t\t<section class=\"elementor-section elementor-inner-section elementor-element elementor-element-9986396 elementor-section-boxed elementor-section-height-default elementor-section-height-default jltma-glass-effect-no\" data-id=\"9986396\" data-element_type=\"section\">\n\t\t\t\t\t\t<div class=\"elementor-container elementor-column-gap-default\">\n\t\t\t\t\t<div class=\"elementor-column elementor-col-100 elementor-inner-column elementor-element elementor-element-94bd2b8 jltma-glass-effect-no\" data-id=\"94bd2b8\" data-element_type=\"column\">\n\t\t\t<div class=\"elementor-widget-wrap elementor-element-populated\">\n\t\t\t\t\t\t<div class=\"elementor-element elementor-element-e397bbd jltma-glass-effect-no elementor-widget elementor-widget-heading\" data-id=\"e397bbd\" data-element_type=\"widget\" data-widget_type=\"heading.default\">\n\t\t\t\t<div class=\"elementor-widget-container\">\n\t\t\t\t\t<div class=\"elementor-heading-title elementor-size-default\">Formulario de contacto<\/div>\t\t\t\t<\/div>\n\t\t\t\t<\/div>\n\t\t\t\t\t<\/div>\n\t\t<\/div>\n\t\t\t\t\t<\/div>\n\t\t<\/section>\n\t\t\t\t<div class=\"elementor-element elementor-element-14c678c jltma-glass-effect-no elementor-widget elementor-widget-html\" data-id=\"14c678c\" data-element_type=\"widget\" data-widget_type=\"html.default\">\n\t\t\t\t<div class=\"elementor-widget-container\">\n\t\t\t\t\t<div class='lepopup-inline' data-slug='FORM-CONTROL-ACCESO'><\/div>\t\t\t\t<\/div>\n\t\t\t\t<\/div>\n\t\t\t\t\t<\/div>\n\t\t<\/div>\n\t\t\t\t\t<\/div>\n\t\t<\/section>\n\t\t\t\t<\/div>\n\t\t","protected":false},"excerpt":{"rendered":"<p>Para implementar un sistema de control de acceso, es necesario contar con los siguientes componentes: Hardware de acceso: Este incluye lectores de tarjetas o tag, lectores QR, lectores&nbsp;de huellas dactilares, c\u00e1maras de seguridad y otros dispositivos necesarios para verificar la identidad de las personas que deseen acceder a una determinada \u00e1rea. Tarjetas de acceso o [&hellip;]<\/p>\n","protected":false},"author":1,"featured_media":0,"parent":0,"menu_order":0,"comment_status":"closed","ping_status":"closed","template":"elementor_header_footer","meta":{"footnotes":""},"class_list":["post-1040","page","type-page","status-publish","hentry"],"_links":{"self":[{"href":"https:\/\/servisistemas.com.co\/control-de-acceso\/wp-json\/wp\/v2\/pages\/1040","targetHints":{"allow":["GET"]}}],"collection":[{"href":"https:\/\/servisistemas.com.co\/control-de-acceso\/wp-json\/wp\/v2\/pages"}],"about":[{"href":"https:\/\/servisistemas.com.co\/control-de-acceso\/wp-json\/wp\/v2\/types\/page"}],"author":[{"embeddable":true,"href":"https:\/\/servisistemas.com.co\/control-de-acceso\/wp-json\/wp\/v2\/users\/1"}],"replies":[{"embeddable":true,"href":"https:\/\/servisistemas.com.co\/control-de-acceso\/wp-json\/wp\/v2\/comments?post=1040"}],"version-history":[{"count":8,"href":"https:\/\/servisistemas.com.co\/control-de-acceso\/wp-json\/wp\/v2\/pages\/1040\/revisions"}],"predecessor-version":[{"id":1184,"href":"https:\/\/servisistemas.com.co\/control-de-acceso\/wp-json\/wp\/v2\/pages\/1040\/revisions\/1184"}],"wp:attachment":[{"href":"https:\/\/servisistemas.com.co\/control-de-acceso\/wp-json\/wp\/v2\/media?parent=1040"}],"curies":[{"name":"wp","href":"https:\/\/api.w.org\/{rel}","templated":true}]}}