{"id":1537,"date":"2023-02-17T08:16:52","date_gmt":"2023-02-17T13:16:52","guid":{"rendered":"https:\/\/servisistemas.com.co\/control-de-acceso\/?page_id=1537"},"modified":"2023-07-16T14:31:55","modified_gmt":"2023-07-16T19:31:55","slug":"aprovecha-la-tecnologia-y-permite-acceso-a-tu-puerta-estando-en-cualquier-parte","status":"publish","type":"page","link":"https:\/\/servisistemas.com.co\/control-de-acceso\/aprovecha-la-tecnologia-y-permite-acceso-a-tu-puerta-estando-en-cualquier-parte\/","title":{"rendered":"Aprovecha la tecnolog\u00eda y permite acceso a tu puerta estando en cualquier parte"},"content":{"rendered":"\t\t<div data-elementor-type=\"wp-page\" data-elementor-id=\"1537\" class=\"elementor elementor-1537\" data-elementor-post-type=\"page\">\n\t\t\t\t\t\t<section class=\"elementor-section elementor-top-section elementor-element elementor-element-94ede69 elementor-section-boxed elementor-section-height-default elementor-section-height-default jltma-glass-effect-no\" data-id=\"94ede69\" data-element_type=\"section\">\n\t\t\t\t\t\t<div class=\"elementor-container elementor-column-gap-default\">\n\t\t\t\t\t<div class=\"elementor-column elementor-col-100 elementor-top-column elementor-element elementor-element-95738f6 jltma-glass-effect-no\" data-id=\"95738f6\" data-element_type=\"column\">\n\t\t\t<div class=\"elementor-widget-wrap elementor-element-populated\">\n\t\t\t\t\t\t<div class=\"elementor-element elementor-element-61fb4f8 jltma-glass-effect-no elementor-widget elementor-widget-heading\" data-id=\"61fb4f8\" data-element_type=\"widget\" data-widget_type=\"heading.default\">\n\t\t\t\t<div class=\"elementor-widget-container\">\n\t\t\t\t\t<h1 class=\"elementor-heading-title elementor-size-xl\">La tecnolog\u00eda avanza y la seguridad va de la mano<\/h1>\t\t\t\t<\/div>\n\t\t\t\t<\/div>\n\t\t\t\t\t<\/div>\n\t\t<\/div>\n\t\t\t\t\t<\/div>\n\t\t<\/section>\n\t\t\t\t<section class=\"elementor-section elementor-top-section elementor-element elementor-element-028e423 elementor-section-boxed elementor-section-height-default elementor-section-height-default jltma-glass-effect-no\" data-id=\"028e423\" data-element_type=\"section\">\n\t\t\t\t\t\t<div class=\"elementor-container elementor-column-gap-default\">\n\t\t\t\t\t<div class=\"elementor-column elementor-col-100 elementor-top-column elementor-element elementor-element-19e284f jltma-glass-effect-no\" data-id=\"19e284f\" data-element_type=\"column\">\n\t\t\t<div class=\"elementor-widget-wrap elementor-element-populated\">\n\t\t\t\t\t\t<div class=\"elementor-element elementor-element-ecb64dd jltma-glass-effect-no elementor-widget elementor-widget-heading\" data-id=\"ecb64dd\" data-element_type=\"widget\" data-widget_type=\"heading.default\">\n\t\t\t\t<div class=\"elementor-widget-container\">\n\t\t\t\t\t<h2 class=\"elementor-heading-title elementor-size-large\">Abrir tu puerta desde cualquier parte te ahorra mucho tiempo adem\u00e1s agilizas las tareas dirias de mantenimiento de tu hogar.<\/h2>\t\t\t\t<\/div>\n\t\t\t\t<\/div>\n\t\t\t\t\t<\/div>\n\t\t<\/div>\n\t\t\t\t\t<\/div>\n\t\t<\/section>\n\t\t\t\t<section class=\"elementor-section elementor-top-section elementor-element elementor-element-fffdcac elementor-section-boxed elementor-section-height-default elementor-section-height-default jltma-glass-effect-no\" data-id=\"fffdcac\" data-element_type=\"section\">\n\t\t\t\t\t\t<div class=\"elementor-container elementor-column-gap-default\">\n\t\t\t\t\t<div class=\"elementor-column elementor-col-100 elementor-top-column elementor-element elementor-element-724998c jltma-glass-effect-no\" data-id=\"724998c\" data-element_type=\"column\">\n\t\t\t<div class=\"elementor-widget-wrap elementor-element-populated\">\n\t\t\t\t\t\t<div class=\"elementor-element elementor-element-0cbacba jltma-glass-effect-no elementor-widget elementor-widget-spacer\" data-id=\"0cbacba\" data-element_type=\"widget\" data-widget_type=\"spacer.default\">\n\t\t\t\t<div class=\"elementor-widget-container\">\n\t\t\t\t\t\t\t<div class=\"elementor-spacer\">\n\t\t\t<div class=\"elementor-spacer-inner\"><\/div>\n\t\t<\/div>\n\t\t\t\t\t\t<\/div>\n\t\t\t\t<\/div>\n\t\t\t\t\t<\/div>\n\t\t<\/div>\n\t\t\t\t\t<\/div>\n\t\t<\/section>\n\t\t\t\t<section class=\"elementor-section elementor-top-section elementor-element elementor-element-b535c27 elementor-section-boxed elementor-section-height-default elementor-section-height-default jltma-glass-effect-no\" data-id=\"b535c27\" data-element_type=\"section\">\n\t\t\t\t\t\t<div class=\"elementor-container elementor-column-gap-default\">\n\t\t\t\t\t<div class=\"elementor-column elementor-col-100 elementor-top-column elementor-element elementor-element-a455d43 jltma-glass-effect-no\" data-id=\"a455d43\" data-element_type=\"column\">\n\t\t\t<div class=\"elementor-widget-wrap elementor-element-populated\">\n\t\t\t\t\t\t<div class=\"elementor-element elementor-element-a28904a jltma-glass-effect-no elementor-widget elementor-widget-text-editor\" data-id=\"a28904a\" data-element_type=\"widget\" data-widget_type=\"text-editor.default\">\n\t\t\t\t<div class=\"elementor-widget-container\">\n\t\t\t\t\t\t\t\t\t<p>Para abrir una puerta de forma remota, se necesitan ciertos elementos y herramientas dependiendo del tipo de cerradura y sistema de seguridad instalado. En general, existen dos m\u00e9todos principales para abrir una puerta de forma remota:<\/p><ol><li><p>Usando un dispositivo de apertura remota: Este m\u00e9todo implica el uso de un dispositivo remoto como un control remoto, una llave electr\u00f3nica o una aplicaci\u00f3n m\u00f3vil para abrir la cerradura de la puerta. El dispositivo de apertura remota env\u00eda una se\u00f1al a la cerradura electr\u00f3nica de la puerta para desbloquearla y permitir el acceso. Algunas cerraduras electr\u00f3nicas tambi\u00e9n pueden estar programadas para recibir se\u00f1ales de control remoto a trav\u00e9s de internet o redes inal\u00e1mbricas, lo que permite abrir la puerta desde cualquier parte del mundo.<\/p><\/li><li><p>Usando una cerradura inteligente: Las cerraduras inteligentes son cerraduras electr\u00f3nicas que se pueden controlar de forma remota a trav\u00e9s de internet o redes inal\u00e1mbricas. Estas cerraduras se pueden programar para permitir el acceso remoto a trav\u00e9s de aplicaciones m\u00f3viles, c\u00f3digos de acceso o incluso mediante comandos de voz. Para abrir la puerta de forma remota usando una cerradura inteligente, se necesitar\u00e1 una conexi\u00f3n estable a internet y una cuenta activa en la aplicaci\u00f3n m\u00f3vil de la cerradura inteligente.<\/p><\/li><\/ol><p>En cualquier caso, es importante asegurarse de que la cerradura de la puerta sea compatible con el m\u00e9todo de apertura remota que se est\u00e1 utilizando. Tambi\u00e9n es importante tomar medidas de seguridad para evitar el acceso no autorizado a la puerta, como la configuraci\u00f3n de contrase\u00f1as seguras y la protecci\u00f3n de los dispositivos remotos de apertura contra el robo o la p\u00e9rdida.<\/p>\t\t\t\t\t\t\t\t<\/div>\n\t\t\t\t<\/div>\n\t\t\t\t\t<\/div>\n\t\t<\/div>\n\t\t\t\t\t<\/div>\n\t\t<\/section>\n\t\t\t\t<section class=\"elementor-section elementor-top-section elementor-element elementor-element-a204e01 elementor-section-boxed elementor-section-height-default elementor-section-height-default jltma-glass-effect-no\" data-id=\"a204e01\" data-element_type=\"section\">\n\t\t\t\t\t\t<div class=\"elementor-container elementor-column-gap-default\">\n\t\t\t\t\t<div class=\"elementor-column elementor-col-100 elementor-top-column elementor-element elementor-element-1f8fd4a jltma-glass-effect-no\" data-id=\"1f8fd4a\" data-element_type=\"column\">\n\t\t\t<div class=\"elementor-widget-wrap elementor-element-populated\">\n\t\t\t\t\t\t<div class=\"elementor-element elementor-element-3364392 jltma-glass-effect-no elementor-widget elementor-widget-spacer\" data-id=\"3364392\" data-element_type=\"widget\" data-widget_type=\"spacer.default\">\n\t\t\t\t<div class=\"elementor-widget-container\">\n\t\t\t\t\t\t\t<div class=\"elementor-spacer\">\n\t\t\t<div class=\"elementor-spacer-inner\"><\/div>\n\t\t<\/div>\n\t\t\t\t\t\t<\/div>\n\t\t\t\t<\/div>\n\t\t\t\t\t<\/div>\n\t\t<\/div>\n\t\t\t\t\t<\/div>\n\t\t<\/section>\n\t\t\t\t<section class=\"elementor-section elementor-top-section elementor-element elementor-element-d0b3aa7 elementor-section-boxed elementor-section-height-default elementor-section-height-default jltma-glass-effect-no\" data-id=\"d0b3aa7\" data-element_type=\"section\">\n\t\t\t\t\t\t<div class=\"elementor-container elementor-column-gap-default\">\n\t\t\t\t\t<div class=\"elementor-column elementor-col-33 elementor-top-column elementor-element elementor-element-d36a8a6 jltma-glass-effect-no\" data-id=\"d36a8a6\" data-element_type=\"column\">\n\t\t\t<div class=\"elementor-widget-wrap elementor-element-populated\">\n\t\t\t\t\t\t<div class=\"elementor-element elementor-element-d812543 jltma-glass-effect-no elementor-widget elementor-widget-video\" data-id=\"d812543\" data-element_type=\"widget\" data-settings=\"{&quot;youtube_url&quot;:&quot;https:\\\/\\\/youtu.be\\\/zh0l-rP14XY&quot;,&quot;yt_privacy&quot;:&quot;yes&quot;,&quot;video_type&quot;:&quot;youtube&quot;}\" data-widget_type=\"video.default\">\n\t\t\t\t<div class=\"elementor-widget-container\">\n\t\t\t\t\t\t\t<div class=\"elementor-wrapper elementor-open-inline\">\n\t\t\t<div class=\"elementor-video\"><\/div>\t\t<\/div>\n\t\t\t\t\t\t<\/div>\n\t\t\t\t<\/div>\n\t\t\t\t\t<\/div>\n\t\t<\/div>\n\t\t\t\t<div class=\"elementor-column elementor-col-33 elementor-top-column elementor-element elementor-element-703cbf8 jltma-glass-effect-no\" data-id=\"703cbf8\" data-element_type=\"column\">\n\t\t\t<div class=\"elementor-widget-wrap elementor-element-populated\">\n\t\t\t\t\t\t<div class=\"elementor-element elementor-element-6f3bf8d jltma-glass-effect-no elementor-widget elementor-widget-video\" data-id=\"6f3bf8d\" data-element_type=\"widget\" data-settings=\"{&quot;youtube_url&quot;:&quot;https:\\\/\\\/youtu.be\\\/91nABuXGiJY&quot;,&quot;yt_privacy&quot;:&quot;yes&quot;,&quot;video_type&quot;:&quot;youtube&quot;}\" data-widget_type=\"video.default\">\n\t\t\t\t<div class=\"elementor-widget-container\">\n\t\t\t\t\t\t\t<div class=\"elementor-wrapper elementor-open-inline\">\n\t\t\t<div class=\"elementor-video\"><\/div>\t\t<\/div>\n\t\t\t\t\t\t<\/div>\n\t\t\t\t<\/div>\n\t\t\t\t\t<\/div>\n\t\t<\/div>\n\t\t\t\t<div class=\"elementor-column elementor-col-33 elementor-top-column elementor-element elementor-element-71d8e0a jltma-glass-effect-no\" data-id=\"71d8e0a\" data-element_type=\"column\">\n\t\t\t<div class=\"elementor-widget-wrap elementor-element-populated\">\n\t\t\t\t\t\t<div class=\"elementor-element elementor-element-c417264 jltma-glass-effect-no elementor-widget elementor-widget-video\" data-id=\"c417264\" data-element_type=\"widget\" data-settings=\"{&quot;youtube_url&quot;:&quot;https:\\\/\\\/youtu.be\\\/gCb-RNohe-g&quot;,&quot;yt_privacy&quot;:&quot;yes&quot;,&quot;video_type&quot;:&quot;youtube&quot;}\" data-widget_type=\"video.default\">\n\t\t\t\t<div class=\"elementor-widget-container\">\n\t\t\t\t\t\t\t<div class=\"elementor-wrapper elementor-open-inline\">\n\t\t\t<div class=\"elementor-video\"><\/div>\t\t<\/div>\n\t\t\t\t\t\t<\/div>\n\t\t\t\t<\/div>\n\t\t\t\t\t<\/div>\n\t\t<\/div>\n\t\t\t\t\t<\/div>\n\t\t<\/section>\n\t\t\t\t<\/div>\n\t\t","protected":false},"excerpt":{"rendered":"<p>La tecnolog\u00eda avanza y la seguridad va de la mano Abrir tu puerta desde cualquier parte te ahorra mucho tiempo adem\u00e1s agilizas las tareas dirias de mantenimiento de tu hogar. Para abrir una puerta de forma remota, se necesitan ciertos elementos y herramientas dependiendo del tipo de cerradura y sistema de seguridad instalado. En general, [&hellip;]<\/p>\n","protected":false},"author":1,"featured_media":0,"parent":0,"menu_order":0,"comment_status":"closed","ping_status":"closed","template":"elementor_header_footer","meta":{"footnotes":""},"class_list":["post-1537","page","type-page","status-publish","hentry"],"_links":{"self":[{"href":"https:\/\/servisistemas.com.co\/control-de-acceso\/wp-json\/wp\/v2\/pages\/1537","targetHints":{"allow":["GET"]}}],"collection":[{"href":"https:\/\/servisistemas.com.co\/control-de-acceso\/wp-json\/wp\/v2\/pages"}],"about":[{"href":"https:\/\/servisistemas.com.co\/control-de-acceso\/wp-json\/wp\/v2\/types\/page"}],"author":[{"embeddable":true,"href":"https:\/\/servisistemas.com.co\/control-de-acceso\/wp-json\/wp\/v2\/users\/1"}],"replies":[{"embeddable":true,"href":"https:\/\/servisistemas.com.co\/control-de-acceso\/wp-json\/wp\/v2\/comments?post=1537"}],"version-history":[{"count":13,"href":"https:\/\/servisistemas.com.co\/control-de-acceso\/wp-json\/wp\/v2\/pages\/1537\/revisions"}],"predecessor-version":[{"id":2352,"href":"https:\/\/servisistemas.com.co\/control-de-acceso\/wp-json\/wp\/v2\/pages\/1537\/revisions\/2352"}],"wp:attachment":[{"href":"https:\/\/servisistemas.com.co\/control-de-acceso\/wp-json\/wp\/v2\/media?parent=1537"}],"curies":[{"name":"wp","href":"https:\/\/api.w.org\/{rel}","templated":true}]}}