{"id":1720,"date":"2023-04-07T12:44:58","date_gmt":"2023-04-07T17:44:58","guid":{"rendered":"https:\/\/servisistemas.com.co\/control-de-acceso\/?page_id=1720"},"modified":"2023-04-07T12:58:25","modified_gmt":"2023-04-07T17:58:25","slug":"proyecto-de-control-de-acceso-para-edificio-de-apartamentos","status":"publish","type":"page","link":"https:\/\/servisistemas.com.co\/control-de-acceso\/proyecto-de-control-de-acceso-para-edificio-de-apartamentos\/","title":{"rendered":"Proyecto de Control de Acceso para Edificio de Apartamentos"},"content":{"rendered":"\t\t<div data-elementor-type=\"wp-page\" data-elementor-id=\"1720\" class=\"elementor elementor-1720\" data-elementor-post-type=\"page\">\n\t\t\t\t\t\t<section class=\"elementor-section elementor-top-section elementor-element elementor-element-f0352cd elementor-section-boxed elementor-section-height-default elementor-section-height-default jltma-glass-effect-no\" data-id=\"f0352cd\" data-element_type=\"section\">\n\t\t\t\t\t\t<div class=\"elementor-container elementor-column-gap-default\">\n\t\t\t\t\t<div class=\"elementor-column elementor-col-100 elementor-top-column elementor-element elementor-element-5b80a76 jltma-glass-effect-no\" data-id=\"5b80a76\" data-element_type=\"column\">\n\t\t\t<div class=\"elementor-widget-wrap elementor-element-populated\">\n\t\t\t\t\t\t<div class=\"elementor-element elementor-element-de1d6ed jltma-glass-effect-no elementor-widget elementor-widget-heading\" data-id=\"de1d6ed\" data-element_type=\"widget\" data-widget_type=\"heading.default\">\n\t\t\t\t<div class=\"elementor-widget-container\">\n\t\t\t\t\t<h1 class=\"elementor-heading-title elementor-size-xl\">Control de Acceso para Edificio de Apartamentos<\/h1>\t\t\t\t<\/div>\n\t\t\t\t<\/div>\n\t\t\t\t\t<\/div>\n\t\t<\/div>\n\t\t\t\t\t<\/div>\n\t\t<\/section>\n\t\t\t\t<section class=\"elementor-section elementor-top-section elementor-element elementor-element-53b940c elementor-section-boxed elementor-section-height-default elementor-section-height-default jltma-glass-effect-no\" data-id=\"53b940c\" data-element_type=\"section\">\n\t\t\t\t\t\t<div class=\"elementor-container elementor-column-gap-default\">\n\t\t\t\t\t<div class=\"elementor-column elementor-col-100 elementor-top-column elementor-element elementor-element-cbb57a8 jltma-glass-effect-no\" data-id=\"cbb57a8\" data-element_type=\"column\">\n\t\t\t<div class=\"elementor-widget-wrap elementor-element-populated\">\n\t\t\t\t\t\t<div class=\"elementor-element elementor-element-b7da307 jltma-glass-effect-no elementor-widget elementor-widget-text-editor\" data-id=\"b7da307\" data-element_type=\"widget\" data-widget_type=\"text-editor.default\">\n\t\t\t\t<div class=\"elementor-widget-container\">\n\t\t\t\t\t\t\t\t\t<p><span style=\"font-size:20px\"><b>Objetivo:<\/b> Implementar un sistema de control de acceso seguro y eficiente para un edificio de apartamentos con el fin de garantizar la seguridad de los residentes y prevenir la entrada no autorizada.<\/span><\/p>\n<p><span style=\"font-size:20px\">Descripci\u00f3n del sistema: El sistema de control de acceso consiste en un conjunto de dispositivos electr\u00f3nicos que permiten la entrada y salida de los residentes y visitantes autorizados al edificio. Los dispositivos estan interconectados a trav\u00e9s de una red de comunicaci\u00f3n y son controlados por un software centralizado.<\/span><\/p>\n<p><span style=\"font-size:20px\">C<b>omponentes del sistema:<\/b><\/span><\/p>\n<ul>\n<li>\n<p><span style=\"font-size:20px\"><b>Lector de tarjetas de proximidad:<\/b> Los residentes reciben&nbsp;tarjetas de proximidad, tag de proximidad&nbsp;que podr\u00e1n utilizar para acceder al edificio. Los lectores de tarjetas estar\u00e1n ubicados en las entradas principales del edificio.<\/span><\/p>\n<\/li>\n<li>\n<p><span style=\"font-size:20px\"><b>C\u00e1mara de seguridad:<\/b> Una c\u00e1mara de seguridad en la entrada principal del edificio para registrar las entradas y salidas de los residentes y visitantes autorizados.<\/span><\/p>\n<\/li>\n<li>\n<p><span style=\"font-size:20px\"><b>Software de control:<\/b> Un software centralizado es&nbsp;utilizado para gestionar los lectores de tarjetas y las c\u00e1maras de seguridad. El software mantiene&nbsp;una base de datos de los residentes y visitantes autorizados y permite&nbsp;la asignaci\u00f3n de permisos de acceso.<\/span><\/p>\n<\/li>\n<li>\n<p><span style=\"font-size:20px\"><b>Alarma:<\/b> En caso de intento de entrada no autorizada, una alarma sonar\u00e1 y el personal de seguridad es alertado.<\/span><\/p>\n<\/li>\n<\/ul>\n<p><span style=\"font-size:20px\">I<b>mplementaci\u00f3n:<\/b> El sistema es implementado por un equipo de t\u00e9cnicos especializados en control de acceso y seguridad electr\u00f3nica. La instalaci\u00f3n se lleva a cabo en fases y se coordina con los residentes para minimizar las interrupciones en su vida diaria.<\/span><\/p>\n<p><span style=\"font-size:20px\"><b>Beneficios:<\/b><\/span><\/p>\n<ul>\n<li><span style=\"font-size:20px\">Mejora de la seguridad del edificio y sus residentes.<\/span><\/li>\n<li><span style=\"font-size:20px\">Prevenci\u00f3n de entradas no autorizadas.<\/span><\/li>\n<li><span style=\"font-size:20px\">Mayor control sobre el acceso al edificio.<\/span><\/li>\n<li><span style=\"font-size:20px\">Registro de entradas y salidas de residentes y visitantes autorizados.<\/span><\/li>\n<li><span style=\"font-size:20px\">Facilidad de gesti\u00f3n del sistema a trav\u00e9s del software centralizado.<\/span><\/li>\n<\/ul>\n<p><span style=\"font-size:20px\">C<b>onclusi\u00f3n:<\/b> La implementaci\u00f3n de un sistema de control de acceso permite la gesti\u00f3n eficiente y efectiva del acceso al edificio y ayudar\u00e1 a prevenir entradas no autorizadas.<\/span><\/p>\t\t\t\t\t\t\t\t<\/div>\n\t\t\t\t<\/div>\n\t\t\t\t\t<\/div>\n\t\t<\/div>\n\t\t\t\t\t<\/div>\n\t\t<\/section>\n\t\t\t\t<section class=\"elementor-section elementor-top-section elementor-element elementor-element-b45a09d elementor-section-boxed elementor-section-height-default elementor-section-height-default jltma-glass-effect-no\" data-id=\"b45a09d\" data-element_type=\"section\">\n\t\t\t\t\t\t<div class=\"elementor-container elementor-column-gap-default\">\n\t\t\t\t\t<div class=\"elementor-column elementor-col-100 elementor-top-column elementor-element elementor-element-9893e53 jltma-glass-effect-no\" data-id=\"9893e53\" data-element_type=\"column\">\n\t\t\t<div class=\"elementor-widget-wrap elementor-element-populated\">\n\t\t\t\t\t\t<div class=\"elementor-element elementor-element-5841613 jltma-glass-effect-no elementor-widget elementor-widget-spacer\" data-id=\"5841613\" data-element_type=\"widget\" data-widget_type=\"spacer.default\">\n\t\t\t\t<div class=\"elementor-widget-container\">\n\t\t\t\t\t\t\t<div class=\"elementor-spacer\">\n\t\t\t<div class=\"elementor-spacer-inner\"><\/div>\n\t\t<\/div>\n\t\t\t\t\t\t<\/div>\n\t\t\t\t<\/div>\n\t\t\t\t\t<\/div>\n\t\t<\/div>\n\t\t\t\t\t<\/div>\n\t\t<\/section>\n\t\t\t\t<section class=\"elementor-section elementor-top-section elementor-element elementor-element-bec9812 elementor-section-boxed elementor-section-height-default elementor-section-height-default jltma-glass-effect-no\" data-id=\"bec9812\" data-element_type=\"section\">\n\t\t\t\t\t\t<div class=\"elementor-container elementor-column-gap-default\">\n\t\t\t\t\t<div class=\"elementor-column elementor-col-50 elementor-top-column elementor-element elementor-element-0789641 jltma-glass-effect-no\" data-id=\"0789641\" data-element_type=\"column\">\n\t\t\t<div class=\"elementor-widget-wrap elementor-element-populated\">\n\t\t\t\t\t\t<div class=\"elementor-element elementor-element-edb1eea jltma-glass-effect-no elementor-widget elementor-widget-text-editor\" data-id=\"edb1eea\" data-element_type=\"widget\" data-widget_type=\"text-editor.default\">\n\t\t\t\t<div class=\"elementor-widget-container\">\n\t\t\t\t\t\t\t\t\t<h2 style=\"text-align: center;\">Necesitas servicios para control de acceso<\/h2><div><h2 style=\"text-align: center;\">Cont\u00e1ctanos ahora<\/h2><\/div><h6 style=\"text-align: center;\">Comprometidos con el cumplimiento y RAPIDEZ<\/h6>\t\t\t\t\t\t\t\t<\/div>\n\t\t\t\t<\/div>\n\t\t\t\t\t<\/div>\n\t\t<\/div>\n\t\t\t\t<div class=\"elementor-column elementor-col-50 elementor-top-column elementor-element elementor-element-5134d57 jltma-glass-effect-no\" data-id=\"5134d57\" data-element_type=\"column\">\n\t\t\t<div class=\"elementor-widget-wrap elementor-element-populated\">\n\t\t\t\t\t\t<section class=\"elementor-section elementor-inner-section elementor-element elementor-element-e0d420b elementor-section-boxed elementor-section-height-default elementor-section-height-default jltma-glass-effect-no\" data-id=\"e0d420b\" data-element_type=\"section\">\n\t\t\t\t\t\t<div class=\"elementor-container elementor-column-gap-default\">\n\t\t\t\t\t<div class=\"elementor-column elementor-col-100 elementor-inner-column elementor-element elementor-element-0effc77 jltma-glass-effect-no\" data-id=\"0effc77\" data-element_type=\"column\">\n\t\t\t<div class=\"elementor-widget-wrap elementor-element-populated\">\n\t\t\t\t\t\t<div class=\"elementor-element elementor-element-4865734 jltma-glass-effect-no elementor-widget elementor-widget-heading\" data-id=\"4865734\" data-element_type=\"widget\" data-widget_type=\"heading.default\">\n\t\t\t\t<div class=\"elementor-widget-container\">\n\t\t\t\t\t<div class=\"elementor-heading-title elementor-size-default\">Formulario de contacto<\/div>\t\t\t\t<\/div>\n\t\t\t\t<\/div>\n\t\t\t\t\t<\/div>\n\t\t<\/div>\n\t\t\t\t\t<\/div>\n\t\t<\/section>\n\t\t\t\t<div class=\"elementor-element elementor-element-88dc6b9 jltma-glass-effect-no elementor-widget elementor-widget-html\" data-id=\"88dc6b9\" data-element_type=\"widget\" data-widget_type=\"html.default\">\n\t\t\t\t<div class=\"elementor-widget-container\">\n\t\t\t\t\t<div class='lepopup-inline' data-slug='FORM-CONTROL-ACCESO'><\/div>\t\t\t\t<\/div>\n\t\t\t\t<\/div>\n\t\t\t\t\t<\/div>\n\t\t<\/div>\n\t\t\t\t\t<\/div>\n\t\t<\/section>\n\t\t\t\t<\/div>\n\t\t","protected":false},"excerpt":{"rendered":"<p>Control de Acceso para Edificio de Apartamentos Objetivo: Implementar un sistema de control de acceso seguro y eficiente para un edificio de apartamentos con el fin de garantizar la seguridad de los residentes y prevenir la entrada no autorizada. Descripci\u00f3n del sistema: El sistema de control de acceso consiste en un conjunto de dispositivos electr\u00f3nicos [&hellip;]<\/p>\n","protected":false},"author":1,"featured_media":0,"parent":0,"menu_order":0,"comment_status":"closed","ping_status":"closed","template":"elementor_header_footer","meta":{"footnotes":""},"class_list":["post-1720","page","type-page","status-publish","hentry"],"_links":{"self":[{"href":"https:\/\/servisistemas.com.co\/control-de-acceso\/wp-json\/wp\/v2\/pages\/1720","targetHints":{"allow":["GET"]}}],"collection":[{"href":"https:\/\/servisistemas.com.co\/control-de-acceso\/wp-json\/wp\/v2\/pages"}],"about":[{"href":"https:\/\/servisistemas.com.co\/control-de-acceso\/wp-json\/wp\/v2\/types\/page"}],"author":[{"embeddable":true,"href":"https:\/\/servisistemas.com.co\/control-de-acceso\/wp-json\/wp\/v2\/users\/1"}],"replies":[{"embeddable":true,"href":"https:\/\/servisistemas.com.co\/control-de-acceso\/wp-json\/wp\/v2\/comments?post=1720"}],"version-history":[{"count":10,"href":"https:\/\/servisistemas.com.co\/control-de-acceso\/wp-json\/wp\/v2\/pages\/1720\/revisions"}],"predecessor-version":[{"id":1734,"href":"https:\/\/servisistemas.com.co\/control-de-acceso\/wp-json\/wp\/v2\/pages\/1720\/revisions\/1734"}],"wp:attachment":[{"href":"https:\/\/servisistemas.com.co\/control-de-acceso\/wp-json\/wp\/v2\/media?parent=1720"}],"curies":[{"name":"wp","href":"https:\/\/api.w.org\/{rel}","templated":true}]}}