{"id":2582,"date":"2023-08-17T06:48:57","date_gmt":"2023-08-17T11:48:57","guid":{"rendered":"https:\/\/servisistemas.com.co\/control-de-acceso\/?page_id=2582"},"modified":"2023-08-17T07:42:20","modified_gmt":"2023-08-17T12:42:20","slug":"servicio-tecnico-para-puertas","status":"publish","type":"page","link":"https:\/\/servisistemas.com.co\/control-de-acceso\/servicio-tecnico-para-puertas\/","title":{"rendered":"Servicio t\u00e9cnico para puertas"},"content":{"rendered":"\t\t<div data-elementor-type=\"wp-page\" data-elementor-id=\"2582\" class=\"elementor elementor-2582\" data-elementor-post-type=\"page\">\n\t\t\t\t\t\t<section class=\"elementor-section elementor-top-section elementor-element elementor-element-b59d9c8 elementor-section-boxed elementor-section-height-default elementor-section-height-default jltma-glass-effect-no\" data-id=\"b59d9c8\" data-element_type=\"section\">\n\t\t\t\t\t\t<div class=\"elementor-container elementor-column-gap-default\">\n\t\t\t\t\t<div class=\"elementor-column elementor-col-100 elementor-top-column elementor-element elementor-element-0b9c171 jltma-glass-effect-no\" data-id=\"0b9c171\" data-element_type=\"column\">\n\t\t\t<div class=\"elementor-widget-wrap elementor-element-populated\">\n\t\t\t\t\t\t<div class=\"elementor-element elementor-element-0ad05d0 jltma-glass-effect-no elementor-widget elementor-widget-heading\" data-id=\"0ad05d0\" data-element_type=\"widget\" data-widget_type=\"heading.default\">\n\t\t\t\t<div class=\"elementor-widget-container\">\n\t\t\t\t\t<h1 class=\"elementor-heading-title elementor-size-xl\">\u00bfPuertas que se resisten a abrirse?<\/h1>\t\t\t\t<\/div>\n\t\t\t\t<\/div>\n\t\t\t\t\t<\/div>\n\t\t<\/div>\n\t\t\t\t\t<\/div>\n\t\t<\/section>\n\t\t\t\t<section class=\"elementor-section elementor-top-section elementor-element elementor-element-0b5a337 elementor-section-boxed elementor-section-height-default elementor-section-height-default jltma-glass-effect-no\" data-id=\"0b5a337\" data-element_type=\"section\">\n\t\t\t\t\t\t<div class=\"elementor-container elementor-column-gap-default\">\n\t\t\t\t\t<div class=\"elementor-column elementor-col-100 elementor-top-column elementor-element elementor-element-d76343a jltma-glass-effect-no\" data-id=\"d76343a\" data-element_type=\"column\">\n\t\t\t<div class=\"elementor-widget-wrap elementor-element-populated\">\n\t\t\t\t\t\t<div class=\"elementor-element elementor-element-2f5808f jltma-glass-effect-no elementor-widget elementor-widget-heading\" data-id=\"2f5808f\" data-element_type=\"widget\" data-widget_type=\"heading.default\">\n\t\t\t\t<div class=\"elementor-widget-container\">\n\t\t\t\t\t<h2 class=\"elementor-heading-title elementor-size-large\">Servicio t\u00e9cnico para puertas con sistema de control de acceso <\/h2>\t\t\t\t<\/div>\n\t\t\t\t<\/div>\n\t\t\t\t\t<\/div>\n\t\t<\/div>\n\t\t\t\t\t<\/div>\n\t\t<\/section>\n\t\t\t\t<section class=\"elementor-section elementor-top-section elementor-element elementor-element-b6c49da elementor-section-boxed elementor-section-height-default elementor-section-height-default jltma-glass-effect-no\" data-id=\"b6c49da\" data-element_type=\"section\">\n\t\t\t\t\t\t<div class=\"elementor-container elementor-column-gap-default\">\n\t\t\t\t\t<div class=\"elementor-column elementor-col-25 elementor-top-column elementor-element elementor-element-a25b442 jltma-glass-effect-no\" data-id=\"a25b442\" data-element_type=\"column\">\n\t\t\t<div class=\"elementor-widget-wrap elementor-element-populated\">\n\t\t\t\t\t\t<div class=\"elementor-element elementor-element-bca3109 jltma-glass-effect-no elementor-widget elementor-widget-video\" data-id=\"bca3109\" data-element_type=\"widget\" data-settings=\"{&quot;youtube_url&quot;:&quot;https:\\\/\\\/youtu.be\\\/YswvW56XAMo&quot;,&quot;yt_privacy&quot;:&quot;yes&quot;,&quot;video_type&quot;:&quot;youtube&quot;}\" data-widget_type=\"video.default\">\n\t\t\t\t<div class=\"elementor-widget-container\">\n\t\t\t\t\t\t\t<div class=\"elementor-wrapper elementor-open-inline\">\n\t\t\t<div class=\"elementor-video\"><\/div>\t\t<\/div>\n\t\t\t\t\t\t<\/div>\n\t\t\t\t<\/div>\n\t\t\t\t\t<\/div>\n\t\t<\/div>\n\t\t\t\t<div class=\"elementor-column elementor-col-25 elementor-top-column elementor-element elementor-element-5d3762b jltma-glass-effect-no\" data-id=\"5d3762b\" data-element_type=\"column\">\n\t\t\t<div class=\"elementor-widget-wrap elementor-element-populated\">\n\t\t\t\t\t\t<div class=\"elementor-element elementor-element-9b6e200 jltma-glass-effect-no elementor-widget elementor-widget-video\" data-id=\"9b6e200\" data-element_type=\"widget\" data-settings=\"{&quot;youtube_url&quot;:&quot;https:\\\/\\\/youtu.be\\\/oHG0k3lp4zQ&quot;,&quot;yt_privacy&quot;:&quot;yes&quot;,&quot;video_type&quot;:&quot;youtube&quot;}\" data-widget_type=\"video.default\">\n\t\t\t\t<div class=\"elementor-widget-container\">\n\t\t\t\t\t\t\t<div class=\"elementor-wrapper elementor-open-inline\">\n\t\t\t<div class=\"elementor-video\"><\/div>\t\t<\/div>\n\t\t\t\t\t\t<\/div>\n\t\t\t\t<\/div>\n\t\t\t\t\t<\/div>\n\t\t<\/div>\n\t\t\t\t<div class=\"elementor-column elementor-col-25 elementor-top-column elementor-element elementor-element-84421c5 jltma-glass-effect-no\" data-id=\"84421c5\" data-element_type=\"column\">\n\t\t\t<div class=\"elementor-widget-wrap elementor-element-populated\">\n\t\t\t\t\t\t<div class=\"elementor-element elementor-element-c749501 jltma-glass-effect-no elementor-widget elementor-widget-video\" data-id=\"c749501\" data-element_type=\"widget\" data-settings=\"{&quot;youtube_url&quot;:&quot;https:\\\/\\\/youtu.be\\\/GLUNJc2V5xo&quot;,&quot;yt_privacy&quot;:&quot;yes&quot;,&quot;video_type&quot;:&quot;youtube&quot;}\" data-widget_type=\"video.default\">\n\t\t\t\t<div class=\"elementor-widget-container\">\n\t\t\t\t\t\t\t<div class=\"elementor-wrapper elementor-open-inline\">\n\t\t\t<div class=\"elementor-video\"><\/div>\t\t<\/div>\n\t\t\t\t\t\t<\/div>\n\t\t\t\t<\/div>\n\t\t\t\t\t<\/div>\n\t\t<\/div>\n\t\t\t\t<div class=\"elementor-column elementor-col-25 elementor-top-column elementor-element elementor-element-3fac30f jltma-glass-effect-no\" data-id=\"3fac30f\" data-element_type=\"column\">\n\t\t\t<div class=\"elementor-widget-wrap elementor-element-populated\">\n\t\t\t\t\t\t<div class=\"elementor-element elementor-element-e598ec4 jltma-glass-effect-no elementor-widget elementor-widget-video\" data-id=\"e598ec4\" data-element_type=\"widget\" data-settings=\"{&quot;youtube_url&quot;:&quot;https:\\\/\\\/www.youtube.com\\\/watch?v=yK0KgKVwwQQ&quot;,&quot;yt_privacy&quot;:&quot;yes&quot;,&quot;video_type&quot;:&quot;youtube&quot;}\" data-widget_type=\"video.default\">\n\t\t\t\t<div class=\"elementor-widget-container\">\n\t\t\t\t\t\t\t<div class=\"elementor-wrapper elementor-open-inline\">\n\t\t\t<div class=\"elementor-video\"><\/div>\t\t<\/div>\n\t\t\t\t\t\t<\/div>\n\t\t\t\t<\/div>\n\t\t\t\t\t<\/div>\n\t\t<\/div>\n\t\t\t\t\t<\/div>\n\t\t<\/section>\n\t\t\t\t<section class=\"elementor-section elementor-top-section elementor-element elementor-element-a793de8 elementor-section-boxed elementor-section-height-default elementor-section-height-default jltma-glass-effect-no\" data-id=\"a793de8\" data-element_type=\"section\">\n\t\t\t\t\t\t<div class=\"elementor-container elementor-column-gap-default\">\n\t\t\t\t\t<div class=\"elementor-column elementor-col-100 elementor-top-column elementor-element elementor-element-c671223 jltma-glass-effect-no\" data-id=\"c671223\" data-element_type=\"column\">\n\t\t\t<div class=\"elementor-widget-wrap elementor-element-populated\">\n\t\t\t\t\t\t<div class=\"elementor-element elementor-element-423fee4 jltma-glass-effect-no elementor-widget elementor-widget-text-editor\" data-id=\"423fee4\" data-element_type=\"widget\" data-widget_type=\"text-editor.default\">\n\t\t\t\t<div class=\"elementor-widget-container\">\n\t\t\t\t\t\t\t\t\t<p style=\"text-align: center;\"><span style=\"font-size: 24px;\">\u00bfTu puerta est\u00e1 atascada, chirriando o simplemente no funciona como deber\u00eda?\u00a0<\/span><\/p><p style=\"text-align: center;\"><span style=\"font-size: 24px;\">\u00a1No te preocupes m\u00e1s! Nuestro equipo de expertos en puertas est\u00e1 aqu\u00ed para brindarte la soluci\u00f3n que necesitas.<\/span><\/p>\t\t\t\t\t\t\t\t<\/div>\n\t\t\t\t<\/div>\n\t\t\t\t<div class=\"elementor-element elementor-element-c2853d0 jltma-glass-effect-no elementor-widget elementor-widget-text-editor\" data-id=\"c2853d0\" data-element_type=\"widget\" data-widget_type=\"text-editor.default\">\n\t\t\t\t<div class=\"elementor-widget-container\">\n\t\t\t\t\t\t\t\t\t<p><span style=\"font-size: 24px;\">Entendemos que las puertas no son solo barreras f\u00edsicas; son portales que conectan tu mundo interior con el exterior.\u00a0<\/span><\/p><p><span style=\"font-size: 24px;\">Ya sea que est\u00e9s en casa, en tu negocio o en cualquier otro lugar, una puerta en perfecto estado es esencial para tu comodidad y seguridad.<\/span><\/p>\t\t\t\t\t\t\t\t<\/div>\n\t\t\t\t<\/div>\n\t\t\t\t\t<\/div>\n\t\t<\/div>\n\t\t\t\t\t<\/div>\n\t\t<\/section>\n\t\t\t\t<section class=\"elementor-section elementor-top-section elementor-element elementor-element-c889c61 elementor-section-boxed elementor-section-height-default elementor-section-height-default jltma-glass-effect-no\" data-id=\"c889c61\" data-element_type=\"section\">\n\t\t\t\t\t\t<div class=\"elementor-container elementor-column-gap-default\">\n\t\t\t\t\t<div class=\"elementor-column elementor-col-100 elementor-top-column elementor-element elementor-element-4230669 jltma-glass-effect-no\" data-id=\"4230669\" data-element_type=\"column\">\n\t\t\t<div class=\"elementor-widget-wrap elementor-element-populated\">\n\t\t\t\t\t\t<div class=\"elementor-element elementor-element-6e84159 jltma-glass-effect-no elementor-widget elementor-widget-video\" data-id=\"6e84159\" data-element_type=\"widget\" data-settings=\"{&quot;youtube_url&quot;:&quot;https:\\\/\\\/youtu.be\\\/QhNpd9SbdeM&quot;,&quot;yt_privacy&quot;:&quot;yes&quot;,&quot;video_type&quot;:&quot;youtube&quot;}\" data-widget_type=\"video.default\">\n\t\t\t\t<div class=\"elementor-widget-container\">\n\t\t\t\t\t\t\t<div class=\"elementor-wrapper elementor-open-inline\">\n\t\t\t<div class=\"elementor-video\"><\/div>\t\t<\/div>\n\t\t\t\t\t\t<\/div>\n\t\t\t\t<\/div>\n\t\t\t\t\t<\/div>\n\t\t<\/div>\n\t\t\t\t\t<\/div>\n\t\t<\/section>\n\t\t\t\t<section class=\"elementor-section elementor-top-section elementor-element elementor-element-09fc2ab elementor-section-boxed elementor-section-height-default elementor-section-height-default jltma-glass-effect-no\" data-id=\"09fc2ab\" data-element_type=\"section\">\n\t\t\t\t\t\t<div class=\"elementor-container elementor-column-gap-default\">\n\t\t\t\t\t<div class=\"elementor-column elementor-col-100 elementor-top-column elementor-element elementor-element-9117b27 jltma-glass-effect-no\" data-id=\"9117b27\" data-element_type=\"column\">\n\t\t\t<div class=\"elementor-widget-wrap elementor-element-populated\">\n\t\t\t\t\t\t<div class=\"elementor-element elementor-element-37681d7 jltma-glass-effect-no elementor-widget elementor-widget-text-editor\" data-id=\"37681d7\" data-element_type=\"widget\" data-widget_type=\"text-editor.default\">\n\t\t\t\t<div class=\"elementor-widget-container\">\n\t\t\t\t\t\t\t\t\t<p><span style=\"font-size:18px\"><strong>Nuestros Servicios:<\/strong><\/span><\/p>\n\n<ol>\n\t<li>\n\t<p><span style=\"font-size:18px\"><strong>Reparaci&oacute;n Profesional:<\/strong> &iquest;Tu puerta no se abre o cierra correctamente? Nuestros t&eacute;cnicos altamente capacitados diagnosticar&aacute;n y solucionar&aacute;n cualquier problema, desde bisagras desgastadas hasta sistemas de cierre defectuosos. &iexcl;Deja que tu puerta vuelva a funcionar como nueva!<\/span><\/p>\n\t<\/li>\n\t<li>\n\t<p><span style=\"font-size:18px\"><strong>Mantenimiento Preventivo:<\/strong> Sabemos que la prevenci&oacute;n es clave. Con nuestro servicio de mantenimiento regular, prolongar&aacute;s la vida &uacute;til de tu puerta y evitar&aacute;s costosas reparaciones futuras. Lubricaci&oacute;n de piezas clave, ajustes precisos y evaluaciones exhaustivas: &iexcl;nos aseguramos de que tu puerta est&eacute; siempre en su mejor forma!<\/span><\/p>\n\t<\/li>\n\t<li>\n\t<p><span style=\"font-size:18px\"><strong>Actualizaciones Modernas:<\/strong> &iquest;Est&aacute;s buscando darle un toque fresco a tu propiedad? Ofrecemos opciones de actualizaci&oacute;n para tu puerta, desde sistemas de automatizaci&oacute;n hasta dise&ntilde;os m&aacute;s modernos. No solo mejoramos la funcionalidad, sino que tambi&eacute;n agregamos un toque de elegancia y eficiencia.<\/span><\/p>\n\t<\/li>\n\t<li>\n\t<p><span style=\"font-size:18px\"><strong>Atenci&oacute;n Personalizada:<\/strong> Entendemos que cada puerta es &uacute;nica y merece un enfoque personalizado. Nuestros t&eacute;cnicos se toman el tiempo para comprender tus necesidades y te ofrecen soluciones adaptadas a tu situaci&oacute;n espec&iacute;fica. Tu satisfacci&oacute;n es nuestra prioridad n&uacute;mero uno.<\/span><\/p>\n\t<\/li>\n<\/ol>\t\t\t\t\t\t\t\t<\/div>\n\t\t\t\t<\/div>\n\t\t\t\t\t<\/div>\n\t\t<\/div>\n\t\t\t\t\t<\/div>\n\t\t<\/section>\n\t\t\t\t<\/div>\n\t\t","protected":false},"excerpt":{"rendered":"<p>\u00bfPuertas que se resisten a abrirse? Servicio t\u00e9cnico para puertas con sistema de control de acceso https:\/\/youtu.be\/YswvW56XAMohttps:\/\/youtu.be\/oHG0k3lp4zQhttps:\/\/youtu.be\/GLUNJc2V5xohttps:\/\/www.youtube.com\/watch?v=yK0KgKVwwQQ \u00bfTu puerta est\u00e1 atascada, chirriando o simplemente no funciona como deber\u00eda?\u00a0 \u00a1No te preocupes m\u00e1s! Nuestro equipo de expertos en puertas est\u00e1 aqu\u00ed para brindarte la soluci\u00f3n que necesitas. Entendemos que las puertas no son solo barreras f\u00edsicas; [&hellip;]<\/p>\n","protected":false},"author":1,"featured_media":0,"parent":0,"menu_order":0,"comment_status":"closed","ping_status":"closed","template":"","meta":{"footnotes":""},"class_list":["post-2582","page","type-page","status-publish","hentry"],"_links":{"self":[{"href":"https:\/\/servisistemas.com.co\/control-de-acceso\/wp-json\/wp\/v2\/pages\/2582","targetHints":{"allow":["GET"]}}],"collection":[{"href":"https:\/\/servisistemas.com.co\/control-de-acceso\/wp-json\/wp\/v2\/pages"}],"about":[{"href":"https:\/\/servisistemas.com.co\/control-de-acceso\/wp-json\/wp\/v2\/types\/page"}],"author":[{"embeddable":true,"href":"https:\/\/servisistemas.com.co\/control-de-acceso\/wp-json\/wp\/v2\/users\/1"}],"replies":[{"embeddable":true,"href":"https:\/\/servisistemas.com.co\/control-de-acceso\/wp-json\/wp\/v2\/comments?post=2582"}],"version-history":[{"count":4,"href":"https:\/\/servisistemas.com.co\/control-de-acceso\/wp-json\/wp\/v2\/pages\/2582\/revisions"}],"predecessor-version":[{"id":2587,"href":"https:\/\/servisistemas.com.co\/control-de-acceso\/wp-json\/wp\/v2\/pages\/2582\/revisions\/2587"}],"wp:attachment":[{"href":"https:\/\/servisistemas.com.co\/control-de-acceso\/wp-json\/wp\/v2\/media?parent=2582"}],"curies":[{"name":"wp","href":"https:\/\/api.w.org\/{rel}","templated":true}]}}