{"id":992,"date":"2023-01-06T21:01:54","date_gmt":"2023-01-07T02:01:54","guid":{"rendered":"https:\/\/servisistemas.com.co\/control-de-acceso\/?page_id=992"},"modified":"2023-02-28T06:39:14","modified_gmt":"2023-02-28T11:39:14","slug":"planificacion-de-un-sistema-de-control-de-acceso","status":"publish","type":"page","link":"https:\/\/servisistemas.com.co\/control-de-acceso\/planificacion-de-un-sistema-de-control-de-acceso\/","title":{"rendered":"Planificaci\u00f3n de un sistema de control de acceso"},"content":{"rendered":"\t\t<div data-elementor-type=\"wp-page\" data-elementor-id=\"992\" class=\"elementor elementor-992\" data-elementor-post-type=\"page\">\n\t\t\t\t\t\t<section class=\"elementor-section elementor-top-section elementor-element elementor-element-274ec6a elementor-section-boxed elementor-section-height-default elementor-section-height-default jltma-glass-effect-no\" data-id=\"274ec6a\" data-element_type=\"section\">\n\t\t\t\t\t\t<div class=\"elementor-container elementor-column-gap-default\">\n\t\t\t\t\t<div class=\"elementor-column elementor-col-100 elementor-top-column elementor-element elementor-element-7007146 jltma-glass-effect-no\" data-id=\"7007146\" data-element_type=\"column\">\n\t\t\t<div class=\"elementor-widget-wrap elementor-element-populated\">\n\t\t\t\t\t\t<div class=\"elementor-element elementor-element-60a44fd jltma-glass-effect-no elementor-widget elementor-widget-heading\" data-id=\"60a44fd\" data-element_type=\"widget\" data-widget_type=\"heading.default\">\n\t\t\t\t<div class=\"elementor-widget-container\">\n\t\t\t\t\t<h1 class=\"elementor-heading-title elementor-size-xl\">La planificaci\u00f3n de un sistema de control de acceso involucra varios pasos importantes, como:<\/h1>\t\t\t\t<\/div>\n\t\t\t\t<\/div>\n\t\t\t\t\t<\/div>\n\t\t<\/div>\n\t\t\t\t\t<\/div>\n\t\t<\/section>\n\t\t\t\t<section class=\"elementor-section elementor-top-section elementor-element elementor-element-08127ef elementor-section-boxed elementor-section-height-default elementor-section-height-default jltma-glass-effect-no\" data-id=\"08127ef\" data-element_type=\"section\">\n\t\t\t\t\t\t<div class=\"elementor-container elementor-column-gap-default\">\n\t\t\t\t\t<div class=\"elementor-column elementor-col-100 elementor-top-column elementor-element elementor-element-8f430bc jltma-glass-effect-no\" data-id=\"8f430bc\" data-element_type=\"column\">\n\t\t\t<div class=\"elementor-widget-wrap elementor-element-populated\">\n\t\t\t\t\t\t<div class=\"elementor-element elementor-element-cc0df58 jltma-glass-effect-no elementor-widget elementor-widget-spacer\" data-id=\"cc0df58\" data-element_type=\"widget\" data-widget_type=\"spacer.default\">\n\t\t\t\t<div class=\"elementor-widget-container\">\n\t\t\t\t\t\t\t<div class=\"elementor-spacer\">\n\t\t\t<div class=\"elementor-spacer-inner\"><\/div>\n\t\t<\/div>\n\t\t\t\t\t\t<\/div>\n\t\t\t\t<\/div>\n\t\t\t\t\t<\/div>\n\t\t<\/div>\n\t\t\t\t\t<\/div>\n\t\t<\/section>\n\t\t\t\t<section class=\"elementor-section elementor-top-section elementor-element elementor-element-41e9135 elementor-section-boxed elementor-section-height-default elementor-section-height-default jltma-glass-effect-no\" data-id=\"41e9135\" data-element_type=\"section\">\n\t\t\t\t\t\t<div class=\"elementor-container elementor-column-gap-default\">\n\t\t\t\t\t<div class=\"elementor-column elementor-col-100 elementor-top-column elementor-element elementor-element-402ac79 jltma-glass-effect-no\" data-id=\"402ac79\" data-element_type=\"column\">\n\t\t\t<div class=\"elementor-widget-wrap elementor-element-populated\">\n\t\t\t\t\t\t<div class=\"elementor-element elementor-element-b2aac29 jltma-glass-effect-no elementor-widget elementor-widget-text-editor\" data-id=\"b2aac29\" data-element_type=\"widget\" data-widget_type=\"text-editor.default\">\n\t\t\t\t<div class=\"elementor-widget-container\">\n\t\t\t\t\t\t\t\t\t<ol><li><p><strong>Identificar los requisitos del sistema:<\/strong> Lo primero que debes hacer es identificar los requisitos del sistema de control de acceso. Esto incluye determinar qu\u00e9 \u00e1reas o recursos necesitan protecci\u00f3n y qui\u00e9nes deben tener acceso a ellos.<\/p><\/li><li><p><strong>Seleccionar el hardware y el software adecuados:<\/strong> Una vez que hayas identificado los requisitos del sistema, debes seleccionar el hardware y el software adecuados para implementar el sistema de control de acceso. Esto puede incluir lectores de tarjetas, c\u00e1maras de vigilancia, software de gesti\u00f3n de acceso y otros componentes.<\/p><\/li><li><p><strong>Dise\u00f1ar el sistema:<\/strong> Luego debes dise\u00f1ar el sistema de control de acceso, incluyendo la ubicaci\u00f3n de los dispositivos y la forma en que estar\u00e1n conectados. Tambi\u00e9n debes definir los procedimientos y pol\u00edticas de acceso para asegurar que el sistema funcione de manera eficiente.<\/p><\/li><li><p><strong>Implementar y probar el sistema:<\/strong> Una vez que hayas dise\u00f1ado el sistema, debes implementarlo y probarlo para asegurar que funciona correctamente. Esto incluye configurar los dispositivos y asegurar que est\u00e1n conectados correctamente, as\u00ed como probar el sistema con usuarios reales para asegurar que el acceso se controla de manera adecuada.<\/p><\/li><li><p><strong>Mantener y actualizar el sistema:<\/strong> Una vez que el sistema est\u00e9 en funcionamiento, debes asegurarte de mantenerlo y actualizarlo de manera regular para garantizar que sigue funcionando de manera eficiente. Esto incluye realizar mantenimiento preventivo, instalar actualizaciones de software y reparar cualquier problema que pueda surgir.<\/p><\/li><\/ol>\t\t\t\t\t\t\t\t<\/div>\n\t\t\t\t<\/div>\n\t\t\t\t\t<\/div>\n\t\t<\/div>\n\t\t\t\t\t<\/div>\n\t\t<\/section>\n\t\t\t\t<section class=\"elementor-section elementor-top-section elementor-element elementor-element-230c2a7 elementor-section-boxed elementor-section-height-default elementor-section-height-default jltma-glass-effect-no\" data-id=\"230c2a7\" data-element_type=\"section\">\n\t\t\t\t\t\t<div class=\"elementor-container elementor-column-gap-default\">\n\t\t\t\t\t<div class=\"elementor-column elementor-col-100 elementor-top-column elementor-element elementor-element-7dc4598 jltma-glass-effect-no\" data-id=\"7dc4598\" data-element_type=\"column\">\n\t\t\t<div class=\"elementor-widget-wrap elementor-element-populated\">\n\t\t\t\t\t\t<div class=\"elementor-element elementor-element-58c1c23 jltma-glass-effect-no elementor-widget elementor-widget-spacer\" data-id=\"58c1c23\" data-element_type=\"widget\" data-widget_type=\"spacer.default\">\n\t\t\t\t<div class=\"elementor-widget-container\">\n\t\t\t\t\t\t\t<div class=\"elementor-spacer\">\n\t\t\t<div class=\"elementor-spacer-inner\"><\/div>\n\t\t<\/div>\n\t\t\t\t\t\t<\/div>\n\t\t\t\t<\/div>\n\t\t\t\t\t<\/div>\n\t\t<\/div>\n\t\t\t\t\t<\/div>\n\t\t<\/section>\n\t\t\t\t<section class=\"elementor-section elementor-top-section elementor-element elementor-element-587aaf9 elementor-section-boxed elementor-section-height-default elementor-section-height-default jltma-glass-effect-no\" data-id=\"587aaf9\" data-element_type=\"section\">\n\t\t\t\t\t\t<div class=\"elementor-container elementor-column-gap-default\">\n\t\t\t\t\t<div class=\"elementor-column elementor-col-100 elementor-top-column elementor-element elementor-element-610b478 jltma-glass-effect-no\" data-id=\"610b478\" data-element_type=\"column\">\n\t\t\t<div class=\"elementor-widget-wrap elementor-element-populated\">\n\t\t\t\t\t\t<div class=\"elementor-element elementor-element-fbd9c38 jltma-glass-effect-no elementor-widget elementor-widget-text-editor\" data-id=\"fbd9c38\" data-element_type=\"widget\" data-widget_type=\"text-editor.default\">\n\t\t\t\t<div class=\"elementor-widget-container\">\n\t\t\t\t\t\t\t\t\t<ul><li><a href=\"https:\/\/servisistemas.com.co\/servicios-tecnologicos\/entrada\/sistema-de-control-de-acceso-.html\"><span style=\"font-size: 18px;\">Instalaci\u00f3n y servicio para sistema de control de acceso<\/span><\/a><\/li><li><span style=\"font-size: 18px;\"><a href=\"https:\/\/servisistemas.com.co\/control-de-acceso\/encuentra-aqui-soluciones-de-control-de-acceso-para-proteger-y-mejorar-la-seguridad\/\">Control de acceso para empresas<\/a><\/span><\/li><li><a href=\"https:\/\/servisistemas.com.co\/servicios-tecnologicos\/entrada\/diferentes-opciones-de-control-de-acceso-para-conjuntos-residenciales-.html\"><span style=\"font-size: 18px;\">Diferentes opciones de control de acceso para conjuntos residenciales<\/span><\/a><\/li><li><span style=\"font-size: 18px;\"><a href=\"https:\/\/servisistemas.com.co\/servicios-tecnologicos\/entrada\/diferentes-opciones-de-control-de-acceso-para-conjuntos-residenciales-.html\">Control de acceso para conjuntos residenciales<\/a><\/span><\/li><li><a href=\"\/control-de-acceso\/planificacion-de-un-sistema-de-control-de-acceso\/\" target=\"_blank\" rel=\"noopener\">Que se necesita para control de acceso<\/a><\/li><\/ul>\t\t\t\t\t\t\t\t<\/div>\n\t\t\t\t<\/div>\n\t\t\t\t\t<\/div>\n\t\t<\/div>\n\t\t\t\t\t<\/div>\n\t\t<\/section>\n\t\t\t\t<section class=\"elementor-section elementor-top-section elementor-element elementor-element-6a50d24 elementor-section-boxed elementor-section-height-default elementor-section-height-default jltma-glass-effect-no\" data-id=\"6a50d24\" data-element_type=\"section\">\n\t\t\t\t\t\t<div class=\"elementor-container elementor-column-gap-default\">\n\t\t\t\t\t<div class=\"elementor-column elementor-col-100 elementor-top-column elementor-element elementor-element-6252903 jltma-glass-effect-no\" data-id=\"6252903\" data-element_type=\"column\">\n\t\t\t<div class=\"elementor-widget-wrap elementor-element-populated\">\n\t\t\t\t\t\t<div class=\"elementor-element elementor-element-0534c41 jltma-glass-effect-no elementor-widget elementor-widget-spacer\" data-id=\"0534c41\" data-element_type=\"widget\" data-widget_type=\"spacer.default\">\n\t\t\t\t<div class=\"elementor-widget-container\">\n\t\t\t\t\t\t\t<div class=\"elementor-spacer\">\n\t\t\t<div class=\"elementor-spacer-inner\"><\/div>\n\t\t<\/div>\n\t\t\t\t\t\t<\/div>\n\t\t\t\t<\/div>\n\t\t\t\t\t<\/div>\n\t\t<\/div>\n\t\t\t\t\t<\/div>\n\t\t<\/section>\n\t\t\t\t<section class=\"elementor-section elementor-top-section elementor-element elementor-element-e1c94bc elementor-section-boxed elementor-section-height-default elementor-section-height-default jltma-glass-effect-no\" data-id=\"e1c94bc\" data-element_type=\"section\">\n\t\t\t\t\t\t<div class=\"elementor-container elementor-column-gap-default\">\n\t\t\t\t\t<div class=\"elementor-column elementor-col-50 elementor-top-column elementor-element elementor-element-36d959f jltma-glass-effect-no\" data-id=\"36d959f\" data-element_type=\"column\">\n\t\t\t<div class=\"elementor-widget-wrap elementor-element-populated\">\n\t\t\t\t\t\t<div class=\"elementor-element elementor-element-76fde34 jltma-glass-effect-no elementor-widget elementor-widget-text-editor\" data-id=\"76fde34\" data-element_type=\"widget\" data-widget_type=\"text-editor.default\">\n\t\t\t\t<div class=\"elementor-widget-container\">\n\t\t\t\t\t\t\t\t\t<h2 style=\"text-align: center;\">Necesitas servicios para control de asistencia<\/h2><div><h2 style=\"text-align: center;\">Cont\u00e1ctanos ahora<\/h2><\/div><h6 style=\"text-align: center;\">Comprometidos con el cumplimiento y RAPIDEZ<\/h6>\t\t\t\t\t\t\t\t<\/div>\n\t\t\t\t<\/div>\n\t\t\t\t\t<\/div>\n\t\t<\/div>\n\t\t\t\t<div class=\"elementor-column elementor-col-50 elementor-top-column elementor-element elementor-element-1afc8cb jltma-glass-effect-no\" data-id=\"1afc8cb\" data-element_type=\"column\">\n\t\t\t<div class=\"elementor-widget-wrap elementor-element-populated\">\n\t\t\t\t\t\t<section class=\"elementor-section elementor-inner-section elementor-element elementor-element-2fb4788 elementor-section-boxed elementor-section-height-default elementor-section-height-default jltma-glass-effect-no\" data-id=\"2fb4788\" data-element_type=\"section\">\n\t\t\t\t\t\t<div class=\"elementor-container elementor-column-gap-default\">\n\t\t\t\t\t<div class=\"elementor-column elementor-col-100 elementor-inner-column elementor-element elementor-element-e46bf1a jltma-glass-effect-no\" data-id=\"e46bf1a\" data-element_type=\"column\">\n\t\t\t<div class=\"elementor-widget-wrap elementor-element-populated\">\n\t\t\t\t\t\t<div class=\"elementor-element elementor-element-f40e907 jltma-glass-effect-no elementor-widget elementor-widget-heading\" data-id=\"f40e907\" data-element_type=\"widget\" data-widget_type=\"heading.default\">\n\t\t\t\t<div class=\"elementor-widget-container\">\n\t\t\t\t\t<div class=\"elementor-heading-title elementor-size-default\">Formulario de contacto<\/div>\t\t\t\t<\/div>\n\t\t\t\t<\/div>\n\t\t\t\t\t<\/div>\n\t\t<\/div>\n\t\t\t\t\t<\/div>\n\t\t<\/section>\n\t\t\t\t<div class=\"elementor-element elementor-element-6d75ecf jltma-glass-effect-no elementor-widget elementor-widget-html\" data-id=\"6d75ecf\" data-element_type=\"widget\" data-widget_type=\"html.default\">\n\t\t\t\t<div class=\"elementor-widget-container\">\n\t\t\t\t\t<div class='lepopup-inline' data-slug='FORM-CONTROL-ACCESO'><\/div>\t\t\t\t<\/div>\n\t\t\t\t<\/div>\n\t\t\t\t\t<\/div>\n\t\t<\/div>\n\t\t\t\t\t<\/div>\n\t\t<\/section>\n\t\t\t\t<\/div>\n\t\t","protected":false},"excerpt":{"rendered":"<p>La planificaci\u00f3n de un sistema de control de acceso involucra varios pasos importantes, como: Identificar los requisitos del sistema: Lo primero que debes hacer es identificar los requisitos del sistema de control de acceso. Esto incluye determinar qu\u00e9 \u00e1reas o recursos necesitan protecci\u00f3n y qui\u00e9nes deben tener acceso a ellos. Seleccionar el hardware y el [&hellip;]<\/p>\n","protected":false},"author":1,"featured_media":0,"parent":0,"menu_order":0,"comment_status":"closed","ping_status":"closed","template":"elementor_header_footer","meta":{"footnotes":""},"class_list":["post-992","page","type-page","status-publish","hentry"],"_links":{"self":[{"href":"https:\/\/servisistemas.com.co\/control-de-acceso\/wp-json\/wp\/v2\/pages\/992","targetHints":{"allow":["GET"]}}],"collection":[{"href":"https:\/\/servisistemas.com.co\/control-de-acceso\/wp-json\/wp\/v2\/pages"}],"about":[{"href":"https:\/\/servisistemas.com.co\/control-de-acceso\/wp-json\/wp\/v2\/types\/page"}],"author":[{"embeddable":true,"href":"https:\/\/servisistemas.com.co\/control-de-acceso\/wp-json\/wp\/v2\/users\/1"}],"replies":[{"embeddable":true,"href":"https:\/\/servisistemas.com.co\/control-de-acceso\/wp-json\/wp\/v2\/comments?post=992"}],"version-history":[{"count":17,"href":"https:\/\/servisistemas.com.co\/control-de-acceso\/wp-json\/wp\/v2\/pages\/992\/revisions"}],"predecessor-version":[{"id":1565,"href":"https:\/\/servisistemas.com.co\/control-de-acceso\/wp-json\/wp\/v2\/pages\/992\/revisions\/1565"}],"wp:attachment":[{"href":"https:\/\/servisistemas.com.co\/control-de-acceso\/wp-json\/wp\/v2\/media?parent=992"}],"curies":[{"name":"wp","href":"https:\/\/api.w.org\/{rel}","templated":true}]}}