{"id":1158,"date":"2023-05-28T12:56:48","date_gmt":"2023-05-28T17:56:48","guid":{"rendered":"https:\/\/servisistemas.com.co\/servicios-para-redes-computadores\/?page_id=1158"},"modified":"2023-05-28T13:00:42","modified_gmt":"2023-05-28T18:00:42","slug":"tips-de-seguridad-asegura-la-proteccion-de-tu-empresa","status":"publish","type":"page","link":"https:\/\/servisistemas.com.co\/servicios-para-redes-computadores\/tips-de-seguridad-asegura-la-proteccion-de-tu-empresa\/","title":{"rendered":"Tips de seguridad: Asegura la protecci\u00f3n de tu empresa"},"content":{"rendered":"\t\t<div data-elementor-type=\"wp-page\" data-elementor-id=\"1158\" class=\"elementor elementor-1158\" data-elementor-post-type=\"page\">\n\t\t\t\t\t\t<section class=\"elementor-section elementor-top-section elementor-element elementor-element-64841ed elementor-section-boxed elementor-section-height-default elementor-section-height-default jltma-glass-effect-no\" data-id=\"64841ed\" data-element_type=\"section\">\n\t\t\t\t\t\t<div class=\"elementor-container elementor-column-gap-default\">\n\t\t\t\t\t<div class=\"elementor-column elementor-col-100 elementor-top-column elementor-element elementor-element-671679b jltma-glass-effect-no\" data-id=\"671679b\" data-element_type=\"column\">\n\t\t\t<div class=\"elementor-widget-wrap elementor-element-populated\">\n\t\t\t\t\t\t<div class=\"elementor-element elementor-element-fcdcc53 jltma-glass-effect-no elementor-widget elementor-widget-heading\" data-id=\"fcdcc53\" data-element_type=\"widget\" data-widget_type=\"heading.default\">\n\t\t\t\t<div class=\"elementor-widget-container\">\n\t\t\t\t\t<h2 class=\"elementor-heading-title elementor-size-default\">Seguridad empresarial: 10 claves para resguardar tu negocio<\/h2>\t\t\t\t<\/div>\n\t\t\t\t<\/div>\n\t\t\t\t\t<\/div>\n\t\t<\/div>\n\t\t\t\t\t<\/div>\n\t\t<\/section>\n\t\t\t\t<section class=\"elementor-section elementor-top-section elementor-element elementor-element-5c9bb39 elementor-section-boxed elementor-section-height-default elementor-section-height-default jltma-glass-effect-no\" data-id=\"5c9bb39\" data-element_type=\"section\">\n\t\t\t\t\t\t<div class=\"elementor-container elementor-column-gap-default\">\n\t\t\t\t\t<div class=\"elementor-column elementor-col-100 elementor-top-column elementor-element elementor-element-42e81bc jltma-glass-effect-no\" data-id=\"42e81bc\" data-element_type=\"column\">\n\t\t\t<div class=\"elementor-widget-wrap elementor-element-populated\">\n\t\t\t\t\t\t<div class=\"elementor-element elementor-element-dcc252d jltma-glass-effect-no elementor-widget elementor-widget-text-editor\" data-id=\"dcc252d\" data-element_type=\"widget\" data-widget_type=\"text-editor.default\">\n\t\t\t\t<div class=\"elementor-widget-container\">\n\t\t\t\t\t\t\t\t\t<p><span style=\"font-size:25px\">Asegurar la protecci\u00f3n de una empresa es fundamental para mantener la integridad de los activos, la confidencialidad de la informaci\u00f3n y la continuidad del negocio. Aqu\u00ed tienes algunos consejos de seguridad para ayudarte en este proceso:<\/span><\/p>\n<ol>\n<li>\n<p><span style=\"font-size:25px\"><b>Realiza evaluaciones de riesgos:<\/b> Identifica las vulnerabilidades y los riesgos potenciales en tu empresa. Haz un an\u00e1lisis de seguridad regularmente para identificar \u00e1reas que requieren mejoras y toma medidas correctivas.<\/span><\/p>\n<\/li>\n<li>\n<p><span style=\"font-size:25px\"><b>Implementa pol\u00edticas de seguridad:<\/b> Desarrolla y establece pol\u00edticas y procedimientos claros en cuanto a la seguridad de la empresa. Estos deben cubrir aspectos como el uso de contrase\u00f1as seguras, la protecci\u00f3n de la informaci\u00f3n confidencial, el acceso a los sistemas y la seguridad f\u00edsica.<\/span><\/p>\n<\/li>\n<li>\n<p><span style=\"font-size:25px\"><b>Educa a tus empleados:<\/b> El factor humano es uno de los puntos d\u00e9biles en la seguridad de cualquier empresa. Proporciona capacitaci\u00f3n en seguridad a todos tus empleados para que comprendan los riesgos, reconozcan las amenazas y sepan c\u00f3mo actuar de manera segura.<\/span><\/p>\n<\/li>\n<li>\n<p><span style=\"font-size:25px\"><b>Mant\u00e9n los sistemas actualizados:<\/b> Aseg\u00farate de que todos los sistemas y software utilizados en la empresa est\u00e9n actualizados con los \u00faltimos parches de seguridad. Esto incluye sistemas operativos, aplicaciones, antivirus y firewalls.<\/span><\/p>\n<\/li>\n<li>\n<p><span style=\"font-size:25px\"><b>Controla el acceso a la informaci\u00f3n:<\/b> Implementa controles de acceso adecuados para restringir qui\u00e9n puede acceder a la informaci\u00f3n y los sistemas cr\u00edticos de la empresa. Utiliza contrase\u00f1as fuertes y considera la implementaci\u00f3n de autenticaci\u00f3n de dos factores para mayor seguridad.<\/span><\/p>\n<\/li>\n<li>\n<p><span style=\"font-size:25px\"><b>Realiza copias de seguridad regulares:<\/b> Realiza copias de seguridad peri\u00f3dicas de todos los datos importantes de la empresa y almac\u00e9nalas en ubicaciones seguras. Esto ayudar\u00e1 a proteger la informaci\u00f3n en caso de p\u00e9rdida, da\u00f1o o ataque cibern\u00e9tico.<\/span><\/p>\n<\/li>\n<li>\n<p><span style=\"font-size:25px\"><b>Monitorea y registra la actividad:<\/b> Implementa sistemas de monitoreo de seguridad y registros de actividad para detectar y responder r\u00e1pidamente a cualquier incidente de seguridad. Mant\u00e9n un registro de los eventos de seguridad para su posterior revisi\u00f3n y an\u00e1lisis.<\/span><\/p>\n<\/li>\n<li>\n<p><span style=\"font-size:25px\"><b>Establece pol\u00edticas de uso aceptable:<\/b> Define claramente lo que se considera un uso aceptable de los recursos y sistemas de la empresa. Esto incluye el uso de internet, correos electr\u00f3nicos y dispositivos m\u00f3viles. Haz cumplir estas pol\u00edticas de manera consistente.<\/span><\/p>\n<\/li>\n<li>\n<p><span style=\"font-size:25px\"><b>Protege la red y los dispositivos:<\/b> Asegura tu red empresarial mediante la implementaci\u00f3n de firewalls, sistemas de detecci\u00f3n de intrusiones y software antivirus\/antimalware. Mant\u00e9n actualizados los dispositivos con las \u00faltimas medidas de seguridad.<\/span><\/p>\n<\/li>\n<li>\n<p><span style=\"font-size:25px\"><b>Mant\u00e9n un plan de respuesta a incidentes:<\/b> Prepara un plan de respuesta a incidentes que contemple las acciones a seguir en caso de que ocurra un evento de seguridad. Esto incluye la notificaci\u00f3n de las partes involucradas, la mitigaci\u00f3n de los da\u00f1os y la recuperaci\u00f3n de los sistemas.<\/span><\/p>\n<\/li>\n<\/ol>\t\t\t\t\t\t\t\t<\/div>\n\t\t\t\t<\/div>\n\t\t\t\t\t<\/div>\n\t\t<\/div>\n\t\t\t\t\t<\/div>\n\t\t<\/section>\n\t\t\t\t<\/div>\n\t\t","protected":false},"excerpt":{"rendered":"<p>Seguridad empresarial: 10 claves para resguardar tu negocio Asegurar la protecci\u00f3n de una empresa es fundamental para mantener la integridad de los activos, la confidencialidad de la informaci\u00f3n y la continuidad del negocio. Aqu\u00ed tienes algunos consejos de seguridad para ayudarte en este proceso: Realiza evaluaciones de riesgos: Identifica las vulnerabilidades y los riesgos potenciales [&hellip;]<\/p>\n","protected":false},"author":1,"featured_media":0,"parent":0,"menu_order":0,"comment_status":"closed","ping_status":"closed","template":"elementor_header_footer","meta":{"footnotes":""},"class_list":["post-1158","page","type-page","status-publish","hentry"],"_links":{"self":[{"href":"https:\/\/servisistemas.com.co\/servicios-para-redes-computadores\/wp-json\/wp\/v2\/pages\/1158","targetHints":{"allow":["GET"]}}],"collection":[{"href":"https:\/\/servisistemas.com.co\/servicios-para-redes-computadores\/wp-json\/wp\/v2\/pages"}],"about":[{"href":"https:\/\/servisistemas.com.co\/servicios-para-redes-computadores\/wp-json\/wp\/v2\/types\/page"}],"author":[{"embeddable":true,"href":"https:\/\/servisistemas.com.co\/servicios-para-redes-computadores\/wp-json\/wp\/v2\/users\/1"}],"replies":[{"embeddable":true,"href":"https:\/\/servisistemas.com.co\/servicios-para-redes-computadores\/wp-json\/wp\/v2\/comments?post=1158"}],"version-history":[{"count":7,"href":"https:\/\/servisistemas.com.co\/servicios-para-redes-computadores\/wp-json\/wp\/v2\/pages\/1158\/revisions"}],"predecessor-version":[{"id":1167,"href":"https:\/\/servisistemas.com.co\/servicios-para-redes-computadores\/wp-json\/wp\/v2\/pages\/1158\/revisions\/1167"}],"wp:attachment":[{"href":"https:\/\/servisistemas.com.co\/servicios-para-redes-computadores\/wp-json\/wp\/v2\/media?parent=1158"}],"curies":[{"name":"wp","href":"https:\/\/api.w.org\/{rel}","templated":true}]}}