{"id":1231,"date":"2023-06-04T09:23:55","date_gmt":"2023-06-04T14:23:55","guid":{"rendered":"https:\/\/servisistemas.com.co\/servicios-para-redes-computadores\/?page_id=1231"},"modified":"2023-06-04T09:59:30","modified_gmt":"2023-06-04T14:59:30","slug":"manten-a-raya-el-malware-y-los-sitios-web-maliciosos-con-pfblockerng-para-empresas","status":"publish","type":"page","link":"https:\/\/servisistemas.com.co\/servicios-para-redes-computadores\/manten-a-raya-el-malware-y-los-sitios-web-maliciosos-con-pfblockerng-para-empresas\/","title":{"rendered":"Mant\u00e9n a Raya el Malware y los Sitios Web Maliciosos con pfBlockerNG para Empresas"},"content":{"rendered":"\t\t<div data-elementor-type=\"wp-page\" data-elementor-id=\"1231\" class=\"elementor elementor-1231\" data-elementor-post-type=\"page\">\n\t\t\t\t\t\t<section class=\"elementor-section elementor-top-section elementor-element elementor-element-e34c9a8 elementor-section-boxed elementor-section-height-default elementor-section-height-default jltma-glass-effect-no\" data-id=\"e34c9a8\" data-element_type=\"section\">\n\t\t\t\t\t\t<div class=\"elementor-container elementor-column-gap-default\">\n\t\t\t\t\t<div class=\"elementor-column elementor-col-100 elementor-top-column elementor-element elementor-element-bc5b82d jltma-glass-effect-no\" data-id=\"bc5b82d\" data-element_type=\"column\">\n\t\t\t<div class=\"elementor-widget-wrap elementor-element-populated\">\n\t\t\t\t\t\t<div class=\"elementor-element elementor-element-1732c18 jltma-glass-effect-no elementor-widget elementor-widget-heading\" data-id=\"1732c18\" data-element_type=\"widget\" data-widget_type=\"heading.default\">\n\t\t\t\t<div class=\"elementor-widget-container\">\n\t\t\t\t\t<h1 class=\"elementor-heading-title elementor-size-xl\">C\u00f3mo proteger tu red empresarial como un profesional de la seguridad.<\/h1>\t\t\t\t<\/div>\n\t\t\t\t<\/div>\n\t\t\t\t\t<\/div>\n\t\t<\/div>\n\t\t\t\t\t<\/div>\n\t\t<\/section>\n\t\t\t\t<section class=\"elementor-section elementor-top-section elementor-element elementor-element-e3ab783 elementor-section-boxed elementor-section-height-default elementor-section-height-default jltma-glass-effect-no\" data-id=\"e3ab783\" data-element_type=\"section\">\n\t\t\t\t\t\t<div class=\"elementor-container elementor-column-gap-default\">\n\t\t\t\t\t<div class=\"elementor-column elementor-col-33 elementor-top-column elementor-element elementor-element-ab49553 jltma-glass-effect-no\" data-id=\"ab49553\" data-element_type=\"column\">\n\t\t\t<div class=\"elementor-widget-wrap elementor-element-populated\">\n\t\t\t\t\t\t<div class=\"elementor-element elementor-element-fc9106c jltma-glass-effect-no elementor-widget elementor-widget-heading\" data-id=\"fc9106c\" data-element_type=\"widget\" data-widget_type=\"heading.default\">\n\t\t\t\t<div class=\"elementor-widget-container\">\n\t\t\t\t\t<h2 class=\"elementor-heading-title elementor-size-xxl\">Controla y filtra el acceso web en tu empresa con pfBlockerNG<\/h2>\t\t\t\t<\/div>\n\t\t\t\t<\/div>\n\t\t\t\t\t<\/div>\n\t\t<\/div>\n\t\t\t\t<div class=\"elementor-column elementor-col-66 elementor-top-column elementor-element elementor-element-760140e jltma-glass-effect-no\" data-id=\"760140e\" data-element_type=\"column\">\n\t\t\t<div class=\"elementor-widget-wrap elementor-element-populated\">\n\t\t\t\t\t\t<div class=\"elementor-element elementor-element-ede1beb jltma-glass-effect-no elementor-widget elementor-widget-image\" data-id=\"ede1beb\" data-element_type=\"widget\" data-widget_type=\"image.default\">\n\t\t\t\t<div class=\"elementor-widget-container\">\n\t\t\t\t\t\t\t\t\t\t\t\t\t\t\t<img fetchpriority=\"high\" decoding=\"async\" width=\"900\" height=\"500\" src=\"https:\/\/servisistemas.com.co\/servicios-para-redes-computadores\/wp-content\/uploads\/2023\/06\/ciberseguranca.jpg\" class=\"attachment-large size-large wp-image-1238\" alt=\"\" srcset=\"https:\/\/servisistemas.com.co\/servicios-para-redes-computadores\/wp-content\/uploads\/2023\/06\/ciberseguranca.jpg 900w, https:\/\/servisistemas.com.co\/servicios-para-redes-computadores\/wp-content\/uploads\/2023\/06\/ciberseguranca-300x167.jpg 300w, https:\/\/servisistemas.com.co\/servicios-para-redes-computadores\/wp-content\/uploads\/2023\/06\/ciberseguranca-768x427.jpg 768w\" sizes=\"(max-width: 900px) 100vw, 900px\" title=\"\">\t\t\t\t\t\t\t\t\t\t\t\t\t\t\t<\/div>\n\t\t\t\t<\/div>\n\t\t\t\t\t<\/div>\n\t\t<\/div>\n\t\t\t\t\t<\/div>\n\t\t<\/section>\n\t\t\t\t<section class=\"elementor-section elementor-top-section elementor-element elementor-element-397c10b elementor-section-boxed elementor-section-height-default elementor-section-height-default jltma-glass-effect-no\" data-id=\"397c10b\" data-element_type=\"section\">\n\t\t\t\t\t\t<div class=\"elementor-container elementor-column-gap-default\">\n\t\t\t\t\t<div class=\"elementor-column elementor-col-100 elementor-top-column elementor-element elementor-element-16a9c52 jltma-glass-effect-no\" data-id=\"16a9c52\" data-element_type=\"column\">\n\t\t\t<div class=\"elementor-widget-wrap elementor-element-populated\">\n\t\t\t\t\t\t<div class=\"elementor-element elementor-element-38b79f5 jltma-glass-effect-no elementor-widget elementor-widget-text-editor\" data-id=\"38b79f5\" data-element_type=\"widget\" data-widget_type=\"text-editor.default\">\n\t\t\t\t<div class=\"elementor-widget-container\">\n\t\t\t\t\t\t\t\t\t<p><span style=\"font-size:25px\">pfBlockerNG es una poderosa herramienta de bloqueo de contenido y seguridad para firewalls basados en la plataforma pfSense. Proporciona funcionalidades avanzadas de filtrado de tr&aacute;fico, permiti&eacute;ndote mejorar la protecci&oacute;n de tu red y garantizar una experiencia de navegaci&oacute;n m&aacute;s segura. A continuaci&oacute;n, te explicar&eacute; algunas de las principales funciones y beneficios de pfBlockerNG:<\/span><\/p>\t\t\t\t\t\t\t\t<\/div>\n\t\t\t\t<\/div>\n\t\t\t\t\t<\/div>\n\t\t<\/div>\n\t\t\t\t\t<\/div>\n\t\t<\/section>\n\t\t\t\t<section class=\"elementor-section elementor-top-section elementor-element elementor-element-ec610dd elementor-section-boxed elementor-section-height-default elementor-section-height-default jltma-glass-effect-no\" data-id=\"ec610dd\" data-element_type=\"section\">\n\t\t\t\t\t\t<div class=\"elementor-container elementor-column-gap-default\">\n\t\t\t\t\t<div class=\"elementor-column elementor-col-100 elementor-top-column elementor-element elementor-element-3c9da9d jltma-glass-effect-no\" data-id=\"3c9da9d\" data-element_type=\"column\">\n\t\t\t<div class=\"elementor-widget-wrap elementor-element-populated\">\n\t\t\t\t\t\t<div class=\"elementor-element elementor-element-3caeaa2 jltma-glass-effect-no elementor-widget elementor-widget-text-editor\" data-id=\"3caeaa2\" data-element_type=\"widget\" data-widget_type=\"text-editor.default\">\n\t\t\t\t<div class=\"elementor-widget-container\">\n\t\t\t\t\t\t\t\t\t<ol><li><p><span style=\"font-size: 25px;\"><b>Bloqueo de Anuncios y Contenido Malicioso:<\/b><\/span><\/p><ul><li><span style=\"font-size: 25px;\">pfBlockerNG puede filtrar y bloquear anuncios, banners y contenido no deseado en tiempo real, mejorando la velocidad de carga de las p\u00e1ginas web y brindando una experiencia de navegaci\u00f3n m\u00e1s fluida.<\/span><\/li><li><span style=\"font-size: 25px;\">Adem\u00e1s, puede bloquear dominios conocidos por distribuir malware, spyware, ransomware y otros tipos de contenido malicioso, protegiendo a tus dispositivos y usuarios de amenazas en l\u00ednea.<\/span><\/li><\/ul><\/li><li><p><span style=\"font-size: 25px;\"><b>Listas de Bloqueo Actualizadas:<\/b><\/span><\/p><ul><li><span style=\"font-size: 25px;\">pfBlockerNG se basa en listas de bloqueo actualizadas regularmente, las cuales incluyen direcciones IP, rangos de IP, nombres de dominio y otros patrones utilizados por sitios web maliciosos, anuncios y servicios no deseados.<\/span><\/li><li><span style=\"font-size: 25px;\">Estas listas se actualizan autom\u00e1ticamente, lo que garantiza que est\u00e9s protegido contra las \u00faltimas amenazas y sitios web no deseados.<\/span><\/li><\/ul><\/li><li><p><span style=\"font-size: 25px;\"><b>Control de Acceso a Internet:<\/b><\/span><\/p><ul><li><span style=\"font-size: 25px;\">pfBlockerNG te permite tener un mayor control sobre el acceso a Internet en tu red. Puedes bloquear categor\u00edas completas de sitios web, como redes sociales, juegos en l\u00ednea, contenido para adultos, sitios de torrents, etc.<\/span><\/li><li><span style=\"font-size: 25px;\">Tambi\u00e9n puedes establecer pol\u00edticas espec\u00edficas para usuarios individuales o grupos de usuarios, restringiendo su acceso a determinados sitios web o tipos de contenido.<\/span><\/li><\/ul><\/li><li><p><span style=\"font-size: 25px;\"><b>Protecci\u00f3n contra Botnets y Ataques:<\/b><\/span><\/p><ul><li><span style=\"font-size: 25px;\">pfBlockerNG puede detectar y bloquear tr\u00e1fico sospechoso asociado con botnets, evitando que tus dispositivos se conviertan en parte de una red de bots comprometidos.<\/span><\/li><li><span style=\"font-size: 25px;\">Tambi\u00e9n puede bloquear direcciones IP conocidas por estar involucradas en actividades maliciosas, como ataques DDoS, intentos de intrusi\u00f3n y otros comportamientos sospechosos.<\/span><\/li><\/ul><\/li><li><p><span style=\"font-size: 25px;\"><b>Estad\u00edsticas y Registros:<\/b><\/span><\/p><ul><li><span style=\"font-size: 25px;\">pfBlockerNG proporciona estad\u00edsticas detalladas y registros de las actividades de bloqueo, lo que te permite monitorear y analizar el tr\u00e1fico en tu red.<\/span><\/li><li><span style=\"font-size: 25px;\">Esto te brinda informaci\u00f3n valiosa sobre las amenazas detectadas, los intentos de acceso no autorizados y el uso de Internet por parte de tus usuarios.<\/span><\/li><\/ul><\/li><\/ol>\t\t\t\t\t\t\t\t<\/div>\n\t\t\t\t<\/div>\n\t\t\t\t\t<\/div>\n\t\t<\/div>\n\t\t\t\t\t<\/div>\n\t\t<\/section>\n\t\t\t\t<section class=\"elementor-section elementor-top-section elementor-element elementor-element-18caa71 elementor-section-boxed elementor-section-height-default elementor-section-height-default jltma-glass-effect-no\" data-id=\"18caa71\" data-element_type=\"section\">\n\t\t\t\t\t\t<div class=\"elementor-container elementor-column-gap-default\">\n\t\t\t\t\t<div class=\"elementor-column elementor-col-100 elementor-top-column elementor-element elementor-element-2930cbb jltma-glass-effect-no\" data-id=\"2930cbb\" data-element_type=\"column\">\n\t\t\t<div class=\"elementor-widget-wrap elementor-element-populated\">\n\t\t\t\t\t\t<div class=\"elementor-element elementor-element-771ce7b jltma-glass-effect-no elementor-widget elementor-widget-heading\" data-id=\"771ce7b\" data-element_type=\"widget\" data-widget_type=\"heading.default\">\n\t\t\t\t<div class=\"elementor-widget-container\">\n\t\t\t\t\t<h6 class=\"elementor-heading-title elementor-size-default\"><a href=\"\/servicios-para-redes-computadores\/guia-basica-para-usar-pfblockerng\">En este link te dejo una, gu\u00eda pr\u00e1ctica para que inicie en el mundo de ala ciberseguridad con PfBlockerNG<\/a><\/h6>\t\t\t\t<\/div>\n\t\t\t\t<\/div>\n\t\t\t\t\t<\/div>\n\t\t<\/div>\n\t\t\t\t\t<\/div>\n\t\t<\/section>\n\t\t\t\t<\/div>\n\t\t","protected":false},"excerpt":{"rendered":"<p>C\u00f3mo proteger tu red empresarial como un profesional de la seguridad. Controla y filtra el acceso web en tu empresa con pfBlockerNG pfBlockerNG es una poderosa herramienta de bloqueo de contenido y seguridad para firewalls basados en la plataforma pfSense. Proporciona funcionalidades avanzadas de filtrado de tr&aacute;fico, permiti&eacute;ndote mejorar la protecci&oacute;n de tu red y [&hellip;]<\/p>\n","protected":false},"author":1,"featured_media":0,"parent":0,"menu_order":0,"comment_status":"closed","ping_status":"closed","template":"elementor_header_footer","meta":{"footnotes":""},"class_list":["post-1231","page","type-page","status-publish","hentry"],"_links":{"self":[{"href":"https:\/\/servisistemas.com.co\/servicios-para-redes-computadores\/wp-json\/wp\/v2\/pages\/1231","targetHints":{"allow":["GET"]}}],"collection":[{"href":"https:\/\/servisistemas.com.co\/servicios-para-redes-computadores\/wp-json\/wp\/v2\/pages"}],"about":[{"href":"https:\/\/servisistemas.com.co\/servicios-para-redes-computadores\/wp-json\/wp\/v2\/types\/page"}],"author":[{"embeddable":true,"href":"https:\/\/servisistemas.com.co\/servicios-para-redes-computadores\/wp-json\/wp\/v2\/users\/1"}],"replies":[{"embeddable":true,"href":"https:\/\/servisistemas.com.co\/servicios-para-redes-computadores\/wp-json\/wp\/v2\/comments?post=1231"}],"version-history":[{"count":16,"href":"https:\/\/servisistemas.com.co\/servicios-para-redes-computadores\/wp-json\/wp\/v2\/pages\/1231\/revisions"}],"predecessor-version":[{"id":1265,"href":"https:\/\/servisistemas.com.co\/servicios-para-redes-computadores\/wp-json\/wp\/v2\/pages\/1231\/revisions\/1265"}],"wp:attachment":[{"href":"https:\/\/servisistemas.com.co\/servicios-para-redes-computadores\/wp-json\/wp\/v2\/media?parent=1231"}],"curies":[{"name":"wp","href":"https:\/\/api.w.org\/{rel}","templated":true}]}}