{"id":1266,"date":"2023-06-04T14:19:11","date_gmt":"2023-06-04T19:19:11","guid":{"rendered":"https:\/\/servisistemas.com.co\/servicios-para-redes-computadores\/?page_id=1266"},"modified":"2023-06-04T15:21:43","modified_gmt":"2023-06-04T20:21:43","slug":"monta-tu-propio-controlador-de-dominio-primario-pdc-con-linux","status":"publish","type":"page","link":"https:\/\/servisistemas.com.co\/servicios-para-redes-computadores\/monta-tu-propio-controlador-de-dominio-primario-pdc-con-linux\/","title":{"rendered":"Monta tu propio controlador de dominio primario PDC con Linux"},"content":{"rendered":"\t\t<div data-elementor-type=\"wp-page\" data-elementor-id=\"1266\" class=\"elementor elementor-1266\" data-elementor-post-type=\"page\">\n\t\t\t\t\t\t<section class=\"elementor-section elementor-top-section elementor-element elementor-element-192b16a elementor-section-boxed elementor-section-height-default elementor-section-height-default jltma-glass-effect-no\" data-id=\"192b16a\" data-element_type=\"section\">\n\t\t\t\t\t\t<div class=\"elementor-container elementor-column-gap-default\">\n\t\t\t\t\t<div class=\"elementor-column elementor-col-100 elementor-top-column elementor-element elementor-element-97f53ad jltma-glass-effect-no\" data-id=\"97f53ad\" data-element_type=\"column\">\n\t\t\t<div class=\"elementor-widget-wrap elementor-element-populated\">\n\t\t\t\t\t\t<div class=\"elementor-element elementor-element-04aabad jltma-glass-effect-no elementor-widget elementor-widget-heading\" data-id=\"04aabad\" data-element_type=\"widget\" data-widget_type=\"heading.default\">\n\t\t\t\t<div class=\"elementor-widget-container\">\n\t\t\t\t\t<h1 class=\"elementor-heading-title elementor-size-xl\">Aqu\u00ed tienes varias opciones para montar un servidor de archivos o PDC (Controlador de dominio primario) que es totalmente compatible con Active Directory<\/h1>\t\t\t\t<\/div>\n\t\t\t\t<\/div>\n\t\t\t\t\t<\/div>\n\t\t<\/div>\n\t\t\t\t\t<\/div>\n\t\t<\/section>\n\t\t\t\t<section class=\"elementor-section elementor-top-section elementor-element elementor-element-2a16976 elementor-section-boxed elementor-section-height-default elementor-section-height-default jltma-glass-effect-no\" data-id=\"2a16976\" data-element_type=\"section\">\n\t\t\t\t\t\t<div class=\"elementor-container elementor-column-gap-default\">\n\t\t\t\t\t<div class=\"elementor-column elementor-col-100 elementor-top-column elementor-element elementor-element-93540f5 jltma-glass-effect-no\" data-id=\"93540f5\" data-element_type=\"column\">\n\t\t\t<div class=\"elementor-widget-wrap elementor-element-populated\">\n\t\t\t\t\t\t<div class=\"elementor-element elementor-element-ea6f815 jltma-glass-effect-no elementor-widget elementor-widget-text-editor\" data-id=\"ea6f815\" data-element_type=\"widget\" data-widget_type=\"text-editor.default\">\n\t\t\t\t<div class=\"elementor-widget-container\">\n\t\t\t\t\t\t\t\t\t<p><span style=\"font-size:25px\">Existen varias opciones de software de c\u00f3digo abierto que puedes utilizar para configurar un Controlador de Dominio Principal (PDC, por sus siglas en ingl\u00e9s). A continuaci\u00f3n, te presento algunas alternativas populares:<\/span><\/p>\n<ol>\n<li>\n<p><span style=\"font-size:25px\"><b>Samba:<\/b> Samba es una implementaci\u00f3n de c\u00f3digo abierto del protocolo SMB\/CIFS que permite la interoperabilidad entre sistemas Windows y sistemas operativos tipo Unix. Puedes utilizar Samba para configurar un PDC y gestionar usuarios, grupos y pol\u00edticas de dominio.<\/span><\/p>\n<\/li>\n<li>\n<p><span style=\"font-size:25px\"><b>FreeIPA:<\/b> FreeIPA es una plataforma de administraci\u00f3n de identidad y pol\u00edticas que proporciona servicios de directorio centralizado, autenticaci\u00f3n y control de acceso. Permite configurar un PDC con caracter\u00edsticas como autenticaci\u00f3n de usuarios, administraci\u00f3n de pol\u00edticas y servicios de seguridad.<\/span><\/p>\n<\/li>\n<li>\n<p><span style=\"font-size:25px\"><b>Zentyal:<\/b> Zentyal es una soluci\u00f3n de servidor de c\u00f3digo abierto basada en Ubuntu que ofrece una amplia gama de servicios de red y servidor, incluyendo la funcionalidad de PDC. Con Zentyal, puedes administrar usuarios, grupos, permisos y pol\u00edticas de dominio de forma sencilla.<\/span><\/p>\n<\/li>\n<li>\n<p><span style=\"font-size:25px\"><b>NethServer:<\/b> NethServer es una distribuci\u00f3n de Linux enfocada en la administraci\u00f3n de servidores y servicios de red. Ofrece un m\u00f3dulo de controlador de dominio basado en Samba que te permite configurar un PDC con funciones como autenticaci\u00f3n de usuarios y administraci\u00f3n de pol\u00edticas.<\/span><\/p>\n<\/li>\n<\/ol>\n<p><span style=\"font-size:25px\">Recuerda que al utilizar software de c\u00f3digo abierto, es importante revisar la documentaci\u00f3n oficial, los requisitos del sistema y las caracter\u00edsticas ofrecidas para determinar cu\u00e1l de ellos se ajusta mejor a tus necesidades y entorno espec\u00edfico.<\/span><\/p>\t\t\t\t\t\t\t\t<\/div>\n\t\t\t\t<\/div>\n\t\t\t\t\t<\/div>\n\t\t<\/div>\n\t\t\t\t\t<\/div>\n\t\t<\/section>\n\t\t\t\t<section class=\"elementor-section elementor-top-section elementor-element elementor-element-a13bee4 elementor-section-boxed elementor-section-height-default elementor-section-height-default jltma-glass-effect-no\" data-id=\"a13bee4\" data-element_type=\"section\">\n\t\t\t\t\t\t<div class=\"elementor-container elementor-column-gap-default\">\n\t\t\t\t\t<div class=\"elementor-column elementor-col-100 elementor-top-column elementor-element elementor-element-a6972c8 jltma-glass-effect-no\" data-id=\"a6972c8\" data-element_type=\"column\">\n\t\t\t<div class=\"elementor-widget-wrap elementor-element-populated\">\n\t\t\t\t\t\t<div class=\"elementor-element elementor-element-25749c2 jltma-glass-effect-no elementor-widget elementor-widget-heading\" data-id=\"25749c2\" data-element_type=\"widget\" data-widget_type=\"heading.default\">\n\t\t\t\t<div class=\"elementor-widget-container\">\n\t\t\t\t\t<h4 class=\"elementor-heading-title elementor-size-default\">El siguiente video podr\u00e1s ver la instalaci\u00f3n de NethServer para iniciar un controlador de dominio<\/h4>\t\t\t\t<\/div>\n\t\t\t\t<\/div>\n\t\t\t\t<div class=\"elementor-element elementor-element-7244874 jltma-glass-effect-no elementor-widget elementor-widget-video\" data-id=\"7244874\" data-element_type=\"widget\" data-settings=\"{&quot;youtube_url&quot;:&quot;https:\\\/\\\/www.youtube.com\\\/watch?v=XHOmBV4js_E&quot;,&quot;video_type&quot;:&quot;youtube&quot;,&quot;controls&quot;:&quot;yes&quot;}\" data-widget_type=\"video.default\">\n\t\t\t\t<div class=\"elementor-widget-container\">\n\t\t\t\t\t\t\t<div class=\"elementor-wrapper elementor-open-inline\">\n\t\t\t<div class=\"elementor-video\"><\/div>\t\t<\/div>\n\t\t\t\t\t\t<\/div>\n\t\t\t\t<\/div>\n\t\t\t\t\t<\/div>\n\t\t<\/div>\n\t\t\t\t\t<\/div>\n\t\t<\/section>\n\t\t\t\t<\/div>\n\t\t","protected":false},"excerpt":{"rendered":"<p>Aqu\u00ed tienes varias opciones para montar un servidor de archivos o PDC (Controlador de dominio primario) que es totalmente compatible con Active Directory Existen varias opciones de software de c\u00f3digo abierto que puedes utilizar para configurar un Controlador de Dominio Principal (PDC, por sus siglas en ingl\u00e9s). A continuaci\u00f3n, te presento algunas alternativas populares: Samba: [&hellip;]<\/p>\n","protected":false},"author":1,"featured_media":0,"parent":0,"menu_order":0,"comment_status":"closed","ping_status":"closed","template":"elementor_header_footer","meta":{"footnotes":""},"class_list":["post-1266","page","type-page","status-publish","hentry"],"_links":{"self":[{"href":"https:\/\/servisistemas.com.co\/servicios-para-redes-computadores\/wp-json\/wp\/v2\/pages\/1266","targetHints":{"allow":["GET"]}}],"collection":[{"href":"https:\/\/servisistemas.com.co\/servicios-para-redes-computadores\/wp-json\/wp\/v2\/pages"}],"about":[{"href":"https:\/\/servisistemas.com.co\/servicios-para-redes-computadores\/wp-json\/wp\/v2\/types\/page"}],"author":[{"embeddable":true,"href":"https:\/\/servisistemas.com.co\/servicios-para-redes-computadores\/wp-json\/wp\/v2\/users\/1"}],"replies":[{"embeddable":true,"href":"https:\/\/servisistemas.com.co\/servicios-para-redes-computadores\/wp-json\/wp\/v2\/comments?post=1266"}],"version-history":[{"count":13,"href":"https:\/\/servisistemas.com.co\/servicios-para-redes-computadores\/wp-json\/wp\/v2\/pages\/1266\/revisions"}],"predecessor-version":[{"id":1293,"href":"https:\/\/servisistemas.com.co\/servicios-para-redes-computadores\/wp-json\/wp\/v2\/pages\/1266\/revisions\/1293"}],"wp:attachment":[{"href":"https:\/\/servisistemas.com.co\/servicios-para-redes-computadores\/wp-json\/wp\/v2\/media?parent=1266"}],"curies":[{"name":"wp","href":"https:\/\/api.w.org\/{rel}","templated":true}]}}