{"id":1364,"date":"2023-06-16T05:38:18","date_gmt":"2023-06-16T10:38:18","guid":{"rendered":"https:\/\/servisistemas.com.co\/servicios-para-redes-computadores\/?page_id=1364"},"modified":"2023-06-16T05:57:31","modified_gmt":"2023-06-16T10:57:31","slug":"descubre-las-mejores-herramientas-para-gestion-de-servicio-al-cliente-y-ticket-para-el-dpto-de-tecnologia","status":"publish","type":"page","link":"https:\/\/servisistemas.com.co\/servicios-para-redes-computadores\/descubre-las-mejores-herramientas-para-gestion-de-servicio-al-cliente-y-ticket-para-el-dpto-de-tecnologia\/","title":{"rendered":"Descubre las mejores herramientas para gesti\u00f3n de servicio al cliente y ticket para el dpto de tecnolog\u00eda"},"content":{"rendered":"\t\t<div data-elementor-type=\"wp-page\" data-elementor-id=\"1364\" class=\"elementor elementor-1364\" data-elementor-post-type=\"page\">\n\t\t\t\t\t\t<section class=\"elementor-section elementor-top-section elementor-element elementor-element-dc52606 elementor-section-boxed elementor-section-height-default elementor-section-height-default jltma-glass-effect-no\" data-id=\"dc52606\" data-element_type=\"section\">\n\t\t\t\t\t\t<div class=\"elementor-container elementor-column-gap-default\">\n\t\t\t\t\t<div class=\"elementor-column elementor-col-100 elementor-top-column elementor-element elementor-element-4870f29 jltma-glass-effect-no\" data-id=\"4870f29\" data-element_type=\"column\">\n\t\t\t<div class=\"elementor-widget-wrap elementor-element-populated\">\n\t\t\t\t\t\t<div class=\"elementor-element elementor-element-6e27803 jltma-glass-effect-no elementor-widget elementor-widget-heading\" data-id=\"6e27803\" data-element_type=\"widget\" data-widget_type=\"heading.default\">\n\t\t\t\t<div class=\"elementor-widget-container\">\n\t\t\t\t\t<h1 class=\"elementor-heading-title elementor-size-large\">Software de c\u00f3digo abierto para la gesti\u00f3n de servicio al cliente y reporte de reparaciones: Optimizando la eficiencia empresarial<\/h1>\t\t\t\t<\/div>\n\t\t\t\t<\/div>\n\t\t\t\t\t<\/div>\n\t\t<\/div>\n\t\t\t\t\t<\/div>\n\t\t<\/section>\n\t\t\t\t<section class=\"elementor-section elementor-top-section elementor-element elementor-element-32d255b elementor-section-boxed elementor-section-height-default elementor-section-height-default jltma-glass-effect-no\" data-id=\"32d255b\" data-element_type=\"section\">\n\t\t\t\t\t\t<div class=\"elementor-container elementor-column-gap-default\">\n\t\t\t\t\t<div class=\"elementor-column elementor-col-100 elementor-top-column elementor-element elementor-element-f4aa8f4 jltma-glass-effect-no\" data-id=\"f4aa8f4\" data-element_type=\"column\">\n\t\t\t<div class=\"elementor-widget-wrap elementor-element-populated\">\n\t\t\t\t\t\t<div class=\"elementor-element elementor-element-26f87ea jltma-glass-effect-no elementor-widget elementor-widget-text-editor\" data-id=\"26f87ea\" data-element_type=\"widget\" data-widget_type=\"text-editor.default\">\n\t\t\t\t<div class=\"elementor-widget-container\">\n\t\t\t\t\t\t\t\t\t<p><span style=\"font-size:25px\">Introducci&oacute;n: En el din&aacute;mico mundo de los negocios, una gesti&oacute;n efectiva del servicio al cliente y el reporte de reparaciones de equipos son aspectos cr&iacute;ticos para el &eacute;xito de cualquier empresa. Afortunadamente, con los avances en el software de c&oacute;digo abierto, las organizaciones tienen acceso a soluciones rentables y altamente personalizables. En este art&iacute;culo, exploraremos algunas opciones populares de software de c&oacute;digo abierto que pueden mejorar la eficiencia empresarial al tiempo que reducen los costos. Descubre c&oacute;mo estas herramientas pueden impulsar tu gesti&oacute;n de servicio al cliente y mejorar la hoja de vida de tus equipos.<\/span><\/p>\t\t\t\t\t\t\t\t<\/div>\n\t\t\t\t<\/div>\n\t\t\t\t\t<\/div>\n\t\t<\/div>\n\t\t\t\t\t<\/div>\n\t\t<\/section>\n\t\t\t\t<section class=\"elementor-section elementor-top-section elementor-element elementor-element-f6451cc elementor-section-boxed elementor-section-height-default elementor-section-height-default jltma-glass-effect-no\" data-id=\"f6451cc\" data-element_type=\"section\">\n\t\t\t\t\t\t<div class=\"elementor-container elementor-column-gap-default\">\n\t\t\t\t\t<div class=\"elementor-column elementor-col-100 elementor-top-column elementor-element elementor-element-bd5302d jltma-glass-effect-no\" data-id=\"bd5302d\" data-element_type=\"column\">\n\t\t\t<div class=\"elementor-widget-wrap elementor-element-populated\">\n\t\t\t\t\t\t<div class=\"elementor-element elementor-element-e5de926 jltma-glass-effect-no elementor-widget elementor-widget-text-editor\" data-id=\"e5de926\" data-element_type=\"widget\" data-widget_type=\"text-editor.default\">\n\t\t\t\t<div class=\"elementor-widget-container\">\n\t\t\t\t\t\t\t\t\t<p><strong><span style=\"font-size: 25px;\">Software de c\u00f3digo abierto para la gesti\u00f3n de servicio al cliente:<\/span><\/strong><\/p>\t\t\t\t\t\t\t\t<\/div>\n\t\t\t\t<\/div>\n\t\t\t\t\t<\/div>\n\t\t<\/div>\n\t\t\t\t\t<\/div>\n\t\t<\/section>\n\t\t\t\t<section class=\"elementor-section elementor-top-section elementor-element elementor-element-af0d152 elementor-section-boxed elementor-section-height-default elementor-section-height-default jltma-glass-effect-no\" data-id=\"af0d152\" data-element_type=\"section\">\n\t\t\t\t\t\t<div class=\"elementor-container elementor-column-gap-default\">\n\t\t\t\t\t<div class=\"elementor-column elementor-col-100 elementor-top-column elementor-element elementor-element-6935fe4 jltma-glass-effect-no\" data-id=\"6935fe4\" data-element_type=\"column\">\n\t\t\t<div class=\"elementor-widget-wrap elementor-element-populated\">\n\t\t\t\t\t\t<div class=\"elementor-element elementor-element-6909766 jltma-glass-effect-no elementor-widget elementor-widget-text-editor\" data-id=\"6909766\" data-element_type=\"widget\" data-widget_type=\"text-editor.default\">\n\t\t\t\t<div class=\"elementor-widget-container\">\n\t\t\t\t\t\t\t\t\t<ol><li><p><span style=\"font-size: 25px;\"><strong>OTRS (Open-source Ticket Request System):<\/strong> OTRS es un sistema de gesti\u00f3n de tickets de servicio al cliente que ofrece una amplia gama de caracter\u00edsticas. Desde la creaci\u00f3n y asignaci\u00f3n de tickets hasta el seguimiento de problemas y el registro de interacciones con los clientes, OTRS permite una gesti\u00f3n eficiente y efectiva del servicio al cliente. Su interfaz intuitiva y su capacidad de personalizaci\u00f3n hacen que sea una opci\u00f3n popular entre las empresas de todos los tama\u00f1os.<\/span><\/p><\/li><li><p><span style=\"font-size: 25px;\"><strong>osTicket:<\/strong> osTicket es otra opci\u00f3n s\u00f3lida para la gesti\u00f3n de tickets de servicio al cliente. Con su dise\u00f1o limpio y funcionalidad robusta, osTicket facilita la creaci\u00f3n, asignaci\u00f3n y seguimiento de tickets. Adem\u00e1s, ofrece herramientas de generaci\u00f3n de informes para evaluar el desempe\u00f1o del servicio al cliente y mejorar continuamente la satisfacci\u00f3n del cliente.<\/span><\/p><\/li><\/ol>\t\t\t\t\t\t\t\t<\/div>\n\t\t\t\t<\/div>\n\t\t\t\t\t<\/div>\n\t\t<\/div>\n\t\t\t\t\t<\/div>\n\t\t<\/section>\n\t\t\t\t<section class=\"elementor-section elementor-top-section elementor-element elementor-element-8b21a7a elementor-section-boxed elementor-section-height-default elementor-section-height-default jltma-glass-effect-no\" data-id=\"8b21a7a\" data-element_type=\"section\">\n\t\t\t\t\t\t<div class=\"elementor-container elementor-column-gap-default\">\n\t\t\t\t\t<div class=\"elementor-column elementor-col-100 elementor-top-column elementor-element elementor-element-202b4d2 jltma-glass-effect-no\" data-id=\"202b4d2\" data-element_type=\"column\">\n\t\t\t<div class=\"elementor-widget-wrap elementor-element-populated\">\n\t\t\t\t\t\t<div class=\"elementor-element elementor-element-71cd200 jltma-glass-effect-no elementor-widget elementor-widget-text-editor\" data-id=\"71cd200\" data-element_type=\"widget\" data-widget_type=\"text-editor.default\">\n\t\t\t\t<div class=\"elementor-widget-container\">\n\t\t\t\t\t\t\t\t\t<p><strong><span style=\"font-size: 25px;\">Software de c\u00f3digo abierto para el reporte de reparaciones y gesti\u00f3n de activos:<\/span><\/strong><\/p>\t\t\t\t\t\t\t\t<\/div>\n\t\t\t\t<\/div>\n\t\t\t\t\t<\/div>\n\t\t<\/div>\n\t\t\t\t\t<\/div>\n\t\t<\/section>\n\t\t\t\t<section class=\"elementor-section elementor-top-section elementor-element elementor-element-c7b612e elementor-section-boxed elementor-section-height-default elementor-section-height-default jltma-glass-effect-no\" data-id=\"c7b612e\" data-element_type=\"section\">\n\t\t\t\t\t\t<div class=\"elementor-container elementor-column-gap-default\">\n\t\t\t\t\t<div class=\"elementor-column elementor-col-100 elementor-top-column elementor-element elementor-element-4823c1f jltma-glass-effect-no\" data-id=\"4823c1f\" data-element_type=\"column\">\n\t\t\t<div class=\"elementor-widget-wrap elementor-element-populated\">\n\t\t\t\t\t\t<div class=\"elementor-element elementor-element-5e6f369 jltma-glass-effect-no elementor-widget elementor-widget-text-editor\" data-id=\"5e6f369\" data-element_type=\"widget\" data-widget_type=\"text-editor.default\">\n\t\t\t\t<div class=\"elementor-widget-container\">\n\t\t\t\t\t\t\t\t\t<ol><li><p><span style=\"font-size: 25px;\"><b>GLPI (Gestionnaire Libre de Parc Informatique): <\/b>GLPI es una soluci\u00f3n de gesti\u00f3n de activos y servicios de TI que permite el seguimiento integral de los equipos y la gesti\u00f3n de reparaciones. Con GLPI, puedes mantener un registro detallado de cada activo, incluyendo su historial de reparaciones y mantenimiento. Esto no solo ayuda a rastrear los problemas recurrentes, sino que tambi\u00e9n permite una mejor planificaci\u00f3n de los recursos y una mayor eficiencia en la gesti\u00f3n de los equipos.<\/span><\/p><\/li><li><p><span style=\"font-size: 25px;\"><b>Snipe-IT: <\/b>Si buscas una herramienta especializada en la gesti\u00f3n de activos, Snipe-IT es una excelente opci\u00f3n. Este software de c\u00f3digo abierto te permite llevar un registro completo de tus equipos, generar hojas de vida detalladas y administrar las reparaciones necesarias. Con Snipe-IT, tendr\u00e1s un control total sobre tus activos y podr\u00e1s optimizar su rendimiento y vida \u00fatil.<\/span><\/p><\/li><\/ol>\t\t\t\t\t\t\t\t<\/div>\n\t\t\t\t<\/div>\n\t\t\t\t\t<\/div>\n\t\t<\/div>\n\t\t\t\t\t<\/div>\n\t\t<\/section>\n\t\t\t\t<section class=\"elementor-section elementor-top-section elementor-element elementor-element-f08ac39 elementor-section-boxed elementor-section-height-default elementor-section-height-default jltma-glass-effect-no\" data-id=\"f08ac39\" data-element_type=\"section\">\n\t\t\t\t\t\t<div class=\"elementor-container elementor-column-gap-default\">\n\t\t\t\t\t<div class=\"elementor-column elementor-col-100 elementor-top-column elementor-element elementor-element-8624c45 jltma-glass-effect-no\" data-id=\"8624c45\" data-element_type=\"column\">\n\t\t\t<div class=\"elementor-widget-wrap elementor-element-populated\">\n\t\t\t\t\t\t<div class=\"elementor-element elementor-element-b67d31a jltma-glass-effect-no elementor-widget elementor-widget-text-editor\" data-id=\"b67d31a\" data-element_type=\"widget\" data-widget_type=\"text-editor.default\">\n\t\t\t\t<div class=\"elementor-widget-container\">\n\t\t\t\t\t\t\t\t\t<p><span style=\"font-size: 25px;\">C<b>onclusi\u00f3n:<\/b> La gesti\u00f3n eficiente del servicio al cliente y el reporte de reparaciones de equipos son fundamentales para el \u00e9xito empresarial. Afortunadamente, gracias al software de c\u00f3digo abierto, las organizaciones pueden acceder a herramientas poderosas y personalizables sin incurrir en altos costos. OTRS, osTicket, GLPI y Snipe-IT son solo algunas de las opciones disponibles para optimizar la eficiencia empresarial y mejorar la hoja de vida de los equipos. Explora estas soluciones, elige la que mejor se adapte a tus necesidades y lleva tu gesti\u00f3n de servicio al cliente y reparaciones de equipos al siguiente nivel.<\/span><\/p>\t\t\t\t\t\t\t\t<\/div>\n\t\t\t\t<\/div>\n\t\t\t\t\t<\/div>\n\t\t<\/div>\n\t\t\t\t\t<\/div>\n\t\t<\/section>\n\t\t\t\t<section class=\"elementor-section elementor-top-section elementor-element elementor-element-917f51b elementor-section-boxed elementor-section-height-default elementor-section-height-default jltma-glass-effect-no\" data-id=\"917f51b\" data-element_type=\"section\">\n\t\t\t\t\t\t<div class=\"elementor-container elementor-column-gap-default\">\n\t\t\t\t\t<div class=\"elementor-column elementor-col-100 elementor-top-column elementor-element elementor-element-eee4c39 jltma-glass-effect-no\" data-id=\"eee4c39\" data-element_type=\"column\">\n\t\t\t<div class=\"elementor-widget-wrap elementor-element-populated\">\n\t\t\t\t\t\t<div class=\"elementor-element elementor-element-2feff91 jltma-glass-effect-no elementor-widget elementor-widget-ma-call-to-action\" data-id=\"2feff91\" data-element_type=\"widget\" data-widget_type=\"ma-call-to-action.default\">\n\t\t\t\t<div class=\"elementor-widget-container\">\n\t\t\t\t\t\n\t\t<section class=\"jltma-call-to-action\" id=\"jltma-action-content-2feff91\">\n\t\t\t<div class=\"style-01\">\n\t\t\t\t<div class=\"jltma-call-action-content\">\n\t\t\t\t\t<div class=\"jltma-row\">\n\t\t\t\t\t\t<div class=\"jltma-col-9\">\n\n\t\t\t\t\t\t\t\t\t\t\t\t\t\t\t<h3 class=\"jltma-call-action-title\">\n\t\t\t\t\t\t\t\t\tPotencia tu Empresa con Software de Gesti\u00f3n de Servicio al Cliente y Reparaciones\t\t\t\t\t\t\t\t<\/h3>\n\n\t\t\t\t\t\t\t\t<p class=\"jltma-call-action-description\">\n\t\t\t\t\t\t\t\t\t\u00a1No esperes m\u00e1s para impulsar el crecimiento seguro y estable de tu empresa! Si est\u00e1s interesado en implementar software de gesti\u00f3n de servicio al cliente, reporte de reparaciones y hoja de vida de equipos, cont\u00e1ctanos hoy mismo. Nuestro equipo de expertos te guiar\u00e1 en el proceso de implementaci\u00f3n y te ayudar\u00e1 a optimizar tus operaciones empresariales. \u00a1No pierdas esta oportunidad de potenciar tu \u00e9xito!\n\n\n\n\n\t\t\t\t\t\t\t\t<\/p>\n\t\t\t\t\t\t\t\n\t\t\t\t\t\t<\/div>\n\t\t\t\t\t\t<div class=\"jltma-col-3 text-right\">\n\t\t\t\t\t\t\t<a class=\"jltma-call-action-btn\" href=\"#lepopup-FORM-REDES-INFORMA\" target=\"_blank\">\n\t\t\t\t\t\t\t\tContactanos\t\t\t\t\t\t\t<\/a>\n\t\t\t\t\t\t<\/div>\n\t\t\t\t\t<\/div>\n\t\t\t\t<\/div>\n\t\t\t<\/div>\n\n\t\t<\/section>\n\t\t\t\t<\/div>\n\t\t\t\t<\/div>\n\t\t\t\t\t<\/div>\n\t\t<\/div>\n\t\t\t\t\t<\/div>\n\t\t<\/section>\n\t\t\t\t<\/div>\n\t\t","protected":false},"excerpt":{"rendered":"<p>Software de c\u00f3digo abierto para la gesti\u00f3n de servicio al cliente y reporte de reparaciones: Optimizando la eficiencia empresarial Introducci&oacute;n: En el din&aacute;mico mundo de los negocios, una gesti&oacute;n efectiva del servicio al cliente y el reporte de reparaciones de equipos son aspectos cr&iacute;ticos para el &eacute;xito de cualquier empresa. Afortunadamente, con los avances en [&hellip;]<\/p>\n","protected":false},"author":1,"featured_media":0,"parent":0,"menu_order":0,"comment_status":"closed","ping_status":"closed","template":"elementor_canvas","meta":{"footnotes":""},"class_list":["post-1364","page","type-page","status-publish","hentry"],"_links":{"self":[{"href":"https:\/\/servisistemas.com.co\/servicios-para-redes-computadores\/wp-json\/wp\/v2\/pages\/1364","targetHints":{"allow":["GET"]}}],"collection":[{"href":"https:\/\/servisistemas.com.co\/servicios-para-redes-computadores\/wp-json\/wp\/v2\/pages"}],"about":[{"href":"https:\/\/servisistemas.com.co\/servicios-para-redes-computadores\/wp-json\/wp\/v2\/types\/page"}],"author":[{"embeddable":true,"href":"https:\/\/servisistemas.com.co\/servicios-para-redes-computadores\/wp-json\/wp\/v2\/users\/1"}],"replies":[{"embeddable":true,"href":"https:\/\/servisistemas.com.co\/servicios-para-redes-computadores\/wp-json\/wp\/v2\/comments?post=1364"}],"version-history":[{"count":13,"href":"https:\/\/servisistemas.com.co\/servicios-para-redes-computadores\/wp-json\/wp\/v2\/pages\/1364\/revisions"}],"predecessor-version":[{"id":1379,"href":"https:\/\/servisistemas.com.co\/servicios-para-redes-computadores\/wp-json\/wp\/v2\/pages\/1364\/revisions\/1379"}],"wp:attachment":[{"href":"https:\/\/servisistemas.com.co\/servicios-para-redes-computadores\/wp-json\/wp\/v2\/media?parent=1364"}],"curies":[{"name":"wp","href":"https:\/\/api.w.org\/{rel}","templated":true}]}}