{"id":1623,"date":"2023-09-24T08:37:13","date_gmt":"2023-09-24T13:37:13","guid":{"rendered":"https:\/\/servisistemas.com.co\/servicios-para-redes-computadores\/?page_id=1623"},"modified":"2023-09-24T09:43:06","modified_gmt":"2023-09-24T14:43:06","slug":"optimizando-la-seguridad-de-servidores-linux-restriccion-avanzada-de-sesiones-simultaneas","status":"publish","type":"page","link":"https:\/\/servisistemas.com.co\/servicios-para-redes-computadores\/optimizando-la-seguridad-de-servidores-linux-restriccion-avanzada-de-sesiones-simultaneas\/","title":{"rendered":"Optimizando la Seguridad de Servidores Linux: Restricci\u00f3n Avanzada de Sesiones Simult\u00e1neas"},"content":{"rendered":"\t\t<div data-elementor-type=\"wp-page\" data-elementor-id=\"1623\" class=\"elementor elementor-1623\" data-elementor-post-type=\"page\">\n\t\t\t\t\t\t<section class=\"elementor-section elementor-top-section elementor-element elementor-element-08de147 elementor-section-boxed elementor-section-height-default elementor-section-height-default jltma-glass-effect-no\" data-id=\"08de147\" data-element_type=\"section\">\n\t\t\t\t\t\t<div class=\"elementor-container elementor-column-gap-default\">\n\t\t\t\t\t<div class=\"elementor-column elementor-col-100 elementor-top-column elementor-element elementor-element-d40ed11 jltma-glass-effect-no\" data-id=\"d40ed11\" data-element_type=\"column\">\n\t\t\t<div class=\"elementor-widget-wrap elementor-element-populated\">\n\t\t\t\t\t\t<div class=\"elementor-element elementor-element-73c6ac1 jltma-glass-effect-no elementor-widget elementor-widget-image\" data-id=\"73c6ac1\" data-element_type=\"widget\" data-widget_type=\"image.default\">\n\t\t\t\t<div class=\"elementor-widget-container\">\n\t\t\t\t\t\t\t\t\t\t\t\t\t\t\t<img fetchpriority=\"high\" decoding=\"async\" width=\"709\" height=\"210\" src=\"https:\/\/servisistemas.com.co\/servicios-para-redes-computadores\/wp-content\/uploads\/2023\/09\/multisesion_maximo_con_SSH.jpg\" class=\"attachment-large size-large wp-image-1651\" alt=\"\" srcset=\"https:\/\/servisistemas.com.co\/servicios-para-redes-computadores\/wp-content\/uploads\/2023\/09\/multisesion_maximo_con_SSH.jpg 709w, https:\/\/servisistemas.com.co\/servicios-para-redes-computadores\/wp-content\/uploads\/2023\/09\/multisesion_maximo_con_SSH-300x89.jpg 300w\" sizes=\"(max-width: 709px) 100vw, 709px\" title=\"\">\t\t\t\t\t\t\t\t\t\t\t\t\t\t\t<\/div>\n\t\t\t\t<\/div>\n\t\t\t\t<div class=\"elementor-element elementor-element-882764f jltma-glass-effect-no elementor-invisible elementor-widget elementor-widget-heading\" data-id=\"882764f\" data-element_type=\"widget\" data-settings=\"{&quot;_animation&quot;:&quot;fadeInDown&quot;}\" data-widget_type=\"heading.default\">\n\t\t\t\t<div class=\"elementor-widget-container\">\n\t\t\t\t\t<h2 class=\"elementor-heading-title elementor-size-default\">\u00a1Asegura tu Servidor Linux con esta Poderosa Restricci\u00f3n de Sesiones Simult\u00e1neas!<\/h2>\t\t\t\t<\/div>\n\t\t\t\t<\/div>\n\t\t\t\t\t<\/div>\n\t\t<\/div>\n\t\t\t\t\t<\/div>\n\t\t<\/section>\n\t\t\t\t<section class=\"elementor-section elementor-top-section elementor-element elementor-element-25183dc elementor-section-boxed elementor-section-height-default elementor-section-height-default jltma-glass-effect-no\" data-id=\"25183dc\" data-element_type=\"section\">\n\t\t\t\t\t\t<div class=\"elementor-container elementor-column-gap-default\">\n\t\t\t\t\t<div class=\"elementor-column elementor-col-100 elementor-top-column elementor-element elementor-element-ad85820 jltma-glass-effect-no\" data-id=\"ad85820\" data-element_type=\"column\">\n\t\t\t<div class=\"elementor-widget-wrap elementor-element-populated\">\n\t\t\t\t\t\t<div class=\"elementor-element elementor-element-914ecb3 jltma-glass-effect-no elementor-widget elementor-widget-heading\" data-id=\"914ecb3\" data-element_type=\"widget\" data-widget_type=\"heading.default\">\n\t\t\t\t<div class=\"elementor-widget-container\">\n\t\t\t\t\t<h3 class=\"elementor-heading-title elementor-size-default\">Maximiza la Seguridad de tu Servidor Linux Limitando Sesiones Simult\u00e1neas con Scripts Bash<\/h3>\t\t\t\t<\/div>\n\t\t\t\t<\/div>\n\t\t\t\t<div class=\"elementor-element elementor-element-88a0a69 jltma-glass-effect-no elementor-widget elementor-widget-text-editor\" data-id=\"88a0a69\" data-element_type=\"widget\" data-widget_type=\"text-editor.default\">\n\t\t\t\t<div class=\"elementor-widget-container\">\n\t\t\t\t\t\t\t\t\t<h3>Introducci\u00f3n<\/h3>\nEn entornos de servidores Linux, es esencial mantener un control estricto sobre el acceso de los usuarios para garantizar la seguridad y la eficiencia del sistema. Una de las medidas cruciales es limitar el n\u00famero de sesiones simult\u00e1neas que un usuario puede tener. En este art\u00edculo, aprender\u00e1s c\u00f3mo implementar esta restricci\u00f3n utilizando scripts Bash.\n<h3>Limitando Sesiones Simult\u00e1neas: Una Necesidad de Seguridad<\/h3>\nControlar el n\u00famero de sesiones que un usuario puede abrir simult\u00e1neamente es una medida de seguridad fundamental en cualquier servidor Linux. Esto previene posibles abusos y ayuda a mantener un control estricto sobre el acceso, lo que es especialmente importante en entornos corporativos.\n<h3>Implementando la Restricci\u00f3n con Scripts Bash<\/h3>\nEn lugar de depender exclusivamente de configuraciones en el archivo <code>sshd_config<\/code>, podemos utilizar scripts Bash para lograr el mismo objetivo. El siguiente c\u00f3digo verifica el n\u00famero de sesiones activas de un usuario y, si excede el l\u00edmite, impide la apertura de una nueva sesi\u00f3n:\n<pre><code>\n        if [[ $(who -u | grep -c $(whoami)) -ge 2 ]]; then\n            echo \"No se permiten m\u00e1s de 2 sesiones simult\u00e1neas.\"\n            exit\n        fi\n    <\/code><\/pre>\nEste script puede ser a\u00f1adido al archivo <code>.bashrc<\/code> o <code>.bash_profile<\/code> de los usuarios a los que deseamos aplicar esta restricci\u00f3n.\n<h3>Consideraciones Importantes<\/h3>\nEs importante tener en cuenta que este enfoque conf\u00eda en que los usuarios no modificar\u00e1n estos scripts por s\u00ed mismos. Adem\u00e1s, este m\u00e9todo es m\u00e1s rudimentario que la configuraci\u00f3n a nivel de servidor en el archivo <code>sshd_config<\/code>.\n<h3>Conclusi\u00f3n<\/h3>\nLimitar las sesiones simult\u00e1neas es una pr\u00e1ctica esencial para asegurar la integridad y seguridad de tu servidor Linux. A trav\u00e9s de scripts Bash, podemos implementar esta restricci\u00f3n de manera efectiva, proporcionando una capa adicional de seguridad en tu entorno.\n\n\u00a1Mant\u00e9n tu servidor protegido y eficiente implementando esta medida de seguridad hoy mismo!\t\t\t\t\t\t\t\t<\/div>\n\t\t\t\t<\/div>\n\t\t\t\t\t<\/div>\n\t\t<\/div>\n\t\t\t\t\t<\/div>\n\t\t<\/section>\n\t\t\t\t<section class=\"elementor-section elementor-top-section elementor-element elementor-element-25c3ef6 elementor-section-full_width elementor-section-height-default elementor-section-height-default jltma-glass-effect-no\" data-id=\"25c3ef6\" data-element_type=\"section\">\n\t\t\t\t\t\t<div class=\"elementor-container elementor-column-gap-default\">\n\t\t\t\t\t<div class=\"elementor-column elementor-col-100 elementor-top-column elementor-element elementor-element-3a04c1b jltma-glass-effect-no\" data-id=\"3a04c1b\" data-element_type=\"column\">\n\t\t\t<div class=\"elementor-widget-wrap elementor-element-populated\">\n\t\t\t\t\t\t<div class=\"elementor-element elementor-element-2b9af76 jltma-glass-effect-no elementor-widget elementor-widget-heading\" data-id=\"2b9af76\" data-element_type=\"widget\" data-widget_type=\"heading.default\">\n\t\t\t\t<div class=\"elementor-widget-container\">\n\t\t\t\t\t<span class=\"elementor-heading-title elementor-size-default\"><a href=\"https:\/\/servisistemas.com.co\/servicios-para-redes-computadores\/soporte-tecnico-para-servidores-gnu-linux\/\">Soporte para empresas con  servidores Linux <\/a><\/span>\t\t\t\t<\/div>\n\t\t\t\t<\/div>\n\t\t\t\t\t<\/div>\n\t\t<\/div>\n\t\t\t\t\t<\/div>\n\t\t<\/section>\n\t\t\t\t<\/div>\n\t\t","protected":false},"excerpt":{"rendered":"<p>\u00a1Asegura tu Servidor Linux con esta Poderosa Restricci\u00f3n de Sesiones Simult\u00e1neas! Maximiza la Seguridad de tu Servidor Linux Limitando Sesiones Simult\u00e1neas con Scripts Bash Introducci\u00f3n En entornos de servidores Linux, es esencial mantener un control estricto sobre el acceso de los usuarios para garantizar la seguridad y la eficiencia del sistema. Una de las medidas [&hellip;]<\/p>\n","protected":false},"author":1,"featured_media":0,"parent":0,"menu_order":0,"comment_status":"closed","ping_status":"closed","template":"","meta":{"footnotes":""},"class_list":["post-1623","page","type-page","status-publish","hentry"],"_links":{"self":[{"href":"https:\/\/servisistemas.com.co\/servicios-para-redes-computadores\/wp-json\/wp\/v2\/pages\/1623","targetHints":{"allow":["GET"]}}],"collection":[{"href":"https:\/\/servisistemas.com.co\/servicios-para-redes-computadores\/wp-json\/wp\/v2\/pages"}],"about":[{"href":"https:\/\/servisistemas.com.co\/servicios-para-redes-computadores\/wp-json\/wp\/v2\/types\/page"}],"author":[{"embeddable":true,"href":"https:\/\/servisistemas.com.co\/servicios-para-redes-computadores\/wp-json\/wp\/v2\/users\/1"}],"replies":[{"embeddable":true,"href":"https:\/\/servisistemas.com.co\/servicios-para-redes-computadores\/wp-json\/wp\/v2\/comments?post=1623"}],"version-history":[{"count":31,"href":"https:\/\/servisistemas.com.co\/servicios-para-redes-computadores\/wp-json\/wp\/v2\/pages\/1623\/revisions"}],"predecessor-version":[{"id":1661,"href":"https:\/\/servisistemas.com.co\/servicios-para-redes-computadores\/wp-json\/wp\/v2\/pages\/1623\/revisions\/1661"}],"wp:attachment":[{"href":"https:\/\/servisistemas.com.co\/servicios-para-redes-computadores\/wp-json\/wp\/v2\/media?parent=1623"}],"curies":[{"name":"wp","href":"https:\/\/api.w.org\/{rel}","templated":true}]}}