{"id":1687,"date":"2023-09-29T20:49:01","date_gmt":"2023-09-30T01:49:01","guid":{"rendered":"https:\/\/servisistemas.com.co\/servicios-para-redes-computadores\/?page_id=1687"},"modified":"2023-12-31T19:23:03","modified_gmt":"2024-01-01T00:23:03","slug":"guia-completa-para-actualizar-proxmox-ve-pasos-y-recomendaciones","status":"publish","type":"page","link":"https:\/\/servisistemas.com.co\/servicios-para-redes-computadores\/guia-completa-para-actualizar-proxmox-ve-pasos-y-recomendaciones\/","title":{"rendered":"Gu\u00eda Completa para Actualizar Proxmox VE: Pasos y Recomendaciones"},"content":{"rendered":"\t\t<div data-elementor-type=\"wp-page\" data-elementor-id=\"1687\" class=\"elementor elementor-1687\" data-elementor-post-type=\"page\">\n\t\t\t\t\t\t<section class=\"elementor-section elementor-top-section elementor-element elementor-element-d6b435e elementor-section-boxed elementor-section-height-default elementor-section-height-default jltma-glass-effect-no\" data-id=\"d6b435e\" data-element_type=\"section\">\n\t\t\t\t\t\t<div class=\"elementor-container elementor-column-gap-default\">\n\t\t\t\t\t<div class=\"elementor-column elementor-col-100 elementor-top-column elementor-element elementor-element-cf99c69 jltma-glass-effect-no\" data-id=\"cf99c69\" data-element_type=\"column\">\n\t\t\t<div class=\"elementor-widget-wrap elementor-element-populated\">\n\t\t\t\t\t\t<div class=\"elementor-element elementor-element-fef34f4 jltma-glass-effect-no elementor-widget elementor-widget-heading\" data-id=\"fef34f4\" data-element_type=\"widget\" data-widget_type=\"heading.default\">\n\t\t\t\t<div class=\"elementor-widget-container\">\n\t\t\t\t\t<h2 class=\"elementor-heading-title elementor-size-default\">Actualizando de Proxmox VE 7.1 a 7.4: Pasos Detallados y Consideraciones Importantes<\/h2>\t\t\t\t<\/div>\n\t\t\t\t<\/div>\n\t\t\t\t\t<\/div>\n\t\t<\/div>\n\t\t\t\t\t<\/div>\n\t\t<\/section>\n\t\t\t\t<section class=\"elementor-section elementor-top-section elementor-element elementor-element-833e834 elementor-section-boxed elementor-section-height-default elementor-section-height-default jltma-glass-effect-no\" data-id=\"833e834\" data-element_type=\"section\">\n\t\t\t\t\t\t<div class=\"elementor-container elementor-column-gap-default\">\n\t\t\t\t\t<div class=\"elementor-column elementor-col-100 elementor-top-column elementor-element elementor-element-a521edb jltma-glass-effect-no\" data-id=\"a521edb\" data-element_type=\"column\">\n\t\t\t<div class=\"elementor-widget-wrap elementor-element-populated\">\n\t\t\t\t\t\t<div class=\"elementor-element elementor-element-b36cb9e jltma-glass-effect-no elementor-widget elementor-widget-text-editor\" data-id=\"b36cb9e\" data-element_type=\"widget\" data-widget_type=\"text-editor.default\">\n\t\t\t\t<div class=\"elementor-widget-container\">\n\t\t\t\t\t\t\t\t\t<p>\u00a0<\/p><h1>Actualizar Proxmox sin Suscripci\u00f3n Oficial<\/h1><p><strong>Nota Importante:<\/strong> La siguiente gu\u00eda describe c\u00f3mo actualizar Proxmox VE sin una suscripci\u00f3n oficial. Ten en cuenta que esto puede violar los t\u00e9rminos de servicio y licencia de Proxmox. Te animo a considerar la suscripci\u00f3n oficial de Proxmox, ya que es una forma de apoyar el desarrollo continuo del proyecto.<\/p><h2>Paso 1: Accede al Servidor Proxmox<\/h2><p>Accede al servidor Proxmox a trav\u00e9s de SSH o directamente en la consola.<\/p><h2>Paso 2: Aseg\u00farate de tener una copia de seguridad<\/h2><p>Antes de realizar cualquier actualizaci\u00f3n, aseg\u00farate de tener una copia de seguridad completa del sistema. Puedes usar la interfaz web de Proxmox para hacer una copia de seguridad o usar comandos de l\u00ednea de comandos como <code>vzdump<\/code> o <code>qmbackup<\/code>.<\/p><pre><code>vzdump --all\n    <\/code><\/pre><h2>Paso 3: Cambia los Repositorios<\/h2><p><span style=\"font-family: monospace;\">Eliminar el repositorio comercial<\/span>:<\/p><p><span style=\"font-family: monospace;\"><span style=\"white-space: pre;\">rm \/etc\/apt\/sources.list.d\/pve-enterprise.list<\/span><\/span>\u00a0<\/p><pre><code>   <\/code><\/pre><p><span style=\"font-size: clamp(2.625rem, 2.625rem + (1vw - 0.48rem) * 8.4135, 3.25rem); color: var( --e-global-color-text ); font-family: var( --e-global-typography-text-font-family ), Sans-serif; background-color: var(--wp--preset--color--base);\">Paso 4: Agregar el Repositorio PVE-NO-SUBCRIPTION<\/span><\/p><p>Copia y pega la siguiente linea en el promt<\/p><pre><code>echo \"deb http:\/\/download.proxmox.com\/debian\/pve buster pve-no-subscription\" &gt;&gt; \/etc\/apt\/sources.list\n    <\/code><\/pre><h2>Paso 5: Actualiza el Sistema<\/h2><p>Actualiza el sistema para aplicar los cambios en los repositorios y obtener las actualizaciones disponibles:<\/p><pre><code>apt-get update -y &amp;&amp; apt-get upgrade -y\napt-get dist-upgrade\n    <\/code><\/pre><h2>Paso 6: Reinicia el Servidor<\/h2><p>Una vez que la actualizaci\u00f3n est\u00e9 completa, es recomendable reiniciar el servidor para asegurarse de que todos los cambios surtan efecto:<\/p><pre><code>reboot\n    <\/code><\/pre><h2>Paso 7: Verifica la Versi\u00f3n<\/h2><p>Despu\u00e9s del reinicio, accede a la interfaz web de Proxmox y verifica la versi\u00f3n en la esquina superior derecha. Aseg\u00farate de que la versi\u00f3n haya sido actualizada correctamente.<\/p><p><strong>Recuerda:<\/strong> al realizar actualizaciones sin una suscripci\u00f3n oficial, est\u00e1s utilizando Proxmox en un estado no completamente compatible. Esto puede afectar las actualizaciones futuras y la capacidad de obtener soporte de Proxmox.<\/p><p><strong>Nota Final:<\/strong> Esta gu\u00eda es proporcionada solo con fines informativos y no promueve ni respalda la violaci\u00f3n de los t\u00e9rminos de servicio o licencia de Proxmox. Se recomienda encarecidamente adquirir una suscripci\u00f3n oficial de Proxmox para soportar el proyecto y recibir actualizaciones y soporte adecuados.<\/p><p>\u00a0<\/p>\t\t\t\t\t\t\t\t<\/div>\n\t\t\t\t<\/div>\n\t\t\t\t\t<\/div>\n\t\t<\/div>\n\t\t\t\t\t<\/div>\n\t\t<\/section>\n\t\t\t\t<section class=\"elementor-section elementor-top-section elementor-element elementor-element-87bb62f elementor-section-boxed elementor-section-height-default elementor-section-height-default jltma-glass-effect-no\" data-id=\"87bb62f\" data-element_type=\"section\">\n\t\t\t\t\t\t<div class=\"elementor-container elementor-column-gap-default\">\n\t\t\t\t\t<div class=\"elementor-column elementor-col-100 elementor-top-column elementor-element elementor-element-8805717 jltma-glass-effect-no\" data-id=\"8805717\" data-element_type=\"column\">\n\t\t\t<div class=\"elementor-widget-wrap elementor-element-populated\">\n\t\t\t\t\t\t<div class=\"elementor-element elementor-element-c3fa928 jltma-glass-effect-no elementor-widget elementor-widget-heading\" data-id=\"c3fa928\" data-element_type=\"widget\" data-widget_type=\"heading.default\">\n\t\t\t\t<div class=\"elementor-widget-container\">\n\t\t\t\t\t<h2 class=\"elementor-heading-title elementor-size-default\">Si al reiniciar sigue en la version 7.1 ejecuta este ultimo comando<\/h2>\t\t\t\t<\/div>\n\t\t\t\t<\/div>\n\t\t\t\t<div class=\"elementor-element elementor-element-67a7ab3 jltma-glass-effect-no elementor-widget elementor-widget-text-editor\" data-id=\"67a7ab3\" data-element_type=\"widget\" data-widget_type=\"text-editor.default\">\n\t\t\t\t<div class=\"elementor-widget-container\">\n\t\t\t\t\t\t\t\t\t<p>pveam update &amp;&amp; apt full-upgrade<\/p><p>luego reboot y seguro estaras en la nueva version de proxmox para corregir para cosita que no te dejan avanzar en tus proyectos<\/p>\t\t\t\t\t\t\t\t<\/div>\n\t\t\t\t<\/div>\n\t\t\t\t\t<\/div>\n\t\t<\/div>\n\t\t\t\t\t<\/div>\n\t\t<\/section>\n\t\t\t\t<section class=\"elementor-section elementor-top-section elementor-element elementor-element-f2cc399 elementor-section-boxed elementor-section-height-default elementor-section-height-default jltma-glass-effect-no\" data-id=\"f2cc399\" data-element_type=\"section\">\n\t\t\t\t\t\t<div class=\"elementor-container elementor-column-gap-default\">\n\t\t\t\t\t<div class=\"elementor-column elementor-col-100 elementor-top-column elementor-element elementor-element-4b1073d jltma-glass-effect-no\" data-id=\"4b1073d\" data-element_type=\"column\">\n\t\t\t<div class=\"elementor-widget-wrap elementor-element-populated\">\n\t\t\t\t\t\t<div class=\"elementor-element elementor-element-ff73c94 elementor-widget-divider--view-line jltma-glass-effect-no elementor-widget elementor-widget-divider\" data-id=\"ff73c94\" data-element_type=\"widget\" data-widget_type=\"divider.default\">\n\t\t\t\t<div class=\"elementor-widget-container\">\n\t\t\t\t\t\t\t<div class=\"elementor-divider\">\n\t\t\t<span class=\"elementor-divider-separator\">\n\t\t\t\t\t\t<\/span>\n\t\t<\/div>\n\t\t\t\t\t\t<\/div>\n\t\t\t\t<\/div>\n\t\t\t\t\t<\/div>\n\t\t<\/div>\n\t\t\t\t\t<\/div>\n\t\t<\/section>\n\t\t\t\t<section class=\"elementor-section elementor-top-section elementor-element elementor-element-22cf37f elementor-section-boxed elementor-section-height-default elementor-section-height-default jltma-glass-effect-no\" data-id=\"22cf37f\" data-element_type=\"section\">\n\t\t\t\t\t\t<div class=\"elementor-container elementor-column-gap-default\">\n\t\t\t\t\t<div class=\"elementor-column elementor-col-100 elementor-top-column elementor-element elementor-element-b373b09 jltma-glass-effect-no\" data-id=\"b373b09\" data-element_type=\"column\">\n\t\t\t<div class=\"elementor-widget-wrap elementor-element-populated\">\n\t\t\t\t\t\t<div class=\"elementor-element elementor-element-a2944ee jltma-glass-effect-no elementor-widget elementor-widget-heading\" data-id=\"a2944ee\" data-element_type=\"widget\" data-widget_type=\"heading.default\">\n\t\t\t\t<div class=\"elementor-widget-container\">\n\t\t\t\t\t<h2 class=\"elementor-heading-title elementor-size-default\">Mas sobre Proxmox<\/h2>\t\t\t\t<\/div>\n\t\t\t\t<\/div>\n\t\t\t\t<section class=\"elementor-section elementor-inner-section elementor-element elementor-element-99eadce elementor-section-boxed elementor-section-height-default elementor-section-height-default jltma-glass-effect-no\" data-id=\"99eadce\" data-element_type=\"section\">\n\t\t\t\t\t\t<div class=\"elementor-container elementor-column-gap-default\">\n\t\t\t\t\t<div class=\"elementor-column elementor-col-33 elementor-inner-column elementor-element elementor-element-9927144 jltma-glass-effect-no\" data-id=\"9927144\" data-element_type=\"column\">\n\t\t\t<div class=\"elementor-widget-wrap elementor-element-populated\">\n\t\t\t\t\t\t<div class=\"elementor-element elementor-element-a9c8306 jltma-glass-effect-no elementor-widget elementor-widget-heading\" data-id=\"a9c8306\" data-element_type=\"widget\" data-widget_type=\"heading.default\">\n\t\t\t\t<div class=\"elementor-widget-container\">\n\t\t\t\t\t<h3 class=\"elementor-heading-title elementor-size-medium\"><a href=\"https:\/\/servisistemas.com.co\/servicios-para-redes-computadores\/you-do-not-have-a-valid-subscription-for-this-server-please-visit-www-proxmox-to-get-a-list-of-available-options\">Como quitar el mensaje de suscripci\u00f3n no valida<\/a><\/h3>\t\t\t\t<\/div>\n\t\t\t\t<\/div>\n\t\t\t\t<div class=\"elementor-element elementor-element-3f41319 jltma-glass-effect-no elementor-widget elementor-widget-image\" data-id=\"3f41319\" data-element_type=\"widget\" data-widget_type=\"image.default\">\n\t\t\t\t<div class=\"elementor-widget-container\">\n\t\t\t\t\t\t\t\t\t\t\t\t\t\t\t\t<a href=\"https:\/\/servisistemas.com.co\/servicios-para-redes-computadores\/you-do-not-have-a-valid-subscription-for-this-server-please-visit-www-proxmox-to-get-a-list-of-available-options\">\n\t\t\t\t\t\t\t<img fetchpriority=\"high\" decoding=\"async\" width=\"1024\" height=\"329\" src=\"https:\/\/servisistemas.com.co\/servicios-para-redes-computadores\/wp-content\/uploads\/2023\/12\/como_quitar_mensaje_suspcripcion_invalida_proxmox-1024x329.jpg\" class=\"attachment-large size-large wp-image-1875\" alt=\"Aprende a quitar el mensaje que sale cuando inicias sesion en proxmox\" srcset=\"https:\/\/servisistemas.com.co\/servicios-para-redes-computadores\/wp-content\/uploads\/2023\/12\/como_quitar_mensaje_suspcripcion_invalida_proxmox-1024x329.jpg 1024w, https:\/\/servisistemas.com.co\/servicios-para-redes-computadores\/wp-content\/uploads\/2023\/12\/como_quitar_mensaje_suspcripcion_invalida_proxmox-300x96.jpg 300w, https:\/\/servisistemas.com.co\/servicios-para-redes-computadores\/wp-content\/uploads\/2023\/12\/como_quitar_mensaje_suspcripcion_invalida_proxmox-768x247.jpg 768w, https:\/\/servisistemas.com.co\/servicios-para-redes-computadores\/wp-content\/uploads\/2023\/12\/como_quitar_mensaje_suspcripcion_invalida_proxmox.jpg 1115w\" sizes=\"(max-width: 1024px) 100vw, 1024px\" title=\"\">\t\t\t\t\t\t\t\t<\/a>\n\t\t\t\t\t\t\t\t\t\t\t\t\t\t\t<\/div>\n\t\t\t\t<\/div>\n\t\t\t\t\t<\/div>\n\t\t<\/div>\n\t\t\t\t<div class=\"elementor-column elementor-col-33 elementor-inner-column elementor-element elementor-element-1495b3b jltma-glass-effect-no\" data-id=\"1495b3b\" data-element_type=\"column\">\n\t\t\t<div class=\"elementor-widget-wrap elementor-element-populated\">\n\t\t\t\t\t\t<div class=\"elementor-element elementor-element-da90cc4 jltma-glass-effect-no elementor-widget elementor-widget-heading\" data-id=\"da90cc4\" data-element_type=\"widget\" data-widget_type=\"heading.default\">\n\t\t\t\t<div class=\"elementor-widget-container\">\n\t\t\t\t\t<h3 class=\"elementor-heading-title elementor-size-medium\"><a href=\"https:\/\/servisistemas.com.co\/servicios-para-redes-computadores\/aprende-rapidamente-como-agregar-disco-duros-o-ssd-o-sas-a-proxmox\/\">Como agregar disco nuevos en Proxmox <\/a><\/h3>\t\t\t\t<\/div>\n\t\t\t\t<\/div>\n\t\t\t\t<div class=\"elementor-element elementor-element-22413ce jltma-glass-effect-no elementor-widget elementor-widget-image\" data-id=\"22413ce\" data-element_type=\"widget\" data-widget_type=\"image.default\">\n\t\t\t\t<div class=\"elementor-widget-container\">\n\t\t\t\t\t\t\t\t\t\t\t\t\t\t\t\t<a href=\"https:\/\/servisistemas.com.co\/servicios-para-redes-computadores\/aprende-rapidamente-como-agregar-disco-duros-o-ssd-o-sas-a-proxmox\/\">\n\t\t\t\t\t\t\t<img decoding=\"async\" width=\"1024\" height=\"576\" src=\"https:\/\/servisistemas.com.co\/servicios-para-redes-computadores\/wp-content\/uploads\/2023\/08\/youtube-1024x576.jpg\" class=\"attachment-large size-large wp-image-1573\" alt=\"\" srcset=\"https:\/\/servisistemas.com.co\/servicios-para-redes-computadores\/wp-content\/uploads\/2023\/08\/youtube-1024x576.jpg 1024w, https:\/\/servisistemas.com.co\/servicios-para-redes-computadores\/wp-content\/uploads\/2023\/08\/youtube-300x169.jpg 300w, https:\/\/servisistemas.com.co\/servicios-para-redes-computadores\/wp-content\/uploads\/2023\/08\/youtube-768x432.jpg 768w, https:\/\/servisistemas.com.co\/servicios-para-redes-computadores\/wp-content\/uploads\/2023\/08\/youtube.jpg 1280w\" sizes=\"(max-width: 1024px) 100vw, 1024px\" title=\"\">\t\t\t\t\t\t\t\t<\/a>\n\t\t\t\t\t\t\t\t\t\t\t\t\t\t\t<\/div>\n\t\t\t\t<\/div>\n\t\t\t\t\t<\/div>\n\t\t<\/div>\n\t\t\t\t<div class=\"elementor-column elementor-col-33 elementor-inner-column elementor-element elementor-element-710a079 jltma-glass-effect-no\" data-id=\"710a079\" data-element_type=\"column\">\n\t\t\t<div class=\"elementor-widget-wrap elementor-element-populated\">\n\t\t\t\t\t\t<div class=\"elementor-element elementor-element-0886033 jltma-glass-effect-no elementor-widget elementor-widget-heading\" data-id=\"0886033\" data-element_type=\"widget\" data-widget_type=\"heading.default\">\n\t\t\t\t<div class=\"elementor-widget-container\">\n\t\t\t\t\t<h3 class=\"elementor-heading-title elementor-size-medium\"><a href=\"https:\/\/servisistemas.com.co\/servicios-para-redes-computadores\/navegando-por-las-aguas-turbulentas-de-proxmox-ve-como-superar-desafios-comunes-y-emerger-victorioso\/\">Antes de actualizar tu Proxmox lee este articulo<\/a><\/h3>\t\t\t\t<\/div>\n\t\t\t\t<\/div>\n\t\t\t\t<div class=\"elementor-element elementor-element-0a4deae jltma-glass-effect-no elementor-widget elementor-widget-image\" data-id=\"0a4deae\" data-element_type=\"widget\" data-widget_type=\"image.default\">\n\t\t\t\t<div class=\"elementor-widget-container\">\n\t\t\t\t\t\t\t\t\t\t\t\t\t\t\t\t<a href=\"https:\/\/servisistemas.com.co\/servicios-para-redes-computadores\/navegando-por-las-aguas-turbulentas-de-proxmox-ve-como-superar-desafios-comunes-y-emerger-victorioso\/\">\n\t\t\t\t\t\t\t<img decoding=\"async\" width=\"530\" height=\"302\" src=\"https:\/\/servisistemas.com.co\/servicios-para-redes-computadores\/wp-content\/uploads\/2023\/12\/errores_proxmox.jpg\" class=\"attachment-large size-large wp-image-1909\" alt=\"\" srcset=\"https:\/\/servisistemas.com.co\/servicios-para-redes-computadores\/wp-content\/uploads\/2023\/12\/errores_proxmox.jpg 530w, https:\/\/servisistemas.com.co\/servicios-para-redes-computadores\/wp-content\/uploads\/2023\/12\/errores_proxmox-300x171.jpg 300w\" sizes=\"(max-width: 530px) 100vw, 530px\" title=\"\">\t\t\t\t\t\t\t\t<\/a>\n\t\t\t\t\t\t\t\t\t\t\t\t\t\t\t<\/div>\n\t\t\t\t<\/div>\n\t\t\t\t\t<\/div>\n\t\t<\/div>\n\t\t\t\t\t<\/div>\n\t\t<\/section>\n\t\t\t\t\t<\/div>\n\t\t<\/div>\n\t\t\t\t\t<\/div>\n\t\t<\/section>\n\t\t\t\t<\/div>\n\t\t","protected":false},"excerpt":{"rendered":"<p>Actualizando de Proxmox VE 7.1 a 7.4: Pasos Detallados y Consideraciones Importantes \u00a0 Actualizar Proxmox sin Suscripci\u00f3n Oficial Nota Importante: La siguiente gu\u00eda describe c\u00f3mo actualizar Proxmox VE sin una suscripci\u00f3n oficial. Ten en cuenta que esto puede violar los t\u00e9rminos de servicio y licencia de Proxmox. Te animo a considerar la suscripci\u00f3n oficial de [&hellip;]<\/p>\n","protected":false},"author":1,"featured_media":0,"parent":0,"menu_order":0,"comment_status":"closed","ping_status":"closed","template":"","meta":{"footnotes":""},"class_list":["post-1687","page","type-page","status-publish","hentry"],"_links":{"self":[{"href":"https:\/\/servisistemas.com.co\/servicios-para-redes-computadores\/wp-json\/wp\/v2\/pages\/1687","targetHints":{"allow":["GET"]}}],"collection":[{"href":"https:\/\/servisistemas.com.co\/servicios-para-redes-computadores\/wp-json\/wp\/v2\/pages"}],"about":[{"href":"https:\/\/servisistemas.com.co\/servicios-para-redes-computadores\/wp-json\/wp\/v2\/types\/page"}],"author":[{"embeddable":true,"href":"https:\/\/servisistemas.com.co\/servicios-para-redes-computadores\/wp-json\/wp\/v2\/users\/1"}],"replies":[{"embeddable":true,"href":"https:\/\/servisistemas.com.co\/servicios-para-redes-computadores\/wp-json\/wp\/v2\/comments?post=1687"}],"version-history":[{"count":44,"href":"https:\/\/servisistemas.com.co\/servicios-para-redes-computadores\/wp-json\/wp\/v2\/pages\/1687\/revisions"}],"predecessor-version":[{"id":1927,"href":"https:\/\/servisistemas.com.co\/servicios-para-redes-computadores\/wp-json\/wp\/v2\/pages\/1687\/revisions\/1927"}],"wp:attachment":[{"href":"https:\/\/servisistemas.com.co\/servicios-para-redes-computadores\/wp-json\/wp\/v2\/media?parent=1687"}],"curies":[{"name":"wp","href":"https:\/\/api.w.org\/{rel}","templated":true}]}}