{"id":1729,"date":"2023-10-02T16:00:59","date_gmt":"2023-10-02T21:00:59","guid":{"rendered":"https:\/\/servisistemas.com.co\/servicios-para-redes-computadores\/?page_id=1729"},"modified":"2023-10-15T15:23:19","modified_gmt":"2023-10-15T20:23:19","slug":"soluciones-de-seguridad-contra-ransomware-para-empresas","status":"publish","type":"page","link":"https:\/\/servisistemas.com.co\/servicios-para-redes-computadores\/soluciones-de-seguridad-contra-ransomware-para-empresas\/","title":{"rendered":"Soluciones de Seguridad contra Ransomware para Empresas"},"content":{"rendered":"\t\t<div data-elementor-type=\"wp-page\" data-elementor-id=\"1729\" class=\"elementor elementor-1729\" data-elementor-post-type=\"page\">\n\t\t\t\t\t\t<section class=\"elementor-section elementor-top-section elementor-element elementor-element-fc2bdef elementor-section-boxed elementor-section-height-default elementor-section-height-default jltma-glass-effect-no\" data-id=\"fc2bdef\" data-element_type=\"section\">\n\t\t\t\t\t\t<div class=\"elementor-container elementor-column-gap-default\">\n\t\t\t\t\t<div class=\"elementor-column elementor-col-100 elementor-top-column elementor-element elementor-element-0ef448f jltma-glass-effect-no\" data-id=\"0ef448f\" data-element_type=\"column\">\n\t\t\t<div class=\"elementor-widget-wrap elementor-element-populated\">\n\t\t\t\t\t\t<div class=\"elementor-element elementor-element-f9f547e jltma-glass-effect-no elementor-widget elementor-widget-heading\" data-id=\"f9f547e\" data-element_type=\"widget\" data-widget_type=\"heading.default\">\n\t\t\t\t<div class=\"elementor-widget-container\">\n\t\t\t\t\t<h1 class=\"elementor-heading-title elementor-size-default\">Escudo Empresarial<br>\nProtecci\u00f3n Integral contra Ransomware y Amenazas Cibern\u00e9ticas<\/h1>\t\t\t\t<\/div>\n\t\t\t\t<\/div>\n\t\t\t\t\t<\/div>\n\t\t<\/div>\n\t\t\t\t\t<\/div>\n\t\t<\/section>\n\t\t\t\t<section class=\"elementor-section elementor-top-section elementor-element elementor-element-39f5731 elementor-section-boxed elementor-section-height-default elementor-section-height-default jltma-glass-effect-no\" data-id=\"39f5731\" data-element_type=\"section\">\n\t\t\t\t\t\t<div class=\"elementor-container elementor-column-gap-default\">\n\t\t\t\t\t<div class=\"elementor-column elementor-col-100 elementor-top-column elementor-element elementor-element-781dee5 jltma-glass-effect-no\" data-id=\"781dee5\" data-element_type=\"column\">\n\t\t\t<div class=\"elementor-widget-wrap elementor-element-populated\">\n\t\t\t\t\t\t<div class=\"elementor-element elementor-element-f127939 jltma-glass-effect-no elementor-widget elementor-widget-text-editor\" data-id=\"f127939\" data-element_type=\"widget\" data-widget_type=\"text-editor.default\">\n\t\t\t\t<div class=\"elementor-widget-container\">\n\t\t\t\t\t\t\t\t\t<p><span style=\"color: var( --e-global-color-text ); font-family: var( --e-global-typography-text-font-family ), Sans-serif; font-weight: var( --e-global-typography-text-font-weight ); background-color: var(--wp--preset--color--base); font-size: var(--wp--preset--font-size--medium);\">Evite los riesgos y mantenga su negocio seguro con nuestra experiencia en seguridad cibern\u00e9tica.<\/span><br><\/p><section id=\"hero\">\n<p>        <a href=\"#contacto\" class=\"cta-button\">Solicitar Cotizaci\u00f3n<\/a><br>\n    <\/p><\/section>\n<section id=\"about\">\n<h3>Sobre Nosotros<\/h3>\n<p>Somos un equipo de expertos en seguridad cibern\u00e9tica con amplia experiencia en la protecci\u00f3n contra el ransomware y otras amenazas digitales. Trabajamos mano a mano con empresas de toda Latinoam\u00e9rica para garantizar la seguridad de su informaci\u00f3n y mantener la continuidad de sus operaciones.<\/p>\n<\/section>\n<section id=\"services\">\n<h3>Nuestros Servicios<\/h3>\n<ul>\n<li>Evaluaci\u00f3n de Riesgos y Vulnerabilidades<\/li>\n<li>Actualizaci\u00f3n y Puesta al D\u00eda de Sistemas<\/li>\n<li>Instalaci\u00f3n y Configuraci\u00f3n de Herramientas Avanzadas<\/li>\n<li>Formaci\u00f3n y Concientizaci\u00f3n del Personal<\/li>\n<li>Monitorizaci\u00f3n Continua y Respuesta R\u00e1pida<\/li>\n<\/ul>\n<\/section>\n<section id=\"linux-servers\">\n<h3>Seguridad en Servidores Linux<\/h3>\n<p>Entendemos la importancia cr\u00edtica de los servidores Linux en su infraestructura. Nuestros expertos se especializan en:<\/p>\n<ul>\n<li>Configuraci\u00f3n de Firewalls y Reglas de Acceso<\/li>\n<li>Actualizaciones de Sistema y Parches de Seguridad<\/li>\n<li>Implementaci\u00f3n de Seguridad a Nivel de Red<\/li>\n<li>Gesti\u00f3n de Claves y Certificados<\/li>\n<li>Monitoreo de Logs y Detecci\u00f3n de Anomal\u00edas<\/li>\n<\/ul>\n<\/section>\n<section id=\"security-tools\">\n<h3>Herramientas de Seguridad<\/h3>\n<p>Utilizamos una variedad de herramientas avanzadas para mantener su red segura, incluyendo:<\/p>\n<ul>\n<li>Firewall de Pr\u00f3xima Generaci\u00f3n<\/li>\n<li>Antivirus y Antimalware Especializados<\/li>\n<li>Autenticaci\u00f3n de Doble Factor<\/li>\n<li>Encriptaci\u00f3n de Datos Sensibles<\/li>\n<li>Software de Detecci\u00f3n de Intrusiones (IDS)<\/li>\n<\/ul>\n<\/section>\n\t\t\t\t\t\t\t\t<\/div>\n\t\t\t\t<\/div>\n\t\t\t\t\t<\/div>\n\t\t<\/div>\n\t\t\t\t\t<\/div>\n\t\t<\/section>\n\t\t\t\t<section class=\"elementor-section elementor-top-section elementor-element elementor-element-9a16aa4 elementor-section-boxed elementor-section-height-default elementor-section-height-default jltma-glass-effect-no\" data-id=\"9a16aa4\" data-element_type=\"section\">\n\t\t\t\t\t\t<div class=\"elementor-container elementor-column-gap-default\">\n\t\t\t\t\t<div class=\"elementor-column elementor-col-100 elementor-top-column elementor-element elementor-element-9f0e0d2 jltma-glass-effect-no\" data-id=\"9f0e0d2\" data-element_type=\"column\">\n\t\t\t<div class=\"elementor-widget-wrap elementor-element-populated\">\n\t\t\t\t\t\t<div class=\"elementor-element elementor-element-a4e1405 jltma-glass-effect-no elementor-widget elementor-widget-heading\" data-id=\"a4e1405\" data-element_type=\"widget\" data-widget_type=\"heading.default\">\n\t\t\t\t<div class=\"elementor-widget-container\">\n\t\t\t\t\t<span class=\"elementor-heading-title elementor-size-default\"><a href=\"https:\/\/servisistemas.com.co\/servicios-para-redes-computadores\/inmunizando-la-red-analisis-forense-de-un-ataque-con-gusano-en-microsoft-windows\">Descubre las Herramientas Open Source que Proteger\u00e1n tus Sistemas<\/a><\/span>\t\t\t\t<\/div>\n\t\t\t\t<\/div>\n\t\t\t\t\t<\/div>\n\t\t<\/div>\n\t\t\t\t\t<\/div>\n\t\t<\/section>\n\t\t\t\t<\/div>\n\t\t","protected":false},"excerpt":{"rendered":"<p>Escudo Empresarial Protecci\u00f3n Integral contra Ransomware y Amenazas Cibern\u00e9ticas Evite los riesgos y mantenga su negocio seguro con nuestra experiencia en seguridad cibern\u00e9tica. Solicitar Cotizaci\u00f3n Sobre Nosotros Somos un equipo de expertos en seguridad cibern\u00e9tica con amplia experiencia en la protecci\u00f3n contra el ransomware y otras amenazas digitales. Trabajamos mano a mano con empresas de [&hellip;]<\/p>\n","protected":false},"author":1,"featured_media":0,"parent":0,"menu_order":0,"comment_status":"closed","ping_status":"closed","template":"","meta":{"footnotes":""},"class_list":["post-1729","page","type-page","status-publish","hentry"],"_links":{"self":[{"href":"https:\/\/servisistemas.com.co\/servicios-para-redes-computadores\/wp-json\/wp\/v2\/pages\/1729","targetHints":{"allow":["GET"]}}],"collection":[{"href":"https:\/\/servisistemas.com.co\/servicios-para-redes-computadores\/wp-json\/wp\/v2\/pages"}],"about":[{"href":"https:\/\/servisistemas.com.co\/servicios-para-redes-computadores\/wp-json\/wp\/v2\/types\/page"}],"author":[{"embeddable":true,"href":"https:\/\/servisistemas.com.co\/servicios-para-redes-computadores\/wp-json\/wp\/v2\/users\/1"}],"replies":[{"embeddable":true,"href":"https:\/\/servisistemas.com.co\/servicios-para-redes-computadores\/wp-json\/wp\/v2\/comments?post=1729"}],"version-history":[{"count":13,"href":"https:\/\/servisistemas.com.co\/servicios-para-redes-computadores\/wp-json\/wp\/v2\/pages\/1729\/revisions"}],"predecessor-version":[{"id":1793,"href":"https:\/\/servisistemas.com.co\/servicios-para-redes-computadores\/wp-json\/wp\/v2\/pages\/1729\/revisions\/1793"}],"wp:attachment":[{"href":"https:\/\/servisistemas.com.co\/servicios-para-redes-computadores\/wp-json\/wp\/v2\/media?parent=1729"}],"curies":[{"name":"wp","href":"https:\/\/api.w.org\/{rel}","templated":true}]}}