{"id":1753,"date":"2023-10-14T06:12:42","date_gmt":"2023-10-14T11:12:42","guid":{"rendered":"https:\/\/servisistemas.com.co\/servicios-para-redes-computadores\/?page_id=1753"},"modified":"2024-05-05T13:01:32","modified_gmt":"2024-05-05T18:01:32","slug":"transformando-el-almacenamiento-libera-el-poder-de-lvm-para-una-escalabilidad-sin-fronteras","status":"publish","type":"page","link":"https:\/\/servisistemas.com.co\/servicios-para-redes-computadores\/transformando-el-almacenamiento-libera-el-poder-de-lvm-para-una-escalabilidad-sin-fronteras\/","title":{"rendered":"Transformando el Almacenamiento: \u00a1Libera el Poder de LVM para una Escalabilidad sin Fronteras!"},"content":{"rendered":"\t\t<div data-elementor-type=\"wp-page\" data-elementor-id=\"1753\" class=\"elementor elementor-1753\" data-elementor-post-type=\"page\">\n\t\t\t\t\t\t<section class=\"elementor-section elementor-top-section elementor-element elementor-element-1dc551b elementor-section-stretched elementor-section-boxed elementor-section-height-default elementor-section-height-default jltma-glass-effect-no\" data-id=\"1dc551b\" data-element_type=\"section\" data-settings=\"{&quot;stretch_section&quot;:&quot;section-stretched&quot;}\">\n\t\t\t\t\t\t<div class=\"elementor-container elementor-column-gap-default\">\n\t\t\t\t\t<div class=\"elementor-column elementor-col-100 elementor-top-column elementor-element elementor-element-bc2d623 jltma-glass-effect-no\" data-id=\"bc2d623\" data-element_type=\"column\">\n\t\t\t<div class=\"elementor-widget-wrap elementor-element-populated\">\n\t\t\t\t\t\t<div class=\"elementor-element elementor-element-87a17b3 jltma-glass-effect-no elementor-widget elementor-widget-heading\" data-id=\"87a17b3\" data-element_type=\"widget\" data-widget_type=\"heading.default\">\n\t\t\t\t<div class=\"elementor-widget-container\">\n\t\t\t\t\t<h2 class=\"elementor-heading-title elementor-size-default\">Potenciando el \u00c9xito Empresarial con Proxmox<\/h2>\t\t\t\t<\/div>\n\t\t\t\t<\/div>\n\t\t\t\t<div class=\"elementor-element elementor-element-52a7fdc jltma-glass-effect-no elementor-widget elementor-widget-heading\" data-id=\"52a7fdc\" data-element_type=\"widget\" data-widget_type=\"heading.default\">\n\t\t\t\t<div class=\"elementor-widget-container\">\n\t\t\t\t\t<h2 class=\"elementor-heading-title elementor-size-default\">Una Soluci\u00f3n Integral para sus Desaf\u00edos Tecnol\u00f3gicos<\/h2>\t\t\t\t<\/div>\n\t\t\t\t<\/div>\n\t\t\t\t\t<\/div>\n\t\t<\/div>\n\t\t\t\t\t<\/div>\n\t\t<\/section>\n\t\t\t\t<section class=\"elementor-section elementor-top-section elementor-element elementor-element-8a439df elementor-section-full_width elementor-section-stretched elementor-section-height-default elementor-section-height-default jltma-glass-effect-no\" data-id=\"8a439df\" data-element_type=\"section\" data-settings=\"{&quot;stretch_section&quot;:&quot;section-stretched&quot;}\">\n\t\t\t\t\t\t<div class=\"elementor-container elementor-column-gap-default\">\n\t\t\t\t\t<div class=\"elementor-column elementor-col-100 elementor-top-column elementor-element elementor-element-679ba6d jltma-glass-effect-no\" data-id=\"679ba6d\" data-element_type=\"column\">\n\t\t\t<div class=\"elementor-widget-wrap elementor-element-populated\">\n\t\t\t\t\t\t<div class=\"elementor-element elementor-element-5e51d4c jltma-glass-effect-no elementor-widget elementor-widget-text-editor\" data-id=\"5e51d4c\" data-element_type=\"widget\" data-widget_type=\"text-editor.default\">\n\t\t\t\t<div class=\"elementor-widget-container\">\n\t\t\t\t\t\t\t\t\t<p>En el competitivo mundo empresarial actual, las organizaciones se enfrentan a una serie de desaf\u00edos tecnol\u00f3gicos que pueden obstaculizar su crecimiento y eficiencia operativa.\u00a0<\/p><p>Desde problemas de red hasta la falta de soporte t\u00e9cnico especializado, pasando por la obsolescencia de infraestructuras, muchas empresas se encuentran en la b\u00fasqueda de soluciones integrales que aborden estas necesidades de manera efectiva.<\/p>\t\t\t\t\t\t\t\t<\/div>\n\t\t\t\t<\/div>\n\t\t\t\t<section class=\"elementor-section elementor-inner-section elementor-element elementor-element-a444454 elementor-section-full_width elementor-section-height-default elementor-section-height-default jltma-glass-effect-no\" data-id=\"a444454\" data-element_type=\"section\">\n\t\t\t\t\t\t<div class=\"elementor-container elementor-column-gap-default\">\n\t\t\t\t\t<div class=\"elementor-column elementor-col-50 elementor-inner-column elementor-element elementor-element-8bc45b3 jltma-glass-effect-no\" data-id=\"8bc45b3\" data-element_type=\"column\">\n\t\t\t<div class=\"elementor-widget-wrap elementor-element-populated\">\n\t\t\t\t\t\t<div class=\"elementor-element elementor-element-13d30e0 jltma-glass-effect-no elementor-widget elementor-widget-heading\" data-id=\"13d30e0\" data-element_type=\"widget\" data-widget_type=\"heading.default\">\n\t\t\t\t<div class=\"elementor-widget-container\">\n\t\t\t\t\t<h2 class=\"elementor-heading-title elementor-size-default\">Transformando Desaf\u00edos en Oportunidades<\/h2>\t\t\t\t<\/div>\n\t\t\t\t<\/div>\n\t\t\t\t<div class=\"elementor-element elementor-element-2db3946 jltma-glass-effect-no elementor-widget elementor-widget-text-editor\" data-id=\"2db3946\" data-element_type=\"widget\" data-widget_type=\"text-editor.default\">\n\t\t\t\t<div class=\"elementor-widget-container\">\n\t\t\t\t\t\t\t\t\t<p>Es aqu\u00ed donde Proxmox emerge como una herramienta esencial para transformar los desaf\u00edos en oportunidades.\u00a0<\/p><p>Dise\u00f1ado para ofrecer una soluci\u00f3n completa de virtualizaci\u00f3n, Proxmox se convierte en el aliado ideal para aquellas empresas que buscan mejorar su conectividad, seguridad y eficiencia operativa, incluso cuando carecen de un departamento de tecnolog\u00eda dedicado o enfrentan obst\u00e1culos relacionados con la falta de conocimiento en la materia.<\/p>\t\t\t\t\t\t\t\t<\/div>\n\t\t\t\t<\/div>\n\t\t\t\t\t<\/div>\n\t\t<\/div>\n\t\t\t\t<div class=\"elementor-column elementor-col-50 elementor-inner-column elementor-element elementor-element-5a3ceba jltma-glass-effect-no\" data-id=\"5a3ceba\" data-element_type=\"column\">\n\t\t\t<div class=\"elementor-widget-wrap elementor-element-populated\">\n\t\t\t\t\t\t<div class=\"elementor-element elementor-element-0b367b6 jltma-glass-effect-no elementor-widget elementor-widget-image\" data-id=\"0b367b6\" data-element_type=\"widget\" data-widget_type=\"image.default\">\n\t\t\t\t<div class=\"elementor-widget-container\">\n\t\t\t\t\t\t\t\t\t\t\t\t\t\t\t<img fetchpriority=\"high\" decoding=\"async\" width=\"1024\" height=\"721\" src=\"https:\/\/servisistemas.com.co\/servicios-para-redes-computadores\/wp-content\/uploads\/2024\/05\/virtual_prox-1024x721.jpg\" class=\"attachment-large size-large wp-image-2203\" alt=\"\" srcset=\"https:\/\/servisistemas.com.co\/servicios-para-redes-computadores\/wp-content\/uploads\/2024\/05\/virtual_prox-1024x721.jpg 1024w, https:\/\/servisistemas.com.co\/servicios-para-redes-computadores\/wp-content\/uploads\/2024\/05\/virtual_prox-300x211.jpg 300w, https:\/\/servisistemas.com.co\/servicios-para-redes-computadores\/wp-content\/uploads\/2024\/05\/virtual_prox-768x540.jpg 768w, https:\/\/servisistemas.com.co\/servicios-para-redes-computadores\/wp-content\/uploads\/2024\/05\/virtual_prox.jpg 1350w\" sizes=\"(max-width: 1024px) 100vw, 1024px\" title=\"\">\t\t\t\t\t\t\t\t\t\t\t\t\t\t\t<\/div>\n\t\t\t\t<\/div>\n\t\t\t\t\t<\/div>\n\t\t<\/div>\n\t\t\t\t\t<\/div>\n\t\t<\/section>\n\t\t\t\t<section class=\"elementor-section elementor-inner-section elementor-element elementor-element-ffa2ce5 elementor-section-full_width elementor-section-height-default elementor-section-height-default jltma-glass-effect-no\" data-id=\"ffa2ce5\" data-element_type=\"section\">\n\t\t\t\t\t\t<div class=\"elementor-container elementor-column-gap-default\">\n\t\t\t\t\t<div class=\"elementor-column elementor-col-50 elementor-inner-column elementor-element elementor-element-66b67c1 jltma-glass-effect-no\" data-id=\"66b67c1\" data-element_type=\"column\">\n\t\t\t<div class=\"elementor-widget-wrap elementor-element-populated\">\n\t\t\t\t\t\t<div class=\"elementor-element elementor-element-2cf9b8f jltma-glass-effect-no elementor-widget elementor-widget-image\" data-id=\"2cf9b8f\" data-element_type=\"widget\" data-widget_type=\"image.default\">\n\t\t\t\t<div class=\"elementor-widget-container\">\n\t\t\t\t\t\t\t\t\t\t\t\t\t\t\t<img decoding=\"async\" width=\"1024\" height=\"684\" src=\"https:\/\/servisistemas.com.co\/servicios-para-redes-computadores\/wp-content\/uploads\/2024\/05\/christina-wocintechchat-com-b6dfPNHa81w-unsplash-1024x684.jpg\" class=\"attachment-large size-large wp-image-2211\" alt=\"\" srcset=\"https:\/\/servisistemas.com.co\/servicios-para-redes-computadores\/wp-content\/uploads\/2024\/05\/christina-wocintechchat-com-b6dfPNHa81w-unsplash-1024x684.jpg 1024w, https:\/\/servisistemas.com.co\/servicios-para-redes-computadores\/wp-content\/uploads\/2024\/05\/christina-wocintechchat-com-b6dfPNHa81w-unsplash-300x200.jpg 300w, https:\/\/servisistemas.com.co\/servicios-para-redes-computadores\/wp-content\/uploads\/2024\/05\/christina-wocintechchat-com-b6dfPNHa81w-unsplash-768x513.jpg 768w, https:\/\/servisistemas.com.co\/servicios-para-redes-computadores\/wp-content\/uploads\/2024\/05\/christina-wocintechchat-com-b6dfPNHa81w-unsplash-1536x1025.jpg 1536w, https:\/\/servisistemas.com.co\/servicios-para-redes-computadores\/wp-content\/uploads\/2024\/05\/christina-wocintechchat-com-b6dfPNHa81w-unsplash-2048x1367.jpg 2048w\" sizes=\"(max-width: 1024px) 100vw, 1024px\" title=\"\">\t\t\t\t\t\t\t\t\t\t\t\t\t\t\t<\/div>\n\t\t\t\t<\/div>\n\t\t\t\t\t<\/div>\n\t\t<\/div>\n\t\t\t\t<div class=\"elementor-column elementor-col-50 elementor-inner-column elementor-element elementor-element-e3d00f7 jltma-glass-effect-no\" data-id=\"e3d00f7\" data-element_type=\"column\">\n\t\t\t<div class=\"elementor-widget-wrap elementor-element-populated\">\n\t\t\t\t\t\t<div class=\"elementor-element elementor-element-3b4e2df jltma-glass-effect-no elementor-widget elementor-widget-heading\" data-id=\"3b4e2df\" data-element_type=\"widget\" data-widget_type=\"heading.default\">\n\t\t\t\t<div class=\"elementor-widget-container\">\n\t\t\t\t\t<h2 class=\"elementor-heading-title elementor-size-default\">Fortaleciendo la Seguridad y Productividad Empresarial<\/h2>\t\t\t\t<\/div>\n\t\t\t\t<\/div>\n\t\t\t\t<div class=\"elementor-element elementor-element-8c123f2 jltma-glass-effect-no elementor-widget elementor-widget-text-editor\" data-id=\"8c123f2\" data-element_type=\"widget\" data-widget_type=\"text-editor.default\">\n\t\t\t\t<div class=\"elementor-widget-container\">\n\t\t\t\t\t\t\t\t\t<p>Una de las principales preocupaciones para muchas empresas es la seguridad de su red y la gesti\u00f3n efectiva del tr\u00e1fico de Internet.\u00a0<\/p><p>Con Proxmox, es posible implementar un firewall robusto que no solo protege contra amenazas externas, sino que tambi\u00e9n facilita el control del acceso a sitios web y redes sociales, reduciendo as\u00ed las distracciones y aumentando la productividad de los empleados durante su jornada laboral.<\/p>\t\t\t\t\t\t\t\t<\/div>\n\t\t\t\t<\/div>\n\t\t\t\t\t<\/div>\n\t\t<\/div>\n\t\t\t\t\t<\/div>\n\t\t<\/section>\n\t\t\t\t<section class=\"elementor-section elementor-inner-section elementor-element elementor-element-35aa9ef elementor-section-full_width elementor-section-height-default elementor-section-height-default jltma-glass-effect-no\" data-id=\"35aa9ef\" data-element_type=\"section\">\n\t\t\t\t\t\t<div class=\"elementor-container elementor-column-gap-default\">\n\t\t\t\t\t<div class=\"elementor-column elementor-col-50 elementor-inner-column elementor-element elementor-element-a25f149 jltma-glass-effect-no\" data-id=\"a25f149\" data-element_type=\"column\">\n\t\t\t<div class=\"elementor-widget-wrap elementor-element-populated\">\n\t\t\t\t\t\t<div class=\"elementor-element elementor-element-8fe88db jltma-glass-effect-no elementor-widget elementor-widget-heading\" data-id=\"8fe88db\" data-element_type=\"widget\" data-widget_type=\"heading.default\">\n\t\t\t\t<div class=\"elementor-widget-container\">\n\t\t\t\t\t<h2 class=\"elementor-heading-title elementor-size-default\">Salvaguardando la Estabilidad Empresarial<\/h2>\t\t\t\t<\/div>\n\t\t\t\t<\/div>\n\t\t\t\t<div class=\"elementor-element elementor-element-0be074b jltma-glass-effect-no elementor-widget elementor-widget-text-editor\" data-id=\"0be074b\" data-element_type=\"widget\" data-widget_type=\"text-editor.default\">\n\t\t\t\t<div class=\"elementor-widget-container\">\n\t\t\t\t\t\t\t\t\t<p>Adem\u00e1s, la virtualizaci\u00f3n de sistemas contables y otros servicios cr\u00edticos proporciona una capa adicional de seguridad y continuidad operativa.\u00a0<\/p><p>En caso de fallo del sistema, Proxmox permite una r\u00e1pida restauraci\u00f3n desde copias de seguridad, minimizando as\u00ed el tiempo de inactividad y eliminando la dependencia de soporte externo costoso y a menudo demorado.<\/p>\t\t\t\t\t\t\t\t<\/div>\n\t\t\t\t<\/div>\n\t\t\t\t\t<\/div>\n\t\t<\/div>\n\t\t\t\t<div class=\"elementor-column elementor-col-50 elementor-inner-column elementor-element elementor-element-1cfb49d jltma-glass-effect-no\" data-id=\"1cfb49d\" data-element_type=\"column\">\n\t\t\t<div class=\"elementor-widget-wrap elementor-element-populated\">\n\t\t\t\t\t\t<div class=\"elementor-element elementor-element-a85b468 jltma-glass-effect-no elementor-widget elementor-widget-video\" data-id=\"a85b468\" data-element_type=\"widget\" data-settings=\"{&quot;youtube_url&quot;:&quot;https:\\\/\\\/youtu.be\\\/nAx4Qklb5pM&quot;,&quot;yt_privacy&quot;:&quot;yes&quot;,&quot;video_type&quot;:&quot;youtube&quot;}\" data-widget_type=\"video.default\">\n\t\t\t\t<div class=\"elementor-widget-container\">\n\t\t\t\t\t\t\t<div class=\"elementor-wrapper elementor-open-inline\">\n\t\t\t<div class=\"elementor-video\"><\/div>\t\t<\/div>\n\t\t\t\t\t\t<\/div>\n\t\t\t\t<\/div>\n\t\t\t\t\t<\/div>\n\t\t<\/div>\n\t\t\t\t\t<\/div>\n\t\t<\/section>\n\t\t\t\t<section class=\"elementor-section elementor-inner-section elementor-element elementor-element-adfdaff elementor-section-full_width elementor-section-height-default elementor-section-height-default jltma-glass-effect-no\" data-id=\"adfdaff\" data-element_type=\"section\">\n\t\t\t\t\t\t<div class=\"elementor-container elementor-column-gap-default\">\n\t\t\t\t\t<div class=\"elementor-column elementor-col-50 elementor-inner-column elementor-element elementor-element-60c573b jltma-glass-effect-no\" data-id=\"60c573b\" data-element_type=\"column\">\n\t\t\t<div class=\"elementor-widget-wrap elementor-element-populated\">\n\t\t\t\t\t\t<div class=\"elementor-element elementor-element-eff32e4 jltma-glass-effect-no elementor-widget elementor-widget-video\" data-id=\"eff32e4\" data-element_type=\"widget\" data-settings=\"{&quot;youtube_url&quot;:&quot;https:\\\/\\\/youtu.be\\\/RYx8whqiH3g&quot;,&quot;yt_privacy&quot;:&quot;yes&quot;,&quot;video_type&quot;:&quot;youtube&quot;}\" data-widget_type=\"video.default\">\n\t\t\t\t<div class=\"elementor-widget-container\">\n\t\t\t\t\t\t\t<div class=\"elementor-wrapper elementor-open-inline\">\n\t\t\t<div class=\"elementor-video\"><\/div>\t\t<\/div>\n\t\t\t\t\t\t<\/div>\n\t\t\t\t<\/div>\n\t\t\t\t\t<\/div>\n\t\t<\/div>\n\t\t\t\t<div class=\"elementor-column elementor-col-50 elementor-inner-column elementor-element elementor-element-2b179b4 jltma-glass-effect-no\" data-id=\"2b179b4\" data-element_type=\"column\">\n\t\t\t<div class=\"elementor-widget-wrap elementor-element-populated\">\n\t\t\t\t\t\t<div class=\"elementor-element elementor-element-adda2cd jltma-glass-effect-no elementor-widget elementor-widget-heading\" data-id=\"adda2cd\" data-element_type=\"widget\" data-widget_type=\"heading.default\">\n\t\t\t\t<div class=\"elementor-widget-container\">\n\t\t\t\t\t<h2 class=\"elementor-heading-title elementor-size-default\">Proxmox y su Plataforma Vers\u00e1til para la Adopci\u00f3n Empresarial<\/h2>\t\t\t\t<\/div>\n\t\t\t\t<\/div>\n\t\t\t\t<div class=\"elementor-element elementor-element-67b5fa6 jltma-glass-effect-no elementor-widget elementor-widget-text-editor\" data-id=\"67b5fa6\" data-element_type=\"widget\" data-widget_type=\"text-editor.default\">\n\t\t\t\t<div class=\"elementor-widget-container\">\n\t\t\t\t\t\t\t\t\t<p>La versatilidad de Proxmox tambi\u00e9n se evidencia en su capacidad para crear y gestionar m\u00faltiples sistemas operativos de forma independiente, lo que permite a las empresas adaptar sus servicios seg\u00fan sus necesidades espec\u00edficas.\u00a0<\/p><p>Desde el control de asistencia de empleados hasta servidores web dedicados, Proxmox ofrece una plataforma flexible y escalable que se ajusta a las demandas cambiantes del entorno empresarial.<\/p>\t\t\t\t\t\t\t\t<\/div>\n\t\t\t\t<\/div>\n\t\t\t\t\t<\/div>\n\t\t<\/div>\n\t\t\t\t\t<\/div>\n\t\t<\/section>\n\t\t\t\t<section class=\"elementor-section elementor-inner-section elementor-element elementor-element-9e08571 elementor-section-full_width elementor-section-height-default elementor-section-height-default jltma-glass-effect-no\" data-id=\"9e08571\" data-element_type=\"section\">\n\t\t\t\t\t\t<div class=\"elementor-container elementor-column-gap-default\">\n\t\t\t\t\t<div class=\"elementor-column elementor-col-100 elementor-inner-column elementor-element elementor-element-6ad115c jltma-glass-effect-no\" data-id=\"6ad115c\" data-element_type=\"column\">\n\t\t\t<div class=\"elementor-widget-wrap elementor-element-populated\">\n\t\t\t\t\t\t<div class=\"elementor-element elementor-element-629418d jltma-glass-effect-no elementor-widget elementor-widget-heading\" data-id=\"629418d\" data-element_type=\"widget\" data-widget_type=\"heading.default\">\n\t\t\t\t<div class=\"elementor-widget-container\">\n\t\t\t\t\t<h2 class=\"elementor-heading-title elementor-size-default\">La Clave para la Innovaci\u00f3n y Crecimiento Empresarial en un Mundo Conectado<\/h2>\t\t\t\t<\/div>\n\t\t\t\t<\/div>\n\t\t\t\t<div class=\"elementor-element elementor-element-224f185 jltma-glass-effect-no elementor-widget elementor-widget-text-editor\" data-id=\"224f185\" data-element_type=\"widget\" data-widget_type=\"text-editor.default\">\n\t\t\t\t<div class=\"elementor-widget-container\">\n\t\t\t\t\t\t\t\t\t<p>Al consolidar la infraestructura tecnol\u00f3gica y mejorar la conectividad entre los distintos servicios, Proxmox facilita una gesti\u00f3n m\u00e1s eficiente de los recursos y fomenta la colaboraci\u00f3n entre los departamentos, lo que a su vez impulsa la innovaci\u00f3n y el crecimiento empresarial.<\/p><p>En conclusi\u00f3n, Proxmox se presenta como la soluci\u00f3n integral que las empresas necesitan para superar los desaf\u00edos tecnol\u00f3gicos y alcanzar el \u00e9xito en un mercado cada vez m\u00e1s competitivo.\u00a0<\/p><p>Con nuestro compromiso de ofrecer soporte y asesoramiento experto, estamos aqu\u00ed para guiar a su empresa hacia un futuro m\u00e1s seguro, eficiente y conectado. Con Proxmox, el \u00e9xito est\u00e1 al alcance de su mano.<\/p>\t\t\t\t\t\t\t\t<\/div>\n\t\t\t\t<\/div>\n\t\t\t\t\t<\/div>\n\t\t<\/div>\n\t\t\t\t\t<\/div>\n\t\t<\/section>\n\t\t\t\t\t<\/div>\n\t\t<\/div>\n\t\t\t\t\t<\/div>\n\t\t<\/section>\n\t\t\t\t<section class=\"elementor-section elementor-top-section elementor-element elementor-element-7a681d9 elementor-section-boxed elementor-section-height-default elementor-section-height-default jltma-glass-effect-no\" data-id=\"7a681d9\" data-element_type=\"section\">\n\t\t\t\t\t\t<div class=\"elementor-container elementor-column-gap-default\">\n\t\t\t\t\t<div class=\"elementor-column elementor-col-100 elementor-top-column elementor-element elementor-element-47792e9 jltma-glass-effect-no\" data-id=\"47792e9\" data-element_type=\"column\">\n\t\t\t<div class=\"elementor-widget-wrap elementor-element-populated\">\n\t\t\t\t\t\t<div class=\"elementor-element elementor-element-5c11177 jltma-glass-effect-no elementor-widget elementor-widget-ma-call-to-action\" data-id=\"5c11177\" data-element_type=\"widget\" data-widget_type=\"ma-call-to-action.default\">\n\t\t\t\t<div class=\"elementor-widget-container\">\n\t\t\t\t\t\n\t\t<section class=\"jltma-call-to-action\" id=\"jltma-action-content-5c11177\">\n\t\t\t<div class=\"style-07\">\n\t\t\t\t<div class=\"jltma-call-action-content\">\n\t\t\t\t\t<div class=\"jltma-row\">\n\t\t\t\t\t\t<div class=\"jltma-col-9\">\n\n\t\t\t\t\t\t\t\t\t\t\t\t\t\t\t<div class=\"jltma-cta-icon-section jltma-media\">\n\n\t\t\t\t\t\t\t\t\t<div class=\"jltma-cta-icon jltma-media-left\">\n\t\t\t\t\t\t\t\t\t\t<i aria-hidden=\"true\" class=\"fas fa-bell\"><\/i>\t\t\t\t\t\t\t\t\t<\/div>\n\n\t\t\t\t\t\t\t\t\t<div class=\"jltma-media-body\">\n\t\t\t\t\t\t\t\t\t\t<h3 class=\"jltma-call-action-title\">\n\t\t\t\t\t\t\t\t\t\t\tListo para llevar tu empresa al siguiente nivel\t\t\t\t\t\t\t\t\t\t<\/h3>\n\t\t\t\t\t\t\t\t\t\t<p class=\"jltma-call-action-description\">\n\t\t\t\t\t\t\t\t\t\t\tD\u00e9janos ayudarte a transformar tus desaf\u00edos tecnol\u00f3gicos en oportunidades de \u00e9xito\t\t\t\t\t\t\t\t\t\t<\/p>\n\t\t\t\t\t\t\t\t\t<\/div>\n\n\t\t\t\t\t\t\t\t<\/div>\n\t\t\t\t\t\t\t\n\t\t\t\t\t\t<\/div>\n\t\t\t\t\t\t<div class=\"jltma-col-3 text-right\">\n\t\t\t\t\t\t\t<a class=\"jltma-call-action-btn\" href=\"\/servicios-para-redes-computadores\/contactanos-ahora\/\" target=\"_blank\">\n\t\t\t\t\t\t\t\tCont\u00e1ctanos\t\t\t\t\t\t\t<\/a>\n\t\t\t\t\t\t<\/div>\n\t\t\t\t\t<\/div>\n\t\t\t\t<\/div>\n\t\t\t<\/div>\n\n\t\t<\/section>\n\t\t\t\t<\/div>\n\t\t\t\t<\/div>\n\t\t\t\t\t<\/div>\n\t\t<\/div>\n\t\t\t\t\t<\/div>\n\t\t<\/section>\n\t\t\t\t<\/div>\n\t\t","protected":false},"excerpt":{"rendered":"<p>Potenciando el \u00c9xito Empresarial con Proxmox Una Soluci\u00f3n Integral para sus Desaf\u00edos Tecnol\u00f3gicos En el competitivo mundo empresarial actual, las organizaciones se enfrentan a una serie de desaf\u00edos tecnol\u00f3gicos que pueden obstaculizar su crecimiento y eficiencia operativa.\u00a0 Desde problemas de red hasta la falta de soporte t\u00e9cnico especializado, pasando por la obsolescencia de infraestructuras, muchas [&hellip;]<\/p>\n","protected":false},"author":1,"featured_media":0,"parent":0,"menu_order":0,"comment_status":"closed","ping_status":"closed","template":"elementor_header_footer","meta":{"footnotes":""},"class_list":["post-1753","page","type-page","status-publish","hentry"],"_links":{"self":[{"href":"https:\/\/servisistemas.com.co\/servicios-para-redes-computadores\/wp-json\/wp\/v2\/pages\/1753","targetHints":{"allow":["GET"]}}],"collection":[{"href":"https:\/\/servisistemas.com.co\/servicios-para-redes-computadores\/wp-json\/wp\/v2\/pages"}],"about":[{"href":"https:\/\/servisistemas.com.co\/servicios-para-redes-computadores\/wp-json\/wp\/v2\/types\/page"}],"author":[{"embeddable":true,"href":"https:\/\/servisistemas.com.co\/servicios-para-redes-computadores\/wp-json\/wp\/v2\/users\/1"}],"replies":[{"embeddable":true,"href":"https:\/\/servisistemas.com.co\/servicios-para-redes-computadores\/wp-json\/wp\/v2\/comments?post=1753"}],"version-history":[{"count":83,"href":"https:\/\/servisistemas.com.co\/servicios-para-redes-computadores\/wp-json\/wp\/v2\/pages\/1753\/revisions"}],"predecessor-version":[{"id":2295,"href":"https:\/\/servisistemas.com.co\/servicios-para-redes-computadores\/wp-json\/wp\/v2\/pages\/1753\/revisions\/2295"}],"wp:attachment":[{"href":"https:\/\/servisistemas.com.co\/servicios-para-redes-computadores\/wp-json\/wp\/v2\/media?parent=1753"}],"curies":[{"name":"wp","href":"https:\/\/api.w.org\/{rel}","templated":true}]}}