{"id":1794,"date":"2023-10-17T15:58:08","date_gmt":"2023-10-17T20:58:08","guid":{"rendered":"https:\/\/servisistemas.com.co\/servicios-para-redes-computadores\/?page_id=1794"},"modified":"2023-10-17T16:25:21","modified_gmt":"2023-10-17T21:25:21","slug":"dominando-los-permisos-en-linux-guia-completa-del-comando-umask","status":"publish","type":"page","link":"https:\/\/servisistemas.com.co\/servicios-para-redes-computadores\/dominando-los-permisos-en-linux-guia-completa-del-comando-umask\/","title":{"rendered":"Dominando los Permisos en Linux: Gu\u00eda Completa del Comando umask"},"content":{"rendered":"\t\t<div data-elementor-type=\"wp-page\" data-elementor-id=\"1794\" class=\"elementor elementor-1794\" data-elementor-post-type=\"page\">\n\t\t\t\t\t\t<section class=\"elementor-section elementor-top-section elementor-element elementor-element-191c4d2 elementor-section-boxed elementor-section-height-default elementor-section-height-default jltma-glass-effect-no\" data-id=\"191c4d2\" data-element_type=\"section\">\n\t\t\t\t\t\t<div class=\"elementor-container elementor-column-gap-default\">\n\t\t\t\t\t<div class=\"elementor-column elementor-col-100 elementor-top-column elementor-element elementor-element-4dda3ab jltma-glass-effect-no\" data-id=\"4dda3ab\" data-element_type=\"column\">\n\t\t\t<div class=\"elementor-widget-wrap elementor-element-populated\">\n\t\t\t\t\t\t<div class=\"elementor-element elementor-element-a8d6239 jltma-glass-effect-no elementor-widget elementor-widget-heading\" data-id=\"a8d6239\" data-element_type=\"widget\" data-widget_type=\"heading.default\">\n\t\t\t\t<div class=\"elementor-widget-container\">\n\t\t\t\t\t<h2 class=\"elementor-heading-title elementor-size-large\">Aqu\u00ed tenemos un ejemplo practico en un software de contabilidad<\/h2>\t\t\t\t<\/div>\n\t\t\t\t<\/div>\n\t\t\t\t\t<\/div>\n\t\t<\/div>\n\t\t\t\t\t<\/div>\n\t\t<\/section>\n\t\t\t\t<section class=\"elementor-section elementor-top-section elementor-element elementor-element-0806399 elementor-section-boxed elementor-section-height-default elementor-section-height-default jltma-glass-effect-no\" data-id=\"0806399\" data-element_type=\"section\">\n\t\t\t\t\t\t<div class=\"elementor-container elementor-column-gap-default\">\n\t\t\t\t\t<div class=\"elementor-column elementor-col-100 elementor-top-column elementor-element elementor-element-f5881aa jltma-glass-effect-no\" data-id=\"f5881aa\" data-element_type=\"column\">\n\t\t\t<div class=\"elementor-widget-wrap elementor-element-populated\">\n\t\t\t\t\t\t<div class=\"elementor-element elementor-element-55eae27 jltma-glass-effect-no elementor-widget elementor-widget-image\" data-id=\"55eae27\" data-element_type=\"widget\" data-widget_type=\"image.default\">\n\t\t\t\t<div class=\"elementor-widget-container\">\n\t\t\t\t\t\t\t\t\t\t\t\t\t\t\t<img fetchpriority=\"high\" decoding=\"async\" width=\"1024\" height=\"562\" src=\"https:\/\/servisistemas.com.co\/servicios-para-redes-computadores\/wp-content\/uploads\/2023\/10\/problema_de_permisos_UNO8.5-1024x562.jpg\" class=\"attachment-large size-large wp-image-1797\" alt=\"\" srcset=\"https:\/\/servisistemas.com.co\/servicios-para-redes-computadores\/wp-content\/uploads\/2023\/10\/problema_de_permisos_UNO8.5-1024x562.jpg 1024w, https:\/\/servisistemas.com.co\/servicios-para-redes-computadores\/wp-content\/uploads\/2023\/10\/problema_de_permisos_UNO8.5-300x165.jpg 300w, https:\/\/servisistemas.com.co\/servicios-para-redes-computadores\/wp-content\/uploads\/2023\/10\/problema_de_permisos_UNO8.5-768x422.jpg 768w, https:\/\/servisistemas.com.co\/servicios-para-redes-computadores\/wp-content\/uploads\/2023\/10\/problema_de_permisos_UNO8.5.jpg 1344w\" sizes=\"(max-width: 1024px) 100vw, 1024px\" title=\"\">\t\t\t\t\t\t\t\t\t\t\t\t\t\t\t<\/div>\n\t\t\t\t<\/div>\n\t\t\t\t\t<\/div>\n\t\t<\/div>\n\t\t\t\t\t<\/div>\n\t\t<\/section>\n\t\t\t\t<section class=\"elementor-section elementor-top-section elementor-element elementor-element-5de13ab elementor-section-boxed elementor-section-height-default elementor-section-height-default jltma-glass-effect-no\" data-id=\"5de13ab\" data-element_type=\"section\">\n\t\t\t\t\t\t<div class=\"elementor-container elementor-column-gap-default\">\n\t\t\t\t\t<div class=\"elementor-column elementor-col-100 elementor-top-column elementor-element elementor-element-7e26a5a jltma-glass-effect-no\" data-id=\"7e26a5a\" data-element_type=\"column\">\n\t\t\t<div class=\"elementor-widget-wrap elementor-element-populated\">\n\t\t\t\t\t\t<div class=\"elementor-element elementor-element-bc7bd03 jltma-glass-effect-no elementor-widget elementor-widget-text-editor\" data-id=\"bc7bd03\" data-element_type=\"widget\" data-widget_type=\"text-editor.default\">\n\t\t\t\t<div class=\"elementor-widget-container\">\n\t\t\t\t\t\t\t\t\t<!DOCTYPE html>\n<html lang=\"es\">\n<head>\n    <meta charset=\"UTF-8\">\n    <meta name=\"viewport\" content=\"width=device-width, initial-scale=1.0\">\n    <title>Manual del Comando umask<\/title>\n<\/head>\n<body>\n    <h1>Manual del Comando <code>umask<\/code><\/h1>\n\n    <h2>Introducci\u00f3n<\/h2>\n\n    <p>\n        El comando <code>umask<\/code> es una herramienta esencial en sistemas Unix y Linux que permite controlar los permisos predeterminados aplicados a los archivos y directorios reci\u00e9n creados. Su nombre proviene de &#8220;user file creation mask&#8221; o m\u00e1scara de creaci\u00f3n de archivos de usuario.\n    <\/p>\n\n    <h2>Sintaxis<\/h2>\n\n    <pre><code>\numask [nuevo_umask]\n    <\/code><\/pre>\n\n    <p>\n        <code>nuevo_umask<\/code>: Es un n\u00famero octal de tres d\u00edgitos que indica los permisos que ser\u00e1n deshabilitados. Cada d\u00edgito representa los permisos para propietario, grupo y otros respectivamente. Por ejemplo, <code>022<\/code> deshabilita permisos de escritura para el grupo y otros.\n    <\/p>\n\n    <h2>Ejemplo de Uso<\/h2>\n\n    <p>\n        Supongamos que deseamos configurar el umask para que los nuevos archivos y directorios creados en una carpeta tengan permisos de lectura, escritura y ejecuci\u00f3n para todos los usuarios. Abrimos una terminal y ejecutamos el siguiente comando:\n    <\/p>\n\n    <pre><code>\numask 000\n    <\/code><\/pre>\n\n    <p>\n        Ahora, si creamos una carpeta con el comando <code>mkdir<\/code>:\n    <\/p>\n\n    <pre><code>\nmkdir carpeta_prueba\n    <\/code><\/pre>\n\n    <p>\n        Los permisos de la carpeta ser\u00e1n <code>rwxrwxrwx<\/code>.\n    <\/p>\n\n    <h2>Conclusi\u00f3n<\/h2>\n\n    <p>\n        El comando <code>umask<\/code> es una herramienta importante para gestionar los permisos predeterminados en un sistema Unix o Linux. Utilizado correctamente, puede mejorar la productividad y la seguridad del sistema.\n    <\/p>\n<\/body>\n<\/html>\n\n\t\t\t\t\t\t\t\t<\/div>\n\t\t\t\t<\/div>\n\t\t\t\t\t<\/div>\n\t\t<\/div>\n\t\t\t\t\t<\/div>\n\t\t<\/section>\n\t\t\t\t<\/div>\n\t\t","protected":false},"excerpt":{"rendered":"<p>Aqu\u00ed tenemos un ejemplo practico en un software de contabilidad Manual del Comando umask Manual del Comando umask Introducci\u00f3n El comando umask es una herramienta esencial en sistemas Unix y Linux que permite controlar los permisos predeterminados aplicados a los archivos y directorios reci\u00e9n creados. Su nombre proviene de &#8220;user file creation mask&#8221; o m\u00e1scara [&hellip;]<\/p>\n","protected":false},"author":1,"featured_media":0,"parent":0,"menu_order":0,"comment_status":"closed","ping_status":"closed","template":"","meta":{"footnotes":""},"class_list":["post-1794","page","type-page","status-publish","hentry"],"_links":{"self":[{"href":"https:\/\/servisistemas.com.co\/servicios-para-redes-computadores\/wp-json\/wp\/v2\/pages\/1794","targetHints":{"allow":["GET"]}}],"collection":[{"href":"https:\/\/servisistemas.com.co\/servicios-para-redes-computadores\/wp-json\/wp\/v2\/pages"}],"about":[{"href":"https:\/\/servisistemas.com.co\/servicios-para-redes-computadores\/wp-json\/wp\/v2\/types\/page"}],"author":[{"embeddable":true,"href":"https:\/\/servisistemas.com.co\/servicios-para-redes-computadores\/wp-json\/wp\/v2\/users\/1"}],"replies":[{"embeddable":true,"href":"https:\/\/servisistemas.com.co\/servicios-para-redes-computadores\/wp-json\/wp\/v2\/comments?post=1794"}],"version-history":[{"count":4,"href":"https:\/\/servisistemas.com.co\/servicios-para-redes-computadores\/wp-json\/wp\/v2\/pages\/1794\/revisions"}],"predecessor-version":[{"id":1800,"href":"https:\/\/servisistemas.com.co\/servicios-para-redes-computadores\/wp-json\/wp\/v2\/pages\/1794\/revisions\/1800"}],"wp:attachment":[{"href":"https:\/\/servisistemas.com.co\/servicios-para-redes-computadores\/wp-json\/wp\/v2\/media?parent=1794"}],"curies":[{"name":"wp","href":"https:\/\/api.w.org\/{rel}","templated":true}]}}