{"id":2122,"date":"2024-04-21T20:24:22","date_gmt":"2024-04-22T01:24:22","guid":{"rendered":"https:\/\/servisistemas.com.co\/servicios-para-redes-computadores\/?page_id=2122"},"modified":"2024-05-05T14:17:41","modified_gmt":"2024-05-05T19:17:41","slug":"como-ejecutar-siigo-helisa-world-office-y-sistema-uno8-5-desde-equipos-apple","status":"publish","type":"page","link":"https:\/\/servisistemas.com.co\/servicios-para-redes-computadores\/como-ejecutar-siigo-helisa-world-office-y-sistema-uno8-5-desde-equipos-apple\/","title":{"rendered":"Como ejecutar Siigo, Helisa, World Office y sistema UNO8.5 desde equipos Apple"},"content":{"rendered":"\t\t<div data-elementor-type=\"wp-page\" data-elementor-id=\"2122\" class=\"elementor elementor-2122\" data-elementor-post-type=\"page\">\n\t\t\t\t\t\t<section class=\"elementor-section elementor-top-section elementor-element elementor-element-2f5b0b82 elementor-section-full_width elementor-section-height-default elementor-section-height-default jltma-glass-effect-no\" data-id=\"2f5b0b82\" data-element_type=\"section\" data-settings=\"{&quot;background_background&quot;:&quot;classic&quot;}\">\n\t\t\t\t\t\t<div class=\"elementor-container elementor-column-gap-no\">\n\t\t\t\t\t<div class=\"elementor-column elementor-col-100 elementor-top-column elementor-element elementor-element-7691d01 jltma-glass-effect-no\" data-id=\"7691d01\" data-element_type=\"column\">\n\t\t\t<div class=\"elementor-widget-wrap elementor-element-populated\">\n\t\t\t\t\t\t<section class=\"elementor-section elementor-inner-section elementor-element elementor-element-39f940de elementor-section-boxed elementor-section-height-default elementor-section-height-default jltma-glass-effect-no\" data-id=\"39f940de\" data-element_type=\"section\">\n\t\t\t\t\t\t<div class=\"elementor-container elementor-column-gap-default\">\n\t\t\t\t\t<div class=\"elementor-column elementor-col-25 elementor-inner-column elementor-element elementor-element-572d8b83 jltma-glass-effect-no\" data-id=\"572d8b83\" data-element_type=\"column\">\n\t\t\t<div class=\"elementor-widget-wrap elementor-element-populated\">\n\t\t\t\t\t\t<div class=\"elementor-element elementor-element-4f01e31 jltma-glass-effect-no elementor-widget elementor-widget-heading\" data-id=\"4f01e31\" data-element_type=\"widget\" data-widget_type=\"heading.default\">\n\t\t\t\t<div class=\"elementor-widget-container\">\n\t\t\t\t\t<h6 class=\"elementor-heading-title elementor-size-default\">Con\u00e9ctate al escritorio remoto desde MAC<\/h6>\t\t\t\t<\/div>\n\t\t\t\t<\/div>\n\t\t\t\t\t<\/div>\n\t\t<\/div>\n\t\t\t\t<div class=\"elementor-column elementor-col-25 elementor-inner-column elementor-element elementor-element-50439444 jltma-glass-effect-no\" data-id=\"50439444\" data-element_type=\"column\">\n\t\t\t<div class=\"elementor-widget-wrap elementor-element-populated\">\n\t\t\t\t\t\t<div class=\"elementor-element elementor-element-4dfebff9 jltma-glass-effect-no elementor-widget elementor-widget-heading\" data-id=\"4dfebff9\" data-element_type=\"widget\" data-widget_type=\"heading.default\">\n\t\t\t\t<div class=\"elementor-widget-container\">\n\t\t\t\t\t<h6 class=\"elementor-heading-title elementor-size-default\">Administraci\u00f3n de servidores<\/h6>\t\t\t\t<\/div>\n\t\t\t\t<\/div>\n\t\t\t\t\t<\/div>\n\t\t<\/div>\n\t\t\t\t<div class=\"elementor-column elementor-col-25 elementor-inner-column elementor-element elementor-element-26deb563 jltma-glass-effect-no\" data-id=\"26deb563\" data-element_type=\"column\">\n\t\t\t<div class=\"elementor-widget-wrap elementor-element-populated\">\n\t\t\t\t\t\t<div class=\"elementor-element elementor-element-5e49c551 jltma-glass-effect-no elementor-widget elementor-widget-heading\" data-id=\"5e49c551\" data-element_type=\"widget\" data-widget_type=\"heading.default\">\n\t\t\t\t<div class=\"elementor-widget-container\">\n\t\t\t\t\t<h6 class=\"elementor-heading-title elementor-size-default\">Mantenimiento de computadores<\/h6>\t\t\t\t<\/div>\n\t\t\t\t<\/div>\n\t\t\t\t\t<\/div>\n\t\t<\/div>\n\t\t\t\t<div class=\"elementor-column elementor-col-25 elementor-inner-column elementor-element elementor-element-7c6ad92d jltma-glass-effect-no\" data-id=\"7c6ad92d\" data-element_type=\"column\">\n\t\t\t<div class=\"elementor-widget-wrap elementor-element-populated\">\n\t\t\t\t\t\t<div class=\"elementor-element elementor-element-31734168 jltma-glass-effect-no elementor-widget elementor-widget-heading\" data-id=\"31734168\" data-element_type=\"widget\" data-widget_type=\"heading.default\">\n\t\t\t\t<div class=\"elementor-widget-container\">\n\t\t\t\t\t<h6 class=\"elementor-heading-title elementor-size-default\">Reparaci\u00f3n de red inform\u00e1ticas<\/h6>\t\t\t\t<\/div>\n\t\t\t\t<\/div>\n\t\t\t\t\t<\/div>\n\t\t<\/div>\n\t\t\t\t\t<\/div>\n\t\t<\/section>\n\t\t\t\t\t<\/div>\n\t\t<\/div>\n\t\t\t\t\t<\/div>\n\t\t<\/section>\n\t\t\t\t<section class=\"elementor-section elementor-top-section elementor-element elementor-element-382b8d7 elementor-section-boxed elementor-section-height-default elementor-section-height-default jltma-glass-effect-no\" data-id=\"382b8d7\" data-element_type=\"section\">\n\t\t\t\t\t\t<div class=\"elementor-container elementor-column-gap-default\">\n\t\t\t\t\t<div class=\"elementor-column elementor-col-100 elementor-top-column elementor-element elementor-element-2b2d462d jltma-glass-effect-no\" data-id=\"2b2d462d\" data-element_type=\"column\">\n\t\t\t<div class=\"elementor-widget-wrap elementor-element-populated\">\n\t\t\t\t\t\t<section class=\"elementor-section elementor-inner-section elementor-element elementor-element-44aff45f elementor-section-boxed elementor-section-height-default elementor-section-height-default jltma-glass-effect-no\" data-id=\"44aff45f\" data-element_type=\"section\">\n\t\t\t\t\t\t<div class=\"elementor-container elementor-column-gap-default\">\n\t\t\t\t\t<div class=\"elementor-column elementor-col-25 elementor-inner-column elementor-element elementor-element-55e76460 jltma-glass-effect-no\" data-id=\"55e76460\" data-element_type=\"column\">\n\t\t\t<div class=\"elementor-widget-wrap elementor-element-populated\">\n\t\t\t\t\t\t<div class=\"elementor-element elementor-element-3b3560f1 jltma-glass-effect-no elementor-widget elementor-widget-image\" data-id=\"3b3560f1\" data-element_type=\"widget\" data-widget_type=\"image.default\">\n\t\t\t\t<div class=\"elementor-widget-container\">\n\t\t\t\t\t\t\t\t\t\t\t\t\t\t\t\t<a href=\"\/servicios-para-redes-computadores\/servicios-informaticos-para-empresas-colombianas\/\">\n\t\t\t\t\t\t\t<img decoding=\"async\" width=\"300\" height=\"116\" src=\"https:\/\/servisistemas.com.co\/servicios-para-redes-computadores\/wp-content\/uploads\/2023\/04\/Logo_definitivo_2018-300x116.png\" class=\"attachment-medium size-medium wp-image-35\" alt=\"\" srcset=\"https:\/\/servisistemas.com.co\/servicios-para-redes-computadores\/wp-content\/uploads\/2023\/04\/Logo_definitivo_2018-300x116.png 300w, https:\/\/servisistemas.com.co\/servicios-para-redes-computadores\/wp-content\/uploads\/2023\/04\/Logo_definitivo_2018.png 713w\" sizes=\"(max-width: 300px) 100vw, 300px\" title=\"\">\t\t\t\t\t\t\t\t<\/a>\n\t\t\t\t\t\t\t\t\t\t\t\t\t\t\t<\/div>\n\t\t\t\t<\/div>\n\t\t\t\t\t<\/div>\n\t\t<\/div>\n\t\t\t\t<div class=\"elementor-column elementor-col-25 elementor-inner-column elementor-element elementor-element-156f310a jltma-glass-effect-no\" data-id=\"156f310a\" data-element_type=\"column\">\n\t\t\t<div class=\"elementor-widget-wrap elementor-element-populated\">\n\t\t\t\t\t\t<div class=\"elementor-element elementor-element-449c7cb3 jltma-glass-effect-no elementor-widget elementor-widget-heading\" data-id=\"449c7cb3\" data-element_type=\"widget\" data-widget_type=\"heading.default\">\n\t\t\t\t<div class=\"elementor-widget-container\">\n\t\t\t\t\t<h2 class=\"elementor-heading-title elementor-size-default\">Servicios inform\u00e1ticos integrales para empresas<\/h2>\t\t\t\t<\/div>\n\t\t\t\t<\/div>\n\t\t\t\t\t<\/div>\n\t\t<\/div>\n\t\t\t\t<div class=\"elementor-column elementor-col-25 elementor-inner-column elementor-element elementor-element-56816b47 jltma-glass-effect-no\" data-id=\"56816b47\" data-element_type=\"column\">\n\t\t\t<div class=\"elementor-widget-wrap elementor-element-populated\">\n\t\t\t\t\t\t<div class=\"elementor-element elementor-element-64d4fdbc jltma-glass-effect-no elementor-widget elementor-widget-heading\" data-id=\"64d4fdbc\" data-element_type=\"widget\" data-widget_type=\"heading.default\">\n\t\t\t\t<div class=\"elementor-widget-container\">\n\t\t\t\t\t<h2 class=\"elementor-heading-title elementor-size-default\">Potencia tu empresa con servidores Linux<\/h2>\t\t\t\t<\/div>\n\t\t\t\t<\/div>\n\t\t\t\t\t<\/div>\n\t\t<\/div>\n\t\t\t\t<div class=\"elementor-column elementor-col-25 elementor-inner-column elementor-element elementor-element-70c6651d jltma-glass-effect-no\" data-id=\"70c6651d\" data-element_type=\"column\">\n\t\t\t<div class=\"elementor-widget-wrap elementor-element-populated\">\n\t\t\t\t\t\t<div class=\"elementor-element elementor-element-6a754e18 jltma-glass-effect-no elementor-widget elementor-widget-heading\" data-id=\"6a754e18\" data-element_type=\"widget\" data-widget_type=\"heading.default\">\n\t\t\t\t<div class=\"elementor-widget-container\">\n\t\t\t\t\t<h2 class=\"elementor-heading-title elementor-size-default\">Moderniza tu infraestructura Cableado estructurado<\/h2>\t\t\t\t<\/div>\n\t\t\t\t<\/div>\n\t\t\t\t\t<\/div>\n\t\t<\/div>\n\t\t\t\t\t<\/div>\n\t\t<\/section>\n\t\t\t\t\t<\/div>\n\t\t<\/div>\n\t\t\t\t\t<\/div>\n\t\t<\/section>\n\t\t\t\t<section class=\"elementor-section elementor-top-section elementor-element elementor-element-488ed810 elementor-section-boxed elementor-section-height-default elementor-section-height-default jltma-glass-effect-no\" data-id=\"488ed810\" data-element_type=\"section\">\n\t\t\t\t\t\t<div class=\"elementor-container elementor-column-gap-default\">\n\t\t\t\t\t<div class=\"elementor-column elementor-col-100 elementor-top-column elementor-element elementor-element-2c612dd5 jltma-glass-effect-no\" data-id=\"2c612dd5\" data-element_type=\"column\">\n\t\t\t<div class=\"elementor-widget-wrap elementor-element-populated\">\n\t\t\t\t\t\t<div class=\"elementor-element elementor-element-3a6f8661 jltma-glass-effect-no elementor-widget elementor-widget-heading\" data-id=\"3a6f8661\" data-element_type=\"widget\" data-widget_type=\"heading.default\">\n\t\t\t\t<div class=\"elementor-widget-container\">\n\t\t\t\t\t<h2 class=\"elementor-heading-title elementor-size-default\">Conecta desde cualquier parte con los aplicativos de la empresa <\/h2>\t\t\t\t<\/div>\n\t\t\t\t<\/div>\n\t\t\t\t<div class=\"elementor-element elementor-element-4a9b48f jltma-glass-effect-no elementor-widget elementor-widget-heading\" data-id=\"4a9b48f\" data-element_type=\"widget\" data-widget_type=\"heading.default\">\n\t\t\t\t<div class=\"elementor-widget-container\">\n\t\t\t\t\t<h3 class=\"elementor-heading-title elementor-size-default\">Aqu\u00ed te mostramos un ejemplo pr\u00e1ctico de c\u00f3mo conectar software contables sin necesidad de realizar configuraciones previas. <br>Solo necesitas abrir un navegador desde cualquier equipo, ya sea con Windows, iMac, iPad, u otros dispositivos. <\/h3>\t\t\t\t<\/div>\n\t\t\t\t<\/div>\n\t\t\t\t<div class=\"elementor-element elementor-element-4c13e648 jltma-glass-effect-no elementor-widget elementor-widget-heading\" data-id=\"4c13e648\" data-element_type=\"widget\" data-widget_type=\"heading.default\">\n\t\t\t\t<div class=\"elementor-widget-container\">\n\t\t\t\t\t<h3 class=\"elementor-heading-title elementor-size-default\"><span style=\"color: var( --e-global-color-primary );background-color: var(--wp--preset--color--base)\">\u00a1Simplifica la gesti\u00f3n contable de tu empresa de manera r\u00e1pida y sencilla!<\/span><\/h3>\t\t\t\t<\/div>\n\t\t\t\t<\/div>\n\t\t\t\t<section class=\"elementor-section elementor-inner-section elementor-element elementor-element-49dd57db elementor-section-boxed elementor-section-height-default elementor-section-height-default jltma-glass-effect-no\" data-id=\"49dd57db\" data-element_type=\"section\">\n\t\t\t\t\t\t<div class=\"elementor-container elementor-column-gap-default\">\n\t\t\t\t\t<div class=\"elementor-column elementor-col-100 elementor-inner-column elementor-element elementor-element-4023f5ef jltma-glass-effect-no\" data-id=\"4023f5ef\" data-element_type=\"column\">\n\t\t\t<div class=\"elementor-widget-wrap elementor-element-populated\">\n\t\t\t\t\t\t<div class=\"elementor-element elementor-element-4ef60eeb jltma-glass-effect-no elementor-widget elementor-widget-heading\" data-id=\"4ef60eeb\" data-element_type=\"widget\" data-widget_type=\"heading.default\">\n\t\t\t\t<div class=\"elementor-widget-container\">\n\t\t\t\t\t<h4 class=\"elementor-heading-title elementor-size-default\">En este video, te mostramos c\u00f3mo implementamos la soluci\u00f3n para iniciar sesi\u00f3n en Siigo desde cualquier navegador, ya sea en computadoras, iMac o iPad. <\/h4>\t\t\t\t<\/div>\n\t\t\t\t<\/div>\n\t\t\t\t<div class=\"elementor-element elementor-element-2acfab23 jltma-glass-effect-no elementor-widget elementor-widget-video\" data-id=\"2acfab23\" data-element_type=\"widget\" data-settings=\"{&quot;youtube_url&quot;:&quot;https:\\\/\\\/youtu.be\\\/xKqmN5IC5nI&quot;,&quot;yt_privacy&quot;:&quot;yes&quot;,&quot;video_type&quot;:&quot;youtube&quot;}\" data-widget_type=\"video.default\">\n\t\t\t\t<div class=\"elementor-widget-container\">\n\t\t\t\t\t\t\t<div class=\"elementor-wrapper elementor-open-inline\">\n\t\t\t<div class=\"elementor-video\"><\/div>\t\t<\/div>\n\t\t\t\t\t\t<\/div>\n\t\t\t\t<\/div>\n\t\t\t\t\t<\/div>\n\t\t<\/div>\n\t\t\t\t\t<\/div>\n\t\t<\/section>\n\t\t\t\t<section class=\"elementor-section elementor-inner-section elementor-element elementor-element-49458055 elementor-section-boxed elementor-section-height-default elementor-section-height-default jltma-glass-effect-no\" data-id=\"49458055\" data-element_type=\"section\">\n\t\t\t\t\t\t<div class=\"elementor-container elementor-column-gap-default\">\n\t\t\t\t\t<div class=\"elementor-column elementor-col-100 elementor-inner-column elementor-element elementor-element-2ff991c jltma-glass-effect-no\" data-id=\"2ff991c\" data-element_type=\"column\">\n\t\t\t<div class=\"elementor-widget-wrap elementor-element-populated\">\n\t\t\t\t\t\t<div class=\"elementor-element elementor-element-2b7f16d5 jltma-glass-effect-no elementor-widget elementor-widget-heading\" data-id=\"2b7f16d5\" data-element_type=\"widget\" data-widget_type=\"heading.default\">\n\t\t\t\t<div class=\"elementor-widget-container\">\n\t\t\t\t\t<h4 class=\"elementor-heading-title elementor-size-default\">Con esta soluci\u00f3n, liberamos a nuestro cliente de configuraciones complicadas. <br>Ahora puede acceder a su informaci\u00f3n financiera desde cualquier navegador, computadora, iMac o iPad de forma sencilla y r\u00e1pida.<\/h4>\t\t\t\t<\/div>\n\t\t\t\t<\/div>\n\t\t\t\t<div class=\"elementor-element elementor-element-4d268ae5 jltma-glass-effect-no elementor-widget elementor-widget-video\" data-id=\"4d268ae5\" data-element_type=\"widget\" data-settings=\"{&quot;youtube_url&quot;:&quot;https:\\\/\\\/youtu.be\\\/r7_rtC9c46Q&quot;,&quot;yt_privacy&quot;:&quot;yes&quot;,&quot;video_type&quot;:&quot;youtube&quot;}\" data-widget_type=\"video.default\">\n\t\t\t\t<div class=\"elementor-widget-container\">\n\t\t\t\t\t\t\t<div class=\"elementor-wrapper elementor-open-inline\">\n\t\t\t<div class=\"elementor-video\"><\/div>\t\t<\/div>\n\t\t\t\t\t\t<\/div>\n\t\t\t\t<\/div>\n\t\t\t\t\t<\/div>\n\t\t<\/div>\n\t\t\t\t\t<\/div>\n\t\t<\/section>\n\t\t\t\t\t<\/div>\n\t\t<\/div>\n\t\t\t\t\t<\/div>\n\t\t<\/section>\n\t\t\t\t<section class=\"elementor-section elementor-top-section elementor-element elementor-element-d7c72b1 elementor-section-boxed elementor-section-height-default elementor-section-height-default jltma-glass-effect-no\" data-id=\"d7c72b1\" data-element_type=\"section\">\n\t\t\t\t\t\t<div class=\"elementor-container elementor-column-gap-default\">\n\t\t\t\t\t<div class=\"elementor-column elementor-col-100 elementor-top-column elementor-element elementor-element-23227bd jltma-glass-effect-no\" data-id=\"23227bd\" data-element_type=\"column\">\n\t\t\t<div class=\"elementor-widget-wrap elementor-element-populated\">\n\t\t\t\t\t\t<div class=\"elementor-element elementor-element-74c736e jltma-glass-effect-no elementor-widget elementor-widget-heading\" data-id=\"74c736e\" data-element_type=\"widget\" data-widget_type=\"heading.default\">\n\t\t\t\t<div class=\"elementor-widget-container\">\n\t\t\t\t\t<h2 class=\"elementor-heading-title elementor-size-default\">As\u00ed lo hacemos<\/h2>\t\t\t\t<\/div>\n\t\t\t\t<\/div>\n\t\t\t\t<div class=\"elementor-element elementor-element-000b280 jltma-glass-effect-no elementor-widget elementor-widget-text-editor\" data-id=\"000b280\" data-element_type=\"widget\" data-widget_type=\"text-editor.default\">\n\t\t\t\t<div class=\"elementor-widget-container\">\n\t\t\t\t\t\t\t\t\t<p>Una vez que hemos configurado la m\u00e1quina virtual con el sistema operativo adecuado, instalamos el software que tus empleados necesitan para realizar sus tareas diarias. Esto puede incluir herramientas contables como Siiigo, Helisa, Sistema UNO 8.5 o Enterprise, WordlOffice, as\u00ed como suites de oficina como Microsoft Office o cualquier otro software espec\u00edfico que requiera tu empresa.<\/p><p>Ahora, aqu\u00ed es donde entra en juego Apache Guacamole. Apache Guacamole es una herramienta de c\u00f3digo abierto que act\u00faa como un puente entre tus empleados y el software que han instalado en sus m\u00e1quinas virtuales. Lo que hace Guacamole es permitir el acceso a este software desde cualquier navegador web, eliminando la necesidad de instalarlo previamente en cada dispositivo.<\/p><p>La instalaci\u00f3n y configuraci\u00f3n de Guacamole es sencilla, y una vez configurada, tus empleados pueden acceder al software empresarial necesario simplemente abriendo un navegador y dirigi\u00e9ndose a la URL proporcionada. Desde all\u00ed, podr\u00e1n iniciar sesi\u00f3n en Guacamole y acceder a sus aplicaciones sin problemas, desde cualquier lugar y en cualquier momento.<\/p><p>En resumen, el proceso de virtualizaci\u00f3n con Proxmox y el uso de Apache Guacamole como puente simplifica enormemente el acceso al software empresarial para tus empleados. Elimina la necesidad de instalar software en cada dispositivo y permite un acceso f\u00e1cil y seguro desde cualquier navegador web. Con esta soluci\u00f3n, tu empresa puede ser m\u00e1s \u00e1gil, eficiente y flexible en su manejo de herramientas empresariales clave.<\/p>\t\t\t\t\t\t\t\t<\/div>\n\t\t\t\t<\/div>\n\t\t\t\t\t<\/div>\n\t\t<\/div>\n\t\t\t\t\t<\/div>\n\t\t<\/section>\n\t\t\t\t<section class=\"elementor-section elementor-top-section elementor-element elementor-element-2561ec0 elementor-section-boxed elementor-section-height-default elementor-section-height-default jltma-glass-effect-no\" data-id=\"2561ec0\" data-element_type=\"section\">\n\t\t\t\t\t\t<div class=\"elementor-container elementor-column-gap-default\">\n\t\t\t\t\t<div class=\"elementor-column elementor-col-100 elementor-top-column elementor-element elementor-element-3a5cd63 jltma-glass-effect-no\" data-id=\"3a5cd63\" data-element_type=\"column\">\n\t\t\t<div class=\"elementor-widget-wrap elementor-element-populated\">\n\t\t\t\t\t\t<div class=\"elementor-element elementor-element-cac80ff uael-heading-align-left jltma-glass-effect-no elementor-widget elementor-widget-ma-table-of-contents\" data-id=\"cac80ff\" data-element_type=\"widget\" data-widget_type=\"ma-table-of-contents.default\">\n\t\t\t\t<div class=\"elementor-widget-container\">\n\t\t\t\t\t\t\t<div class=\"jltma-toc-main-wrapper\" data-jltma-headings=\"h2,h3,h4\">\n\t\t\t<div class=\"jltma-toc-wrapper\">\n\t\t\t\t<div class=\"jltma-toc-header\">\n\t\t\t\t\t<span class=\"jltma-toc-heading elementor-inline-editing\"><\/span>\n\t\t\t\t\t\t\t\t\t<\/div>\n\t\t\t\t\t\t\t\t<div class=\"jltma-toc-toggle-content\">\n\t\t\t\t\t<div class=\"jltma-toc-content-wrapper\">\n\t\t\t\t\t\t\t\t\t\t\t\t\t<ul data-toc-headings=\"headings\" class=\"jltma-toc-list jltma-toc-list-disc\" data-jltma-scroll=\"\"><\/ul>\n\t\t\t\t\t\t\t\t\t\t\t<\/div>\n\t\t\t\t<\/div>\n\t\t\t\t<div class=\"jltma-toc-empty-note\">\n\t\t\t\t\t<span>Add a header to begin generating the table of contents<\/span>\n\t\t\t\t<\/div>\n\t\t\t<\/div>\n\t\t\t\t\t<\/div>\n\t\t\t\t<\/div>\n\t\t\t\t<\/div>\n\t\t\t\t\t<\/div>\n\t\t<\/div>\n\t\t\t\t\t<\/div>\n\t\t<\/section>\n\t\t\t\t<section class=\"elementor-section elementor-top-section elementor-element elementor-element-d1454f2 elementor-section-boxed elementor-section-height-default elementor-section-height-default jltma-glass-effect-no\" data-id=\"d1454f2\" data-element_type=\"section\">\n\t\t\t\t\t\t<div class=\"elementor-container elementor-column-gap-default\">\n\t\t\t\t\t<div class=\"elementor-column elementor-col-100 elementor-top-column elementor-element elementor-element-8e0fef7 jltma-glass-effect-no\" data-id=\"8e0fef7\" data-element_type=\"column\">\n\t\t\t<div class=\"elementor-widget-wrap elementor-element-populated\">\n\t\t\t\t\t\t<section class=\"elementor-section elementor-inner-section elementor-element elementor-element-8283643 elementor-section-boxed elementor-section-height-default elementor-section-height-default jltma-glass-effect-no\" data-id=\"8283643\" data-element_type=\"section\">\n\t\t\t\t\t\t<div class=\"elementor-container elementor-column-gap-default\">\n\t\t\t\t\t<div class=\"elementor-column elementor-col-50 elementor-inner-column elementor-element elementor-element-15d873c jltma-glass-effect-no\" data-id=\"15d873c\" data-element_type=\"column\">\n\t\t\t<div class=\"elementor-widget-wrap elementor-element-populated\">\n\t\t\t\t\t\t<div class=\"elementor-element elementor-element-86c0ad7 jltma-glass-effect-no elementor-widget elementor-widget-heading\" data-id=\"86c0ad7\" data-element_type=\"widget\" data-widget_type=\"heading.default\">\n\t\t\t\t<div class=\"elementor-widget-container\">\n\t\t\t\t\t<p class=\"elementor-heading-title elementor-size-default\"><a href=\"https:\/\/www.proxmox.com\/en\/\" target=\"_blank\" rel=\"noopener\">Link pagina oficial Proxmox<\/a><\/p>\t\t\t\t<\/div>\n\t\t\t\t<\/div>\n\t\t\t\t\t<\/div>\n\t\t<\/div>\n\t\t\t\t<div class=\"elementor-column elementor-col-50 elementor-inner-column elementor-element elementor-element-88bf451 jltma-glass-effect-no\" data-id=\"88bf451\" data-element_type=\"column\">\n\t\t\t<div class=\"elementor-widget-wrap elementor-element-populated\">\n\t\t\t\t\t\t<div class=\"elementor-element elementor-element-6e1a71a jltma-glass-effect-no elementor-widget elementor-widget-heading\" data-id=\"6e1a71a\" data-element_type=\"widget\" data-widget_type=\"heading.default\">\n\t\t\t\t<div class=\"elementor-widget-container\">\n\t\t\t\t\t<p class=\"elementor-heading-title elementor-size-default\"><a href=\"https:\/\/guacamole.apache.org\/\" target=\"_blank\" rel=\"noopener\">Link pagina oficial Apache Guacamole<\/a><\/p>\t\t\t\t<\/div>\n\t\t\t\t<\/div>\n\t\t\t\t\t<\/div>\n\t\t<\/div>\n\t\t\t\t\t<\/div>\n\t\t<\/section>\n\t\t\t\t\t<\/div>\n\t\t<\/div>\n\t\t\t\t\t<\/div>\n\t\t<\/section>\n\t\t\t\t<\/div>\n\t\t","protected":false},"excerpt":{"rendered":"<p>Con\u00e9ctate al escritorio remoto desde MAC Administraci\u00f3n de servidores Mantenimiento de computadores Reparaci\u00f3n de red inform\u00e1ticas Servicios inform\u00e1ticos integrales para empresas Potencia tu empresa con servidores Linux Moderniza tu infraestructura Cableado estructurado Conecta desde cualquier parte con los aplicativos de la empresa Aqu\u00ed te mostramos un ejemplo pr\u00e1ctico de c\u00f3mo conectar software contables sin necesidad [&hellip;]<\/p>\n","protected":false},"author":1,"featured_media":0,"parent":0,"menu_order":0,"comment_status":"closed","ping_status":"closed","template":"elementor_canvas","meta":{"footnotes":""},"class_list":["post-2122","page","type-page","status-publish","hentry"],"_links":{"self":[{"href":"https:\/\/servisistemas.com.co\/servicios-para-redes-computadores\/wp-json\/wp\/v2\/pages\/2122","targetHints":{"allow":["GET"]}}],"collection":[{"href":"https:\/\/servisistemas.com.co\/servicios-para-redes-computadores\/wp-json\/wp\/v2\/pages"}],"about":[{"href":"https:\/\/servisistemas.com.co\/servicios-para-redes-computadores\/wp-json\/wp\/v2\/types\/page"}],"author":[{"embeddable":true,"href":"https:\/\/servisistemas.com.co\/servicios-para-redes-computadores\/wp-json\/wp\/v2\/users\/1"}],"replies":[{"embeddable":true,"href":"https:\/\/servisistemas.com.co\/servicios-para-redes-computadores\/wp-json\/wp\/v2\/comments?post=2122"}],"version-history":[{"count":31,"href":"https:\/\/servisistemas.com.co\/servicios-para-redes-computadores\/wp-json\/wp\/v2\/pages\/2122\/revisions"}],"predecessor-version":[{"id":2356,"href":"https:\/\/servisistemas.com.co\/servicios-para-redes-computadores\/wp-json\/wp\/v2\/pages\/2122\/revisions\/2356"}],"wp:attachment":[{"href":"https:\/\/servisistemas.com.co\/servicios-para-redes-computadores\/wp-json\/wp\/v2\/media?parent=2122"}],"curies":[{"name":"wp","href":"https:\/\/api.w.org\/{rel}","templated":true}]}}