{"id":2276,"date":"2024-05-05T12:46:29","date_gmt":"2024-05-05T17:46:29","guid":{"rendered":"https:\/\/servisistemas.com.co\/servicios-para-redes-computadores\/?page_id=2276"},"modified":"2025-06-10T15:03:08","modified_gmt":"2025-06-10T20:03:08","slug":"contactanos-ahora","status":"publish","type":"page","link":"https:\/\/servisistemas.com.co\/servicios-para-redes-computadores\/contactanos-ahora\/","title":{"rendered":"Cont\u00e1ctanos ahora"},"content":{"rendered":"\t\t<div data-elementor-type=\"wp-page\" data-elementor-id=\"2276\" class=\"elementor elementor-2276\" data-elementor-post-type=\"page\">\n\t\t\t\t\t\t<section class=\"elementor-section elementor-top-section elementor-element elementor-element-38654bf elementor-hidden-desktop elementor-hidden-tablet elementor-hidden-mobile elementor-section-boxed elementor-section-height-default elementor-section-height-default jltma-glass-effect-no\" data-id=\"38654bf\" data-element_type=\"section\">\n\t\t\t\t\t\t<div class=\"elementor-container elementor-column-gap-default\">\n\t\t\t\t\t<div class=\"elementor-column elementor-col-100 elementor-top-column elementor-element elementor-element-f2d8a2a jltma-glass-effect-no\" data-id=\"f2d8a2a\" data-element_type=\"column\">\n\t\t\t<div class=\"elementor-widget-wrap elementor-element-populated\">\n\t\t\t\t\t\t<div class=\"elementor-element elementor-element-e807cd7 jltma-glass-effect-no elementor-widget elementor-widget-heading\" data-id=\"e807cd7\" data-element_type=\"widget\" data-widget_type=\"heading.default\">\n\t\t\t\t<div class=\"elementor-widget-container\">\n\t\t\t\t\t<h2 class=\"elementor-heading-title elementor-size-default\">Cont\u00e1ctanos para Soluciones Integrales en Inform\u00e1tica<\/h2>\t\t\t\t<\/div>\n\t\t\t\t<\/div>\n\t\t\t\t<div class=\"elementor-element elementor-element-b7fcdf3 elementor-widget__width-auto jltma-glass-effect-no elementor-widget elementor-widget-html\" data-id=\"b7fcdf3\" data-element_type=\"widget\" data-widget_type=\"html.default\">\n\t\t\t\t<div class=\"elementor-widget-container\">\n\t\t\t\t\t<!DOCTYPE html>\r\n<html lang=\"es\">\r\n<head>\r\n    <meta charset=\"UTF-8\">\r\n    <meta name=\"viewport\" content=\"width=device-width, initial-scale=1.0\">\r\n    <title>Mostrar Imagen<\/title>\r\n<\/head>\r\n<body>\r\n    <img decoding=\"async\" id=\"imagen\" src=\"https:\/\/servisistemas.com.co\/img\/movil_soporte.png\" alt=\"Imagen de ejemplo\" style=\"display:none;\" title=\"\">\r\n\r\n    <script>\r\n        function mostrarImagenSegunHorario() {\r\n            const fecha = new Date();\r\n            const dia = fecha.getDay(); \/\/ 0 = Domingo, 1 = Lunes, ..., 6 = S\u00e1bado\r\n            const hora = fecha.getHours();\r\n            const minutos = fecha.getMinutes();\r\n            const inicioHora = 7;\r\n            const finHora = 15;\r\n\r\n            \/\/ Verificar si es de lunes (1) a viernes (5) y si est\u00e1 dentro del rango de tiempo\r\n            if (dia >= 1 && dia <= 5 && (hora > inicioHora || (hora === inicioHora && minutos >= 0)) && (hora < finHora)) {\r\n                document.getElementById(\"imagen\").style.display = \"block\";\r\n            } else {\r\n                document.getElementById(\"imagen\").style.display = \"none\";\r\n            }\r\n        }\r\n\r\n        \/\/ Ejecutar al cargar la p\u00e1gina\r\n        mostrarImagenSegunHorario();\r\n\r\n        \/\/ Verificar cada minuto si la imagen debe mostrarse o no\r\n        setInterval(mostrarImagenSegunHorario, 60000); \/\/ 60000 ms = 1 minuto\r\n    <\/script>\r\n<\/body>\r\n<\/html>\t\t\t\t<\/div>\n\t\t\t\t<\/div>\n\t\t\t\t\t<\/div>\n\t\t<\/div>\n\t\t\t\t\t<\/div>\n\t\t<\/section>\n\t\t\t\t<section class=\"elementor-section elementor-top-section elementor-element elementor-element-fb0c207 elementor-section-boxed elementor-section-height-default elementor-section-height-default jltma-glass-effect-no\" data-id=\"fb0c207\" data-element_type=\"section\">\n\t\t\t\t\t\t<div class=\"elementor-container elementor-column-gap-default\">\n\t\t\t\t\t<div class=\"elementor-column elementor-col-100 elementor-top-column elementor-element elementor-element-8d05b3d jltma-glass-effect-no\" data-id=\"8d05b3d\" data-element_type=\"column\">\n\t\t\t<div class=\"elementor-widget-wrap elementor-element-populated\">\n\t\t\t\t\t\t<div class=\"elementor-element elementor-element-182aa54 jltma-glass-effect-no elementor-widget elementor-widget-text-editor\" data-id=\"182aa54\" data-element_type=\"widget\" data-widget_type=\"text-editor.default\">\n\t\t\t\t<div class=\"elementor-widget-container\">\n\t\t\t\t\t\t\t\t\t<p><strong>\u00bfPor qu\u00e9 Elegirnos?<\/strong><\/p><p>En Servisistemas, nos enorgullece ofrecer soluciones integrales que van m\u00e1s all\u00e1 de las expectativas. Con 20 a\u00f1os de experiencia en el sector, nuestro equipo de expertos est\u00e1 capacitado para abordar una amplia gama de necesidades en inform\u00e1tica, desde la resoluci\u00f3n de problemas cotidianos hasta la implementaci\u00f3n de infraestructuras tecnol\u00f3gicas avanzadas.<\/p><p><strong>Nuestros Servicios<\/strong><\/p><ul><li><p><strong>Soporte T\u00e9cnico Personalizado:<\/strong>\u00a0\u00bfTienes problemas con tu computadora o red empresarial? Nuestro equipo de soporte t\u00e9cnico est\u00e1 aqu\u00ed para ayudarte a resolver cualquier problema, desde la configuraci\u00f3n de software hasta la soluci\u00f3n de problemas de hardware.<\/p><\/li><li><p><strong>Virtualizaci\u00f3n y Optimizaci\u00f3n de Infraestructuras:<\/strong>\u00a0\u00bfBuscas mejorar la eficiencia y reducir costos? Nuestra experiencia en virtualizaci\u00f3n te ayudar\u00e1 a optimizar tus recursos y llevar tu infraestructura tecnol\u00f3gica al siguiente nivel.<\/p><\/li><li><p><strong>Seguridad Inform\u00e1tica Avanzada:<\/strong>\u00a0La protecci\u00f3n de datos es fundamental en el mundo digital actual. Desde la implementaci\u00f3n de firewalls hasta auditor\u00edas de seguridad, estamos comprometidos a mantener tu informaci\u00f3n segura y protegida.<\/p><\/li><\/ul>\t\t\t\t\t\t\t\t<\/div>\n\t\t\t\t<\/div>\n\t\t\t\t\t<\/div>\n\t\t<\/div>\n\t\t\t\t\t<\/div>\n\t\t<\/section>\n\t\t\t\t<section class=\"elementor-section elementor-top-section elementor-element elementor-element-7deb1e2 elementor-section-boxed elementor-section-height-default elementor-section-height-default jltma-glass-effect-no\" data-id=\"7deb1e2\" data-element_type=\"section\">\n\t\t\t\t\t\t<div class=\"elementor-container elementor-column-gap-default\">\n\t\t\t\t\t<div class=\"elementor-column elementor-col-100 elementor-top-column elementor-element elementor-element-04acd10 jltma-glass-effect-no\" data-id=\"04acd10\" data-element_type=\"column\">\n\t\t\t<div class=\"elementor-widget-wrap elementor-element-populated\">\n\t\t\t\t\t\t<div class=\"elementor-element elementor-element-f57d745 jltma-glass-effect-no elementor-widget elementor-widget-html\" data-id=\"f57d745\" data-element_type=\"widget\" data-widget_type=\"html.default\">\n\t\t\t\t<div class=\"elementor-widget-container\">\n\t\t\t\t\t<div class='lepopup-inline' data-slug='FORM-REDES-INFORMA'><\/div>\t\t\t\t<\/div>\n\t\t\t\t<\/div>\n\t\t\t\t\t<\/div>\n\t\t<\/div>\n\t\t\t\t\t<\/div>\n\t\t<\/section>\n\t\t\t\t<\/div>\n\t\t","protected":false},"excerpt":{"rendered":"<p>Cont\u00e1ctanos para Soluciones Integrales en Inform\u00e1tica Mostrar Imagen \u00bfPor qu\u00e9 Elegirnos? En Servisistemas, nos enorgullece ofrecer soluciones integrales que van m\u00e1s all\u00e1 de las expectativas. Con 20 a\u00f1os de experiencia en el sector, nuestro equipo de expertos est\u00e1 capacitado para abordar una amplia gama de necesidades en inform\u00e1tica, desde la resoluci\u00f3n de problemas cotidianos hasta [&hellip;]<\/p>\n","protected":false},"author":1,"featured_media":0,"parent":0,"menu_order":0,"comment_status":"closed","ping_status":"closed","template":"","meta":{"footnotes":""},"class_list":["post-2276","page","type-page","status-publish","hentry"],"_links":{"self":[{"href":"https:\/\/servisistemas.com.co\/servicios-para-redes-computadores\/wp-json\/wp\/v2\/pages\/2276","targetHints":{"allow":["GET"]}}],"collection":[{"href":"https:\/\/servisistemas.com.co\/servicios-para-redes-computadores\/wp-json\/wp\/v2\/pages"}],"about":[{"href":"https:\/\/servisistemas.com.co\/servicios-para-redes-computadores\/wp-json\/wp\/v2\/types\/page"}],"author":[{"embeddable":true,"href":"https:\/\/servisistemas.com.co\/servicios-para-redes-computadores\/wp-json\/wp\/v2\/users\/1"}],"replies":[{"embeddable":true,"href":"https:\/\/servisistemas.com.co\/servicios-para-redes-computadores\/wp-json\/wp\/v2\/comments?post=2276"}],"version-history":[{"count":73,"href":"https:\/\/servisistemas.com.co\/servicios-para-redes-computadores\/wp-json\/wp\/v2\/pages\/2276\/revisions"}],"predecessor-version":[{"id":4000,"href":"https:\/\/servisistemas.com.co\/servicios-para-redes-computadores\/wp-json\/wp\/v2\/pages\/2276\/revisions\/4000"}],"wp:attachment":[{"href":"https:\/\/servisistemas.com.co\/servicios-para-redes-computadores\/wp-json\/wp\/v2\/media?parent=2276"}],"curies":[{"name":"wp","href":"https:\/\/api.w.org\/{rel}","templated":true}]}}