{"id":2362,"date":"2024-05-05T14:46:22","date_gmt":"2024-05-05T19:46:22","guid":{"rendered":"https:\/\/servisistemas.com.co\/servicios-para-redes-computadores\/?page_id=2362"},"modified":"2024-06-30T11:08:44","modified_gmt":"2024-06-30T16:08:44","slug":"proxmox-8-que-trae-de-nuevo","status":"publish","type":"page","link":"https:\/\/servisistemas.com.co\/servicios-para-redes-computadores\/proxmox-8-que-trae-de-nuevo\/","title":{"rendered":"Proxmox 8 que trae de nuevo"},"content":{"rendered":"\t\t<div data-elementor-type=\"wp-page\" data-elementor-id=\"2362\" class=\"elementor elementor-2362\" data-elementor-post-type=\"page\">\n\t\t\t\t\t\t<section class=\"elementor-section elementor-top-section elementor-element elementor-element-dca4d07 elementor-section-boxed elementor-section-height-default elementor-section-height-default jltma-glass-effect-no\" data-id=\"dca4d07\" data-element_type=\"section\">\n\t\t\t\t\t\t<div class=\"elementor-container elementor-column-gap-default\">\n\t\t\t\t\t<div class=\"elementor-column elementor-col-100 elementor-top-column elementor-element elementor-element-f29129c jltma-glass-effect-no\" data-id=\"f29129c\" data-element_type=\"column\">\n\t\t\t<div class=\"elementor-widget-wrap elementor-element-populated\">\n\t\t\t\t\t\t<div class=\"elementor-element elementor-element-dd65266 jltma-glass-effect-no elementor-widget elementor-widget-heading\" data-id=\"dd65266\" data-element_type=\"widget\" data-widget_type=\"heading.default\">\n\t\t\t\t<div class=\"elementor-widget-container\">\n\t\t\t\t\t<h2 class=\"elementor-heading-title elementor-size-default\">Innovaci\u00f3n, Estabilidad y Rendimiento Mejorado<\/h2>\t\t\t\t<\/div>\n\t\t\t\t<\/div>\n\t\t\t\t<div class=\"elementor-element elementor-element-0cde42b jltma-glass-effect-no elementor-widget elementor-widget-text-editor\" data-id=\"0cde42b\" data-element_type=\"widget\" data-widget_type=\"text-editor.default\">\n\t\t\t\t<div class=\"elementor-widget-container\">\n\t\t\t\t\t\t\t\t\tProxmox VE 8.0 es una soluci\u00f3n de virtualizaci\u00f3n completa y flexible que ofrece numerosos beneficios para las empresas.\t\t\t\t\t\t\t\t<\/div>\n\t\t\t\t<\/div>\n\t\t\t\t<div class=\"elementor-element elementor-element-e4aff35 jltma-glass-effect-no elementor-widget elementor-widget-text-editor\" data-id=\"e4aff35\" data-element_type=\"widget\" data-widget_type=\"text-editor.default\">\n\t\t\t\t<div class=\"elementor-widget-container\">\n\t\t\t\t\t\t\t\t\tA continuaci\u00f3n, profundizar\u00e9 en los cambios clave que trae Proxmox VE 8.0 en comparaci\u00f3n con la versi\u00f3n 7\t\t\t\t\t\t\t\t<\/div>\n\t\t\t\t<\/div>\n\t\t\t\t<div class=\"elementor-element elementor-element-775234d jltma-glass-effect-no elementor-widget elementor-widget-text-editor\" data-id=\"775234d\" data-element_type=\"widget\" data-widget_type=\"text-editor.default\">\n\t\t\t\t<div class=\"elementor-widget-container\">\n\t\t\t\t\t\t\t\t\t<ol><li><p><strong>Basado en Debian 12 \u201cBookworm\u201d<\/strong>:<\/p><ul><li>Proxmox VE 8.0 utiliza Debian 12 como base. Esto significa que hereda las mejoras de seguridad, correcciones de errores y actualizaciones de paquetes de Debian 12.<\/li><li>Debian 12 incluye un kernel Linux 5.10 LTS, lo que proporciona estabilidad y compatibilidad con hardware moderno.<\/li><\/ul><\/li><li><p><strong>Kernel Linux m\u00e1s reciente<\/strong>:<\/p><ul><li>Proxmox 8.0 incluye un kernel Linux 6.2 como predeterminado. Este kernel ofrece mejoras en el rendimiento, controladores actualizados y soporte para nuevas caracter\u00edsticas.<\/li><li>Los usuarios se beneficiar\u00e1n de una mayor eficiencia y compatibilidad con hardware reciente.<\/li><\/ul><\/li><li><p><strong>Actualizaciones de tecnolog\u00edas de virtualizaci\u00f3n<\/strong>:<\/p><ul><li><strong>QEMU 8.0.2<\/strong>:<ul><li>QEMU es el emulador de procesador utilizado para ejecutar m\u00e1quinas virtuales. La versi\u00f3n 8.0.2 trae mejoras en la emulaci\u00f3n, lo que se traduce en un mejor rendimiento y mayor compatibilidad con sistemas operativos invitados.<\/li><li>Se han corregido errores y se han a\u00f1adido caracter\u00edsticas nuevas.<\/li><\/ul><\/li><li><strong>LXC 5.0.2<\/strong>:<ul><li>LXC (Linux Containers) es una tecnolog\u00eda de contenedores ligera y r\u00e1pida.<\/li><li>La versi\u00f3n 5.0.2 incluye mejoras en la gesti\u00f3n de contenedores, seguridad y rendimiento.<\/li><\/ul><\/li><li><strong>ZFS 2.1.12<\/strong>:<ul><li>ZFS es un sistema de archivos avanzado y escalable.<\/li><li>La versi\u00f3n 2.1.12 trae correcciones de errores y mejoras en la administraci\u00f3n del almacenamiento.<\/li><\/ul><\/li><li><strong>Ceph Quincy 17.2.6<\/strong>:<ul><li>Ceph es una soluci\u00f3n de almacenamiento distribuido.<\/li><li>La versi\u00f3n 17.2.6 ofrece mejoras en la estabilidad y el rendimiento de Ceph.<\/li><\/ul><\/li><\/ul><\/li><li><p><strong>Repositorio empresarial para Ceph<\/strong>:<\/p><ul><li>Los suscriptores de Proxmox VE ahora tienen acceso a un repositorio empresarial espec\u00edfico para Ceph.<\/li><li>Esto garantiza una mayor estabilidad y soporte en entornos de producci\u00f3n que utilizan Ceph como soluci\u00f3n de almacenamiento.<\/li><\/ul><\/li><\/ol>\t\t\t\t\t\t\t\t<\/div>\n\t\t\t\t<\/div>\n\t\t\t\t\t<\/div>\n\t\t<\/div>\n\t\t\t\t\t<\/div>\n\t\t<\/section>\n\t\t\t\t<section class=\"elementor-section elementor-top-section elementor-element elementor-element-08123ad elementor-section-boxed elementor-section-height-default elementor-section-height-default jltma-glass-effect-no\" data-id=\"08123ad\" data-element_type=\"section\">\n\t\t\t\t\t\t<div class=\"elementor-container elementor-column-gap-default\">\n\t\t\t\t\t<div class=\"elementor-column elementor-col-100 elementor-top-column elementor-element elementor-element-5cab572 jltma-glass-effect-no\" data-id=\"5cab572\" data-element_type=\"column\">\n\t\t\t<div class=\"elementor-widget-wrap elementor-element-populated\">\n\t\t\t\t\t\t<div class=\"elementor-element elementor-element-71665e2 jltma-glass-effect-no elementor-widget elementor-widget-ma-call-to-action\" data-id=\"71665e2\" data-element_type=\"widget\" data-widget_type=\"ma-call-to-action.default\">\n\t\t\t\t<div class=\"elementor-widget-container\">\n\t\t\t\t\t\n\t\t<section class=\"jltma-call-to-action\" id=\"jltma-action-content-71665e2\">\n\t\t\t<div class=\"style-01\">\n\t\t\t\t<div class=\"jltma-call-action-content\">\n\t\t\t\t\t<div class=\"jltma-row\">\n\t\t\t\t\t\t<div class=\"jltma-col-9\">\n\n\t\t\t\t\t\t\t\t\t\t\t\t\t\t\t<h3 class=\"jltma-call-action-title\">\n\t\t\t\t\t\t\t\t\tSoporte t\u00e9cnico para servidores Proxmox\t\t\t\t\t\t\t\t<\/h3>\n\n\t\t\t\t\t\t\t\t<p class=\"jltma-call-action-description\">\n\t\t\t\t\t\t\t\t\tObt\u00e9n asistencia experta para la instalaci\u00f3n, configuraci\u00f3n y mantenimiento de tus servidores Proxmox. Maximiza el rendimiento y la seguridad de tu infraestructura con nuestro servicio especializado.\t\t\t\t\t\t\t\t<\/p>\n\t\t\t\t\t\t\t\n\t\t\t\t\t\t<\/div>\n\t\t\t\t\t\t<div class=\"jltma-col-3 text-right\">\n\t\t\t\t\t\t\t<a class=\"jltma-call-action-btn\" href=\"https:\/\/servisistemas.com.co\/servicios-para-redes-computadores\/contactanos-ahora\/\" target=\"_blank\">\n\t\t\t\t\t\t\t\tContactanos ahora\t\t\t\t\t\t\t<\/a>\n\t\t\t\t\t\t<\/div>\n\t\t\t\t\t<\/div>\n\t\t\t\t<\/div>\n\t\t\t<\/div>\n\n\t\t<\/section>\n\t\t\t\t<\/div>\n\t\t\t\t<\/div>\n\t\t\t\t\t<\/div>\n\t\t<\/div>\n\t\t\t\t\t<\/div>\n\t\t<\/section>\n\t\t\t\t<\/div>\n\t\t","protected":false},"excerpt":{"rendered":"<p>Innovaci\u00f3n, Estabilidad y Rendimiento Mejorado Proxmox VE 8.0 es una soluci\u00f3n de virtualizaci\u00f3n completa y flexible que ofrece numerosos beneficios para las empresas.A continuaci\u00f3n, profundizar\u00e9 en los cambios clave que trae Proxmox VE 8.0 en comparaci\u00f3n con la versi\u00f3n 7 Basado en Debian 12 \u201cBookworm\u201d: Proxmox VE 8.0 utiliza Debian 12 como base. Esto significa [&hellip;]<\/p>\n","protected":false},"author":1,"featured_media":0,"parent":0,"menu_order":0,"comment_status":"closed","ping_status":"closed","template":"","meta":{"footnotes":""},"class_list":["post-2362","page","type-page","status-publish","hentry"],"_links":{"self":[{"href":"https:\/\/servisistemas.com.co\/servicios-para-redes-computadores\/wp-json\/wp\/v2\/pages\/2362","targetHints":{"allow":["GET"]}}],"collection":[{"href":"https:\/\/servisistemas.com.co\/servicios-para-redes-computadores\/wp-json\/wp\/v2\/pages"}],"about":[{"href":"https:\/\/servisistemas.com.co\/servicios-para-redes-computadores\/wp-json\/wp\/v2\/types\/page"}],"author":[{"embeddable":true,"href":"https:\/\/servisistemas.com.co\/servicios-para-redes-computadores\/wp-json\/wp\/v2\/users\/1"}],"replies":[{"embeddable":true,"href":"https:\/\/servisistemas.com.co\/servicios-para-redes-computadores\/wp-json\/wp\/v2\/comments?post=2362"}],"version-history":[{"count":16,"href":"https:\/\/servisistemas.com.co\/servicios-para-redes-computadores\/wp-json\/wp\/v2\/pages\/2362\/revisions"}],"predecessor-version":[{"id":2508,"href":"https:\/\/servisistemas.com.co\/servicios-para-redes-computadores\/wp-json\/wp\/v2\/pages\/2362\/revisions\/2508"}],"wp:attachment":[{"href":"https:\/\/servisistemas.com.co\/servicios-para-redes-computadores\/wp-json\/wp\/v2\/media?parent=2362"}],"curies":[{"name":"wp","href":"https:\/\/api.w.org\/{rel}","templated":true}]}}