{"id":2581,"date":"2024-07-09T07:34:59","date_gmt":"2024-07-09T12:34:59","guid":{"rendered":"https:\/\/servisistemas.com.co\/servicios-para-redes-computadores\/?page_id=2581"},"modified":"2024-10-08T09:01:20","modified_gmt":"2024-10-08T14:01:20","slug":"optimiza-tu-red-y-mejora-tu-conexion-a-internet-con-nuestros-servicios-informaticos-personalizados","status":"publish","type":"page","link":"https:\/\/servisistemas.com.co\/servicios-para-redes-computadores\/optimiza-tu-red-y-mejora-tu-conexion-a-internet-con-nuestros-servicios-informaticos-personalizados\/","title":{"rendered":"Optimiza tu red y mejora tu conexi\u00f3n a Internet con nuestros servicios inform\u00e1ticos personalizados"},"content":{"rendered":"\t\t<div data-elementor-type=\"wp-page\" data-elementor-id=\"2581\" class=\"elementor elementor-2581\" data-elementor-post-type=\"page\">\n\t\t\t\t\t\t<section class=\"elementor-section elementor-top-section elementor-element elementor-element-17d1960 elementor-section-boxed elementor-section-height-default elementor-section-height-default jltma-glass-effect-no\" data-id=\"17d1960\" data-element_type=\"section\">\n\t\t\t\t\t\t<div class=\"elementor-container elementor-column-gap-default\">\n\t\t\t\t\t<div class=\"elementor-column elementor-col-100 elementor-top-column elementor-element elementor-element-103280f jltma-glass-effect-no\" data-id=\"103280f\" data-element_type=\"column\">\n\t\t\t<div class=\"elementor-widget-wrap elementor-element-populated\">\n\t\t\t\t\t\t<div class=\"elementor-element elementor-element-8005499 jltma-glass-effect-no elementor-widget elementor-widget-heading\" data-id=\"8005499\" data-element_type=\"widget\" data-widget_type=\"heading.default\">\n\t\t\t\t<div class=\"elementor-widget-container\">\n\t\t\t\t\t<h1 class=\"elementor-heading-title elementor-size-default\">Soluciones integrales para empresas que buscan eficiencia y productividad en sus sistemas inform\u00e1ticos.<\/h1>\t\t\t\t<\/div>\n\t\t\t\t<\/div>\n\t\t\t\t<div class=\"elementor-element elementor-element-9755e2e jltma-glass-effect-no elementor-widget elementor-widget-text-editor\" data-id=\"9755e2e\" data-element_type=\"widget\" data-widget_type=\"text-editor.default\">\n\t\t\t\t<div class=\"elementor-widget-container\">\n\t\t\t\t\t\t\t\t\t<p>Entendemos que una red eficiente y segura es esencial para el \u00e9xito de tu negocio.\u00a0<\/p><p>Por eso, ofrecemos servicios integrales de an\u00e1lisis y optimizaci\u00f3n de redes, instalaci\u00f3n y configuraci\u00f3n de equipos, y soluciones de seguridad inform\u00e1tica dise\u00f1adas espec\u00edficamente para tus necesidades.<\/p>\t\t\t\t\t\t\t\t<\/div>\n\t\t\t\t<\/div>\n\t\t\t\t<div class=\"elementor-element elementor-element-f547055 jltma-glass-effect-no elementor-widget elementor-widget-text-editor\" data-id=\"f547055\" data-element_type=\"widget\" data-widget_type=\"text-editor.default\">\n\t\t\t\t<div class=\"elementor-widget-container\">\n\t\t\t\t\t\t\t\t\t<p><strong>Nuestros Servicios Incluyen:<\/strong><\/p>\n<ul>\n<li><strong>An&aacute;lisis y Optimizaci&oacute;n de Redes:<\/strong> Identificamos y corregimos cuellos de botella en tu red para maximizar su rendimiento.<\/li>\n<li><strong>Instalaci&oacute;n y Configuraci&oacute;n de Equipos:<\/strong> Nos encargamos de la instalaci&oacute;n y configuraci&oacute;n de routers, switches, y otros equipos esenciales.<\/li>\n<li><strong>Seguridad Inform&aacute;tica:<\/strong> Protege tus datos y redes con nuestras soluciones avanzadas de seguridad.<\/li>\n<li><strong>Soporte T&eacute;cnico Continuo:<\/strong> Nuestro equipo de expertos est&aacute; disponible para resolver cualquier problema y mantener tus sistemas funcionando sin interrupciones.<\/li>\n<\/ul>\t\t\t\t\t\t\t\t<\/div>\n\t\t\t\t<\/div>\n\t\t\t\t<div class=\"elementor-element elementor-element-40e34ae jltma-glass-effect-no elementor-widget elementor-widget-text-editor\" data-id=\"40e34ae\" data-element_type=\"widget\" data-widget_type=\"text-editor.default\">\n\t\t\t\t<div class=\"elementor-widget-container\">\n\t\t\t\t\t\t\t\t\t<p><strong>\u00bfPor Qu\u00e9 Elegirnos?<\/strong><\/p><ul><li><strong>Experiencia:<\/strong> M\u00e1s de 20 a\u00f1os ayudando a empresas a mejorar su infraestructura inform\u00e1tica.<\/li><li><strong>Personalizaci\u00f3n:<\/strong> Soluciones adaptadas a las necesidades espec\u00edficas de tu empresa.<\/li><li><strong>Compromiso:<\/strong> Nos dedicamos a ofrecer el mejor servicio al cliente y soporte t\u00e9cnico.<\/li><\/ul><p><strong>Contacta con Nosotros<\/strong><\/p><p>\u00a1Descubre c\u00f3mo podemos ayudarte a optimizar tu red y mejorar tu conexi\u00f3n a Internet! Solicita una consulta gratuita hoy mismo.<\/p>\t\t\t\t\t\t\t\t<\/div>\n\t\t\t\t<\/div>\n\t\t\t\t\t<\/div>\n\t\t<\/div>\n\t\t\t\t\t<\/div>\n\t\t<\/section>\n\t\t\t\t<section class=\"elementor-section elementor-top-section elementor-element elementor-element-77f73f2 elementor-section-boxed elementor-section-height-default elementor-section-height-default jltma-glass-effect-no\" data-id=\"77f73f2\" data-element_type=\"section\">\n\t\t\t\t\t\t<div class=\"elementor-container elementor-column-gap-default\">\n\t\t\t\t\t<div class=\"elementor-column elementor-col-33 elementor-top-column elementor-element elementor-element-3db35b9 jltma-glass-effect-no\" data-id=\"3db35b9\" data-element_type=\"column\">\n\t\t\t<div class=\"elementor-widget-wrap elementor-element-populated\">\n\t\t\t\t\t\t<div class=\"elementor-element elementor-element-03d8e6d jltma-glass-effect-no elementor-widget elementor-widget-video\" data-id=\"03d8e6d\" data-element_type=\"widget\" data-settings=\"{&quot;youtube_url&quot;:&quot;https:\\\/\\\/youtu.be\\\/riIT5zBOvrc?si=q9QfkY9GaOULhluT&quot;,&quot;yt_privacy&quot;:&quot;yes&quot;,&quot;video_type&quot;:&quot;youtube&quot;}\" data-widget_type=\"video.default\">\n\t\t\t\t<div class=\"elementor-widget-container\">\n\t\t\t\t\t\t\t<div class=\"elementor-wrapper elementor-open-inline\">\n\t\t\t<div class=\"elementor-video\"><\/div>\t\t<\/div>\n\t\t\t\t\t\t<\/div>\n\t\t\t\t<\/div>\n\t\t\t\t\t<\/div>\n\t\t<\/div>\n\t\t\t\t<div class=\"elementor-column elementor-col-33 elementor-top-column elementor-element elementor-element-626ea1d jltma-glass-effect-no\" data-id=\"626ea1d\" data-element_type=\"column\">\n\t\t\t<div class=\"elementor-widget-wrap elementor-element-populated\">\n\t\t\t\t\t\t<div class=\"elementor-element elementor-element-574c2b4 jltma-glass-effect-no elementor-widget elementor-widget-video\" data-id=\"574c2b4\" data-element_type=\"widget\" data-settings=\"{&quot;youtube_url&quot;:&quot;https:\\\/\\\/youtu.be\\\/Vde7bqlxYOk?si=i8hMBV7-qMLSYtWz&quot;,&quot;yt_privacy&quot;:&quot;yes&quot;,&quot;video_type&quot;:&quot;youtube&quot;}\" data-widget_type=\"video.default\">\n\t\t\t\t<div class=\"elementor-widget-container\">\n\t\t\t\t\t\t\t<div class=\"elementor-wrapper elementor-open-inline\">\n\t\t\t<div class=\"elementor-video\"><\/div>\t\t<\/div>\n\t\t\t\t\t\t<\/div>\n\t\t\t\t<\/div>\n\t\t\t\t\t<\/div>\n\t\t<\/div>\n\t\t\t\t<div class=\"elementor-column elementor-col-33 elementor-top-column elementor-element elementor-element-31b3d08 jltma-glass-effect-no\" data-id=\"31b3d08\" data-element_type=\"column\">\n\t\t\t<div class=\"elementor-widget-wrap elementor-element-populated\">\n\t\t\t\t\t\t<div class=\"elementor-element elementor-element-1da80cb jltma-glass-effect-no elementor-widget elementor-widget-video\" data-id=\"1da80cb\" data-element_type=\"widget\" data-settings=\"{&quot;youtube_url&quot;:&quot;https:\\\/\\\/youtu.be\\\/BeJOljxCewY?si=f1q0S5EALxoDKPZS&quot;,&quot;yt_privacy&quot;:&quot;yes&quot;,&quot;video_type&quot;:&quot;youtube&quot;}\" data-widget_type=\"video.default\">\n\t\t\t\t<div class=\"elementor-widget-container\">\n\t\t\t\t\t\t\t<div class=\"elementor-wrapper elementor-open-inline\">\n\t\t\t<div class=\"elementor-video\"><\/div>\t\t<\/div>\n\t\t\t\t\t\t<\/div>\n\t\t\t\t<\/div>\n\t\t\t\t\t<\/div>\n\t\t<\/div>\n\t\t\t\t\t<\/div>\n\t\t<\/section>\n\t\t\t\t<section class=\"elementor-section elementor-top-section elementor-element elementor-element-2279913 elementor-section-boxed elementor-section-height-default elementor-section-height-default jltma-glass-effect-no\" data-id=\"2279913\" data-element_type=\"section\">\n\t\t\t\t\t\t<div class=\"elementor-container elementor-column-gap-default\">\n\t\t\t\t\t<div class=\"elementor-column elementor-col-100 elementor-top-column elementor-element elementor-element-b5f786a jltma-glass-effect-no\" data-id=\"b5f786a\" data-element_type=\"column\">\n\t\t\t<div class=\"elementor-widget-wrap elementor-element-populated\">\n\t\t\t\t\t\t<div class=\"elementor-element elementor-element-6bc76ae elementor-widget-divider--view-line jltma-glass-effect-no elementor-widget elementor-widget-divider\" data-id=\"6bc76ae\" data-element_type=\"widget\" data-widget_type=\"divider.default\">\n\t\t\t\t<div class=\"elementor-widget-container\">\n\t\t\t\t\t\t\t<div class=\"elementor-divider\">\n\t\t\t<span class=\"elementor-divider-separator\">\n\t\t\t\t\t\t<\/span>\n\t\t<\/div>\n\t\t\t\t\t\t<\/div>\n\t\t\t\t<\/div>\n\t\t\t\t\t<\/div>\n\t\t<\/div>\n\t\t\t\t\t<\/div>\n\t\t<\/section>\n\t\t\t\t<section class=\"elementor-section elementor-top-section elementor-element elementor-element-54ec7b7 elementor-section-boxed elementor-section-height-default elementor-section-height-default jltma-glass-effect-no\" data-id=\"54ec7b7\" data-element_type=\"section\">\n\t\t\t\t\t\t<div class=\"elementor-container elementor-column-gap-default\">\n\t\t\t\t\t<div class=\"elementor-column elementor-col-50 elementor-top-column elementor-element elementor-element-c9b129e jltma-glass-effect-no\" data-id=\"c9b129e\" data-element_type=\"column\">\n\t\t\t<div class=\"elementor-widget-wrap elementor-element-populated\">\n\t\t\t\t\t\t<div class=\"elementor-element elementor-element-bab4c64 jltma-glass-effect-no elementor-widget elementor-widget-text-editor\" data-id=\"bab4c64\" data-element_type=\"widget\" data-widget_type=\"text-editor.default\">\n\t\t\t\t<div class=\"elementor-widget-container\">\n\t\t\t\t\t\t\t\t\t<h2 style=\"text-align: center;\">Necesitas servicios y soporte para redes y computadores<\/h2><div><h2 style=\"text-align: center;\">Cont\u00e1ctanos ahora<\/h2><\/div><h6 style=\"text-align: center;\">Comprometidos con el cumplimiento y RAPIDEZ<\/h6>\t\t\t\t\t\t\t\t<\/div>\n\t\t\t\t<\/div>\n\t\t\t\t\t<\/div>\n\t\t<\/div>\n\t\t\t\t<div class=\"elementor-column elementor-col-50 elementor-top-column elementor-element elementor-element-e624832 jltma-glass-effect-no\" data-id=\"e624832\" data-element_type=\"column\">\n\t\t\t<div class=\"elementor-widget-wrap elementor-element-populated\">\n\t\t\t\t\t\t<div class=\"elementor-element elementor-element-d371311 jltma-glass-effect-no elementor-widget elementor-widget-html\" data-id=\"d371311\" data-element_type=\"widget\" data-widget_type=\"html.default\">\n\t\t\t\t<div class=\"elementor-widget-container\">\n\t\t\t\t\t<div class='lepopup-inline' data-slug='FORM-REDES-INFORMA'><\/div>\t\t\t\t<\/div>\n\t\t\t\t<\/div>\n\t\t\t\t\t<\/div>\n\t\t<\/div>\n\t\t\t\t\t<\/div>\n\t\t<\/section>\n\t\t\t\t<\/div>\n\t\t","protected":false},"excerpt":{"rendered":"<p>Soluciones integrales para empresas que buscan eficiencia y productividad en sus sistemas inform\u00e1ticos. Entendemos que una red eficiente y segura es esencial para el \u00e9xito de tu negocio.\u00a0 Por eso, ofrecemos servicios integrales de an\u00e1lisis y optimizaci\u00f3n de redes, instalaci\u00f3n y configuraci\u00f3n de equipos, y soluciones de seguridad inform\u00e1tica dise\u00f1adas espec\u00edficamente para tus necesidades. Nuestros [&hellip;]<\/p>\n","protected":false},"author":1,"featured_media":0,"parent":0,"menu_order":0,"comment_status":"closed","ping_status":"closed","template":"","meta":{"footnotes":""},"class_list":["post-2581","page","type-page","status-publish","hentry"],"_links":{"self":[{"href":"https:\/\/servisistemas.com.co\/servicios-para-redes-computadores\/wp-json\/wp\/v2\/pages\/2581","targetHints":{"allow":["GET"]}}],"collection":[{"href":"https:\/\/servisistemas.com.co\/servicios-para-redes-computadores\/wp-json\/wp\/v2\/pages"}],"about":[{"href":"https:\/\/servisistemas.com.co\/servicios-para-redes-computadores\/wp-json\/wp\/v2\/types\/page"}],"author":[{"embeddable":true,"href":"https:\/\/servisistemas.com.co\/servicios-para-redes-computadores\/wp-json\/wp\/v2\/users\/1"}],"replies":[{"embeddable":true,"href":"https:\/\/servisistemas.com.co\/servicios-para-redes-computadores\/wp-json\/wp\/v2\/comments?post=2581"}],"version-history":[{"count":25,"href":"https:\/\/servisistemas.com.co\/servicios-para-redes-computadores\/wp-json\/wp\/v2\/pages\/2581\/revisions"}],"predecessor-version":[{"id":3202,"href":"https:\/\/servisistemas.com.co\/servicios-para-redes-computadores\/wp-json\/wp\/v2\/pages\/2581\/revisions\/3202"}],"wp:attachment":[{"href":"https:\/\/servisistemas.com.co\/servicios-para-redes-computadores\/wp-json\/wp\/v2\/media?parent=2581"}],"curies":[{"name":"wp","href":"https:\/\/api.w.org\/{rel}","templated":true}]}}