{"id":2854,"date":"2024-08-12T12:14:10","date_gmt":"2024-08-12T17:14:10","guid":{"rendered":"https:\/\/servisistemas.com.co\/servicios-para-redes-computadores\/?page_id=2854"},"modified":"2024-08-13T06:09:56","modified_gmt":"2024-08-13T11:09:56","slug":"como-avanzar-en-la-instalacion-de-una-aplicacion-cuando-sale-este-error-runtime-error-at-40884-la-llamada-fue-rechazada-por-el-destinatario","status":"publish","type":"page","link":"https:\/\/servisistemas.com.co\/servicios-para-redes-computadores\/como-avanzar-en-la-instalacion-de-una-aplicacion-cuando-sale-este-error-runtime-error-at-40884-la-llamada-fue-rechazada-por-el-destinatario\/","title":{"rendered":"C\u00f3mo avanzar en la instalaci\u00f3n de una aplicaci\u00f3n cuando sale este error: Runtime Error (at 40:884) la llamada fue rechazada por el destinatario"},"content":{"rendered":"\t\t<div data-elementor-type=\"wp-page\" data-elementor-id=\"2854\" class=\"elementor elementor-2854\" data-elementor-post-type=\"page\">\n\t\t\t\t\t\t<section class=\"elementor-section elementor-top-section elementor-element elementor-element-0c4113a elementor-section-boxed elementor-section-height-default elementor-section-height-default jltma-glass-effect-no\" data-id=\"0c4113a\" data-element_type=\"section\">\n\t\t\t\t\t\t<div class=\"elementor-container elementor-column-gap-default\">\n\t\t\t\t\t<div class=\"elementor-column elementor-col-100 elementor-top-column elementor-element elementor-element-5711f62 jltma-glass-effect-no\" data-id=\"5711f62\" data-element_type=\"column\">\n\t\t\t<div class=\"elementor-widget-wrap elementor-element-populated\">\n\t\t\t\t\t\t<div class=\"elementor-element elementor-element-9cf8dc9 jltma-glass-effect-no elementor-widget elementor-widget-heading\" data-id=\"9cf8dc9\" data-element_type=\"widget\" data-widget_type=\"heading.default\">\n\t\t\t\t<div class=\"elementor-widget-container\">\n\t\t\t\t\t<h2 class=\"elementor-heading-title elementor-size-default\">El error \"Runtime Error (at 40:884): La llamada fue rechazada por el destinatario\" generalmente ocurre cuando un programa o instalador en Windows intenta interactuar con un componente COM (Component Object Model) o una aplicaci\u00f3n de destino que no responde o rechaza la llamada.<\/h2>\t\t\t\t<\/div>\n\t\t\t\t<\/div>\n\t\t\t\t<div class=\"elementor-element elementor-element-ebc3728 jltma-glass-effect-no elementor-widget elementor-widget-text-editor\" data-id=\"ebc3728\" data-element_type=\"widget\" data-widget_type=\"text-editor.default\">\n\t\t\t\t<div class=\"elementor-widget-container\">\n\t\t\t\t\t\t\t\t\t<h3>Posibles Causas y Soluciones:<\/h3>\n<ol>\n<li>\n<p><strong>Interferencia de UAC (User Account Control)<\/strong>:<\/p>\n<ul>\n<li><strong>Ejecuta como Administrador<\/strong>: Intenta ejecutar el instalador como administrador. Haz clic derecho sobre el archivo del instalador y selecciona &#8220;Ejecutar como administrador&#8221;.<\/li>\n<li><strong>Desactiva temporalmente el UAC<\/strong>: Puedes intentar desactivar temporalmente el UAC desde el Panel de Control, aunque esto no es recomendable a largo plazo por razones de seguridad.<\/li>\n<\/ul>\n<\/li>\n<li>\n<p><strong>Problemas de Compatibilidad<\/strong>:<\/p>\n<ul>\n<li><strong>Modo de Compatibilidad<\/strong>: Intenta ejecutar el instalador en modo de compatibilidad. Haz clic derecho en el archivo del instalador, selecciona &#8220;Propiedades&#8221;, ve a la pesta&ntilde;a &#8220;Compatibilidad&#8221;, y marca &#8220;Ejecutar este programa en modo de compatibilidad para&#8221; seleccionando una versi&oacute;n anterior de Windows, como Windows 7 o 8.<\/li>\n<li><strong>Actualizaci&oacute;n de Windows<\/strong>: Aseg&uacute;rate de que tu sistema operativo est&eacute; actualizado. A veces, los problemas de compatibilidad se resuelven con actualizaciones de Windows.<\/li>\n<\/ul>\n<\/li>\n<li>\n<p><strong>Conflictos con otros Programas<\/strong>:<\/p>\n<ul>\n<li><strong>Cierra otras aplicaciones<\/strong>: Aseg&uacute;rate de cerrar todas las aplicaciones abiertas antes de iniciar la instalaci&oacute;n. Algunos programas pueden interferir con el proceso de instalaci&oacute;n.<\/li>\n<li><strong>Desactiva temporalmente el antivirus<\/strong>: Algunos antivirus pueden bloquear ciertos componentes del instalador. Intenta desactivar temporalmente el antivirus durante la instalaci&oacute;n.<\/li>\n<\/ul>\n<\/li>\n<li>\n<p><strong>Registro de Windows Corrupto<\/strong>:<\/p>\n<ul>\n<li><strong>Registro de Windows<\/strong>: A veces, problemas en el Registro de Windows pueden causar este tipo de errores. Puedes intentar utilizar una herramienta de reparaci&oacute;n del Registro o restaurar el sistema a un punto anterior donde el error no ocurr&iacute;a.<\/li>\n<li><strong>Reparaci&oacute;n del Sistema<\/strong>: Ejecuta el comando <code>sfc \/scannow<\/code> en el S&iacute;mbolo del sistema (CMD) con privilegios de administrador para buscar y reparar archivos del sistema da&ntilde;ados.<\/li>\n<\/ul>\n<\/li>\n<li>\n<p><strong>Reinstalaci&oacute;n del programa<\/strong>:<\/p>\n<ul>\n<li><strong>Reinstala el programa<\/strong>: Si el programa ya estaba parcialmente instalado, intenta desinstalarlo completamente (incluyendo la eliminaci&oacute;n de carpetas residuales) e instala nuevamente.<\/li>\n<\/ul>\n<\/li>\n<li>\n<p><strong>Problemas espec&iacute;ficos del instalador<\/strong>:<\/p>\n<ul>\n<li><strong>Revisa la documentaci&oacute;n del software<\/strong>: Consulta la documentaci&oacute;n o los foros del software que est&aacute;s intentando instalar, ya que este error puede ser espec&iacute;fico de ese programa y tener una soluci&oacute;n particular.<\/li>\n<li><strong>Descarga una versi&oacute;n m&aacute;s reciente<\/strong>: Si es posible, intenta descargar una versi&oacute;n m&aacute;s reciente del instalador.<\/li>\n<\/ul>\n<\/li>\n<\/ol>\n<h3>Pasos Adicionales:<\/h3>\n<ul>\n<li><strong>Logs de instalaci&oacute;n<\/strong>: Revisa si el instalador proporciona alg&uacute;n log detallado que indique en qu&eacute; parte del proceso se produce el error. Esto puede ofrecer pistas adicionales sobre la causa.<\/li>\n<\/ul>\n<p>Si el problema persiste despu&eacute;s de intentar estas soluciones, podr&iacute;a ser &uacute;til buscar en la base de datos de conocimiento del software espec&iacute;fico que est&aacute;s instalando o contactar con su soporte t&eacute;cnico para obtener asistencia.<\/p>\t\t\t\t\t\t\t\t<\/div>\n\t\t\t\t<\/div>\n\t\t\t\t<div class=\"elementor-element elementor-element-072dd59 elementor-toc--minimized-on-tablet jltma-glass-effect-no elementor-widget elementor-widget-table-of-contents\" data-id=\"072dd59\" data-element_type=\"widget\" data-settings=\"{&quot;exclude_headings_by_selector&quot;:[],&quot;headings_by_tags&quot;:[&quot;h2&quot;,&quot;h3&quot;,&quot;h4&quot;,&quot;h5&quot;,&quot;h6&quot;],&quot;marker_view&quot;:&quot;numbers&quot;,&quot;no_headings_message&quot;:&quot;No headings were found on this page.&quot;,&quot;minimize_box&quot;:&quot;yes&quot;,&quot;minimized_on&quot;:&quot;tablet&quot;,&quot;hierarchical_view&quot;:&quot;yes&quot;,&quot;min_height&quot;:{&quot;unit&quot;:&quot;px&quot;,&quot;size&quot;:&quot;&quot;,&quot;sizes&quot;:[]},&quot;min_height_tablet&quot;:{&quot;unit&quot;:&quot;px&quot;,&quot;size&quot;:&quot;&quot;,&quot;sizes&quot;:[]},&quot;min_height_mobile&quot;:{&quot;unit&quot;:&quot;px&quot;,&quot;size&quot;:&quot;&quot;,&quot;sizes&quot;:[]}}\" data-widget_type=\"table-of-contents.default\">\n\t\t\t\t<div class=\"elementor-widget-container\">\n\t\t\t\t\t\t\t\t\t<div class=\"elementor-toc__header\">\n\t\t\t\t\t\t<h4 class=\"elementor-toc__header-title\">\n\t\t\t\tContenido\t\t\t<\/h4>\n\t\t\t\t\t\t\t\t\t\t<div class=\"elementor-toc__toggle-button elementor-toc__toggle-button--expand\" role=\"button\" tabindex=\"0\" aria-controls=\"elementor-toc__072dd59\" aria-expanded=\"true\" aria-label=\"Open table of contents\"><i aria-hidden=\"true\" class=\"fas fa-chevron-down\"><\/i><\/div>\n\t\t\t\t<div class=\"elementor-toc__toggle-button elementor-toc__toggle-button--collapse\" role=\"button\" tabindex=\"0\" aria-controls=\"elementor-toc__072dd59\" aria-expanded=\"true\" aria-label=\"Close table of contents\"><i aria-hidden=\"true\" class=\"fas fa-chevron-up\"><\/i><\/div>\n\t\t\t\t\t<\/div>\n\t\t\t\t<div id=\"elementor-toc__072dd59\" class=\"elementor-toc__body\">\n\t\t\t<div class=\"elementor-toc__spinner-container\">\n\t\t\t\t<i class=\"elementor-toc__spinner eicon-animation-spin eicon-loading\" aria-hidden=\"true\"><\/i>\t\t\t<\/div>\n\t\t<\/div>\n\t\t\t\t\t\t<\/div>\n\t\t\t\t<\/div>\n\t\t\t\t\t<\/div>\n\t\t<\/div>\n\t\t\t\t\t<\/div>\n\t\t<\/section>\n\t\t\t\t<\/div>\n\t\t","protected":false},"excerpt":{"rendered":"<p>El error &#8220;Runtime Error (at 40:884): La llamada fue rechazada por el destinatario&#8221; generalmente ocurre cuando un programa o instalador en Windows intenta interactuar con un componente COM (Component Object Model) o una aplicaci\u00f3n de destino que no responde o rechaza la llamada. Posibles Causas y Soluciones: Interferencia de UAC (User Account Control): Ejecuta como [&hellip;]<\/p>\n","protected":false},"author":1,"featured_media":0,"parent":0,"menu_order":0,"comment_status":"closed","ping_status":"closed","template":"","meta":{"footnotes":""},"class_list":["post-2854","page","type-page","status-publish","hentry"],"_links":{"self":[{"href":"https:\/\/servisistemas.com.co\/servicios-para-redes-computadores\/wp-json\/wp\/v2\/pages\/2854","targetHints":{"allow":["GET"]}}],"collection":[{"href":"https:\/\/servisistemas.com.co\/servicios-para-redes-computadores\/wp-json\/wp\/v2\/pages"}],"about":[{"href":"https:\/\/servisistemas.com.co\/servicios-para-redes-computadores\/wp-json\/wp\/v2\/types\/page"}],"author":[{"embeddable":true,"href":"https:\/\/servisistemas.com.co\/servicios-para-redes-computadores\/wp-json\/wp\/v2\/users\/1"}],"replies":[{"embeddable":true,"href":"https:\/\/servisistemas.com.co\/servicios-para-redes-computadores\/wp-json\/wp\/v2\/comments?post=2854"}],"version-history":[{"count":19,"href":"https:\/\/servisistemas.com.co\/servicios-para-redes-computadores\/wp-json\/wp\/v2\/pages\/2854\/revisions"}],"predecessor-version":[{"id":2898,"href":"https:\/\/servisistemas.com.co\/servicios-para-redes-computadores\/wp-json\/wp\/v2\/pages\/2854\/revisions\/2898"}],"wp:attachment":[{"href":"https:\/\/servisistemas.com.co\/servicios-para-redes-computadores\/wp-json\/wp\/v2\/media?parent=2854"}],"curies":[{"name":"wp","href":"https:\/\/api.w.org\/{rel}","templated":true}]}}