{"id":2936,"date":"2024-08-28T10:48:59","date_gmt":"2024-08-28T15:48:59","guid":{"rendered":"https:\/\/servisistemas.com.co\/servicios-para-redes-computadores\/?page_id=2936"},"modified":"2024-08-28T10:53:08","modified_gmt":"2024-08-28T15:53:08","slug":"cancele-las-impresiones-y-sigue-imprimiendo","status":"publish","type":"page","link":"https:\/\/servisistemas.com.co\/servicios-para-redes-computadores\/cancele-las-impresiones-y-sigue-imprimiendo\/","title":{"rendered":"Cancele las impresiones y sigue imprimiendo"},"content":{"rendered":"\t\t<div data-elementor-type=\"wp-page\" data-elementor-id=\"2936\" class=\"elementor elementor-2936\" data-elementor-post-type=\"page\">\n\t\t\t\t\t\t<section class=\"elementor-section elementor-top-section elementor-element elementor-element-80fe605 elementor-section-boxed elementor-section-height-default elementor-section-height-default jltma-glass-effect-no\" data-id=\"80fe605\" data-element_type=\"section\">\n\t\t\t\t\t\t<div class=\"elementor-container elementor-column-gap-default\">\n\t\t\t\t\t<div class=\"elementor-column elementor-col-100 elementor-top-column elementor-element elementor-element-3ef9ed9 jltma-glass-effect-no\" data-id=\"3ef9ed9\" data-element_type=\"column\">\n\t\t\t<div class=\"elementor-widget-wrap elementor-element-populated\">\n\t\t\t\t\t\t<div class=\"elementor-element elementor-element-e5d98d3 jltma-glass-effect-no elementor-widget elementor-widget-heading\" data-id=\"e5d98d3\" data-element_type=\"widget\" data-widget_type=\"heading.default\">\n\t\t\t\t<div class=\"elementor-widget-container\">\n\t\t\t\t\t<h2 class=\"elementor-heading-title elementor-size-default\">Para cancelar una impresi\u00f3n persistente en Windows, puedes seguir estos pasos:<\/h2>\t\t\t\t<\/div>\n\t\t\t\t<\/div>\n\t\t\t\t<div class=\"elementor-element elementor-element-7096ed9 jltma-glass-effect-no elementor-widget elementor-widget-text-editor\" data-id=\"7096ed9\" data-element_type=\"widget\" data-widget_type=\"text-editor.default\">\n\t\t\t\t<div class=\"elementor-widget-container\">\n\t\t\t\t\t\t\t\t\t<ol><li><p><strong>Abrir la cola de impresi\u00f3n<\/strong>:<\/p><ul><li>Haz clic en el icono de <strong>Windows<\/strong> y busca &#8220;Impresoras y esc\u00e1neres&#8221;.<\/li><li>Selecciona tu impresora de la lista y haz clic en <strong>Abrir cola<\/strong>.<\/li><\/ul><\/li><li><p><strong>Cancelar la impresi\u00f3n<\/strong>:<\/p><ul><li>En la ventana de la cola de impresi\u00f3n, busca el documento que deseas cancelar.<\/li><li>Haz clic derecho sobre el documento y selecciona <strong>Cancelar<\/strong>.<\/li><\/ul><\/li><li><p><strong>Reiniciar el servicio de impresi\u00f3n<\/strong>:<\/p><ul><li>Si la impresi\u00f3n no se cancela, puedes intentar reiniciar el servicio de impresi\u00f3n.<\/li><li>Abre el <strong>Administrador de tareas<\/strong> (Ctrl + Shift + Esc).<\/li><li>Ve a la pesta\u00f1a <strong>Servicios<\/strong> y busca &#8220;Spooler&#8221;.<\/li><li>Haz clic derecho en <strong>Spooler<\/strong> y selecciona <strong>Detener<\/strong>.<\/li><li>Luego, selecciona <strong>Iniciar<\/strong>.<\/li><\/ul><\/li><li><p><strong>Eliminar archivos en la carpeta de cola<\/strong>:<\/p><ul><li>Si el problema persiste, ve a <strong>C:\\Windows\\System32\\spool\\PRINTERS<\/strong> y elimina los archivos en esa carpeta.<\/li><li>Esto vaciar\u00e1 la cola de impresi\u00f3n.<\/li><\/ul><\/li><\/ol><p>Despu\u00e9s de estos pasos, la impresi\u00f3n persistente deber\u00eda cancelarse y el sistema deber\u00eda estar listo para manejar nuevas impresiones.<\/p>\t\t\t\t\t\t\t\t<\/div>\n\t\t\t\t<\/div>\n\t\t\t\t<div class=\"elementor-element elementor-element-85eae9d jltma-glass-effect-no elementor-widget elementor-widget-facebook-comments\" data-id=\"85eae9d\" data-element_type=\"widget\" data-widget_type=\"facebook-comments.default\">\n\t\t\t\t<div class=\"elementor-widget-container\">\n\t\t\t\t\t\t\t<div class=\"elementor-facebook-widget fb-comments\" data-href=\"https:\/\/servisistemas.com.co\/servicios-para-redes-computadores?p=2936\" data-width=\"100%\" data-numposts=\"10\" data-order-by=\"social\" style=\"min-height: 1px\"><\/div>\n\t\t\t\t\t\t<\/div>\n\t\t\t\t<\/div>\n\t\t\t\t\t<\/div>\n\t\t<\/div>\n\t\t\t\t\t<\/div>\n\t\t<\/section>\n\t\t\t\t<\/div>\n\t\t","protected":false},"excerpt":{"rendered":"<p>Para cancelar una impresi\u00f3n persistente en Windows, puedes seguir estos pasos: Abrir la cola de impresi\u00f3n: Haz clic en el icono de Windows y busca &#8220;Impresoras y esc\u00e1neres&#8221;. Selecciona tu impresora de la lista y haz clic en Abrir cola. Cancelar la impresi\u00f3n: En la ventana de la cola de impresi\u00f3n, busca el documento que [&hellip;]<\/p>\n","protected":false},"author":1,"featured_media":0,"parent":0,"menu_order":0,"comment_status":"closed","ping_status":"closed","template":"","meta":{"footnotes":""},"class_list":["post-2936","page","type-page","status-publish","hentry"],"_links":{"self":[{"href":"https:\/\/servisistemas.com.co\/servicios-para-redes-computadores\/wp-json\/wp\/v2\/pages\/2936","targetHints":{"allow":["GET"]}}],"collection":[{"href":"https:\/\/servisistemas.com.co\/servicios-para-redes-computadores\/wp-json\/wp\/v2\/pages"}],"about":[{"href":"https:\/\/servisistemas.com.co\/servicios-para-redes-computadores\/wp-json\/wp\/v2\/types\/page"}],"author":[{"embeddable":true,"href":"https:\/\/servisistemas.com.co\/servicios-para-redes-computadores\/wp-json\/wp\/v2\/users\/1"}],"replies":[{"embeddable":true,"href":"https:\/\/servisistemas.com.co\/servicios-para-redes-computadores\/wp-json\/wp\/v2\/comments?post=2936"}],"version-history":[{"count":4,"href":"https:\/\/servisistemas.com.co\/servicios-para-redes-computadores\/wp-json\/wp\/v2\/pages\/2936\/revisions"}],"predecessor-version":[{"id":2940,"href":"https:\/\/servisistemas.com.co\/servicios-para-redes-computadores\/wp-json\/wp\/v2\/pages\/2936\/revisions\/2940"}],"wp:attachment":[{"href":"https:\/\/servisistemas.com.co\/servicios-para-redes-computadores\/wp-json\/wp\/v2\/media?parent=2936"}],"curies":[{"name":"wp","href":"https:\/\/api.w.org\/{rel}","templated":true}]}}