{"id":3207,"date":"2024-10-10T21:08:38","date_gmt":"2024-10-11T02:08:38","guid":{"rendered":"https:\/\/servisistemas.com.co\/servicios-para-redes-computadores\/?page_id=3207"},"modified":"2024-10-10T21:13:08","modified_gmt":"2024-10-11T02:13:08","slug":"los-paquetes-disponibles-no-muestran-ningun-paquete-pfsense","status":"publish","type":"page","link":"https:\/\/servisistemas.com.co\/servicios-para-redes-computadores\/los-paquetes-disponibles-no-muestran-ningun-paquete-pfsense\/","title":{"rendered":"Los paquetes disponibles no muestran ning\u00fan paquete Pfsense"},"content":{"rendered":"\t\t<div data-elementor-type=\"wp-page\" data-elementor-id=\"3207\" class=\"elementor elementor-3207\" data-elementor-post-type=\"page\">\n\t\t\t\t\t\t<section class=\"elementor-section elementor-top-section elementor-element elementor-element-ac9fa30 elementor-section-boxed elementor-section-height-default elementor-section-height-default jltma-glass-effect-no\" data-id=\"ac9fa30\" data-element_type=\"section\">\n\t\t\t\t\t\t<div class=\"elementor-container elementor-column-gap-default\">\n\t\t\t\t\t<div class=\"elementor-column elementor-col-100 elementor-top-column elementor-element elementor-element-ed67fcd jltma-glass-effect-no\" data-id=\"ed67fcd\" data-element_type=\"column\">\n\t\t\t<div class=\"elementor-widget-wrap elementor-element-populated\">\n\t\t\t\t\t\t<div class=\"elementor-element elementor-element-3a78bdb jltma-glass-effect-no elementor-widget elementor-widget-text-editor\" data-id=\"3a78bdb\" data-element_type=\"widget\" data-widget_type=\"text-editor.default\">\n\t\t\t\t<div class=\"elementor-widget-container\">\n\t\t\t\t\t\t\t\t\t<!DOCTYPE html>\n<html lang=\"es\">\n<head>\n    <meta charset=\"UTF-8\">\n    <meta name=\"viewport\" content=\"width=device-width, initial-scale=1.0\">\n    <title>Manual para Instalar y Actualizar Repositorios y Herramientas en pfSense<\/title>\n    <style>\n        body {\n            font-family: Arial, sans-serif;\n            margin: 0;\n            padding: 20px;\n            background-color: #f4f4f4;\n            line-height: 1.6;\n        }\n        h1, h2, h3 {\n            color: #333;\n        }\n        h1 {\n            font-size: 24px;\n        }\n        h2 {\n            font-size: 20px;\n        }\n        p {\n            margin-bottom: 10px;\n        }\n        pre {\n            background-color: none;\n            color: #333;\n            padding: 10px;\n            border-radius: 5px;\n            overflow-x: auto;\n        }\n        code {\n            background-color: none;\n            padding: 3px 5px;\n            border-radius: 3px;\n            color: #333;\n        }\n        ul {\n            margin-left: 20px;\n        }\n        li {\n            margin-bottom: 10px;\n        }\n        .note {\n            background-color: #e7f3fe;\n            border-left: 6px solid #2196F3;\n            padding: 10px;\n            margin: 10px 0;\n        }\n        footer {\n            margin-top: 20px;\n            text-align: center;\n        }\n    <\/style>\n<\/head>\n<body>\n\n    <h1>Manual para Instalar y Actualizar Repositorios y Herramientas en pfSense<\/h1>\n\n    <p>Este manual explica c\u00f3mo usar el comando <code>pkg-static install -fy pkg pfSense-repo pfSense-upgrade<\/code> para asegurarse de que el sistema pfSense est\u00e9 preparado para futuras actualizaciones y que los repositorios oficiales est\u00e9n correctamente configurados.<\/p>\n\n    <h2>\u00bfQu\u00e9 hace este comando?<\/h2>\n    <p>El comando permite:<\/p>\n    <ul>\n        <li>Reinstalar el gestor de paquetes (<code>pkg<\/code>) de FreeBSD que utiliza pfSense.<\/li>\n        <li>Instalar o actualizar los repositorios oficiales de pfSense.<\/li>\n        <li>Preparar la herramienta de actualizaci\u00f3n del sistema (<code>pfSense-upgrade<\/code>) para futuras actualizaciones.<\/li>\n    <\/ul>\n\n    <h2>Sintaxis del comando:<\/h2>\n    <pre><code>pkg-static install -fy pkg pfSense-repo pfSense-upgrade<\/code><\/pre>\n\n    <h3>Desglose del comando:<\/h3>\n    <ul>\n        <li><strong><code>pkg-static<\/code><\/strong>: Versi\u00f3n est\u00e1tica del gestor de paquetes de FreeBSD, usado cuando el sistema tiene alg\u00fan problema con las bibliotecas compartidas.<\/li>\n        <li><strong><code>install<\/code><\/strong>: Indica que vas a instalar los paquetes especificados.<\/li>\n        <li><strong><code>-f<\/code><\/strong>: Fuerza la reinstalaci\u00f3n de los paquetes.<\/li>\n        <li><strong><code>-y<\/code><\/strong>: Responde &#8220;s\u00ed&#8221; a todas las preguntas durante la instalaci\u00f3n.<\/li>\n        <li><strong><code>pkg<\/code><\/strong>: Reinstala el gestor de paquetes para actualizarlo a la \u00faltima versi\u00f3n.<\/li>\n        <li><strong><code>pfSense-repo<\/code><\/strong>: Instala o actualiza el repositorio oficial de pfSense.<\/li>\n        <li><strong><code>pfSense-upgrade<\/code><\/strong>: Instala o actualiza la herramienta de actualizaci\u00f3n de pfSense.<\/li>\n    <\/ul>\n\n    <h2>Pasos para ejecutar el comando:<\/h2>\n\n    <h3>Requisitos previos:<\/h3>\n    <ul>\n        <li>Acceso al sistema pfSense con privilegios de administrador (root).<\/li>\n        <li>Acceso SSH o f\u00edsico al dispositivo pfSense.<\/li>\n    <\/ul>\n\n    <h3>Instrucciones:<\/h3>\n    <ol>\n        <li><strong>Accede a pfSense:<\/strong> Puedes hacerlo desde la interfaz web o mediante SSH. Si usas SSH, inicia sesi\u00f3n con tu usuario root.<\/li>\n        <li><strong>Ejecuta el comando:<\/strong> Escribe o pega el siguiente comando:\n            <pre><code>pkg-static install -fy pkg pfSense-repo pfSense-upgrade<\/code><\/pre>\n        <\/li>\n        <li><strong>Espera el proceso:<\/strong> El sistema comenzar\u00e1 a instalar o actualizar los paquetes indicados. Con las opciones <code>-f<\/code> y <code>-y<\/code>, el proceso no pedir\u00e1 confirmaci\u00f3n.<\/li>\n        <li><strong>Verificaci\u00f3n:<\/strong> Una vez finalizado, puedes verificar que los repositorios y herramientas se hayan actualizado correctamente ejecutando:\n            <pre><code>pkg update\npfSense-upgrade -d<\/code><\/pre>\n        <\/li>\n    <\/ol>\n\n    <h3>\u00bfCu\u00e1ndo usar este comando?<\/h3>\n    <ul>\n        <li>Si sospechas que el gestor de paquetes est\u00e1 da\u00f1ado.<\/li>\n        <li>Si no puedes instalar o actualizar paquetes desde los repositorios.<\/li>\n        <li>Antes de realizar una actualizaci\u00f3n importante de pfSense.<\/li>\n    <\/ul>\n\n    <h3>Consejos adicionales:<\/h3>\n    <p class=\"note\"><strong>Respaldo:<\/strong> Es recomendable hacer un respaldo de la configuraci\u00f3n de pfSense antes de ejecutar comandos que modifiquen el sistema.<\/p>\n    <p class=\"note\"><strong>Mant\u00e9n pfSense actualizado:<\/strong> Verifica y aplica actualizaciones regularmente para mantener tu firewall seguro y estable.<\/p>\n\n    <footer>\n        <p>Manual creado para ayudar en la instalaci\u00f3n y actualizaci\u00f3n de herramientas en pfSense.<\/p>\n    <\/footer>\n\n<\/body>\n<\/html>\n\t\t\t\t\t\t\t\t<\/div>\n\t\t\t\t<\/div>\n\t\t\t\t\t<\/div>\n\t\t<\/div>\n\t\t\t\t\t<\/div>\n\t\t<\/section>\n\t\t\t\t<\/div>\n\t\t","protected":false},"excerpt":{"rendered":"<p>Manual para Instalar y Actualizar Repositorios y Herramientas en pfSense Manual para Instalar y Actualizar Repositorios y Herramientas en pfSense Este manual explica c\u00f3mo usar el comando pkg-static install -fy pkg pfSense-repo pfSense-upgrade para asegurarse de que el sistema pfSense est\u00e9 preparado para futuras actualizaciones y que los repositorios oficiales est\u00e9n correctamente configurados. \u00bfQu\u00e9 hace [&hellip;]<\/p>\n","protected":false},"author":1,"featured_media":0,"parent":0,"menu_order":0,"comment_status":"closed","ping_status":"closed","template":"","meta":{"footnotes":""},"class_list":["post-3207","page","type-page","status-publish","hentry"],"_links":{"self":[{"href":"https:\/\/servisistemas.com.co\/servicios-para-redes-computadores\/wp-json\/wp\/v2\/pages\/3207","targetHints":{"allow":["GET"]}}],"collection":[{"href":"https:\/\/servisistemas.com.co\/servicios-para-redes-computadores\/wp-json\/wp\/v2\/pages"}],"about":[{"href":"https:\/\/servisistemas.com.co\/servicios-para-redes-computadores\/wp-json\/wp\/v2\/types\/page"}],"author":[{"embeddable":true,"href":"https:\/\/servisistemas.com.co\/servicios-para-redes-computadores\/wp-json\/wp\/v2\/users\/1"}],"replies":[{"embeddable":true,"href":"https:\/\/servisistemas.com.co\/servicios-para-redes-computadores\/wp-json\/wp\/v2\/comments?post=3207"}],"version-history":[{"count":7,"href":"https:\/\/servisistemas.com.co\/servicios-para-redes-computadores\/wp-json\/wp\/v2\/pages\/3207\/revisions"}],"predecessor-version":[{"id":3217,"href":"https:\/\/servisistemas.com.co\/servicios-para-redes-computadores\/wp-json\/wp\/v2\/pages\/3207\/revisions\/3217"}],"wp:attachment":[{"href":"https:\/\/servisistemas.com.co\/servicios-para-redes-computadores\/wp-json\/wp\/v2\/media?parent=3207"}],"curies":[{"name":"wp","href":"https:\/\/api.w.org\/{rel}","templated":true}]}}