{"id":3627,"date":"2025-01-08T17:17:21","date_gmt":"2025-01-08T22:17:21","guid":{"rendered":"https:\/\/servisistemas.com.co\/servicios-para-redes-computadores\/?page_id=3627"},"modified":"2025-01-08T17:52:50","modified_gmt":"2025-01-08T22:52:50","slug":"soporte-tecnico-para-siigo","status":"publish","type":"page","link":"https:\/\/servisistemas.com.co\/servicios-para-redes-computadores\/soporte-tecnico-para-siigo\/","title":{"rendered":"Soporte t\u00e9cnico para SIIGO"},"content":{"rendered":"\t\t<div data-elementor-type=\"wp-page\" data-elementor-id=\"3627\" class=\"elementor elementor-3627\" data-elementor-post-type=\"page\">\n\t\t\t\t\t\t<section class=\"elementor-section elementor-top-section elementor-element elementor-element-6de4deb elementor-section-boxed elementor-section-height-default elementor-section-height-default jltma-glass-effect-no\" data-id=\"6de4deb\" data-element_type=\"section\">\n\t\t\t\t\t\t<div class=\"elementor-container elementor-column-gap-default\">\n\t\t\t\t\t<div class=\"elementor-column elementor-col-100 elementor-top-column elementor-element elementor-element-933b95b jltma-glass-effect-no\" data-id=\"933b95b\" data-element_type=\"column\">\n\t\t\t<div class=\"elementor-widget-wrap elementor-element-populated\">\n\t\t\t\t\t\t<div class=\"elementor-element elementor-element-1f1c469 jltma-glass-effect-no elementor-widget elementor-widget-heading\" data-id=\"1f1c469\" data-element_type=\"widget\" data-widget_type=\"heading.default\">\n\t\t\t\t<div class=\"elementor-widget-container\">\n\t\t\t\t\t<h2 class=\"elementor-heading-title elementor-size-default\">Optimiza tu software contable SIIGO con expertos en tecnolog\u00eda<\/h2>\t\t\t\t<\/div>\n\t\t\t\t<\/div>\n\t\t\t\t\t<\/div>\n\t\t<\/div>\n\t\t\t\t\t<\/div>\n\t\t<\/section>\n\t\t\t\t<section class=\"elementor-section elementor-top-section elementor-element elementor-element-6fefb8d elementor-section-boxed elementor-section-height-default elementor-section-height-default jltma-glass-effect-no\" data-id=\"6fefb8d\" data-element_type=\"section\">\n\t\t\t\t\t\t<div class=\"elementor-container elementor-column-gap-default\">\n\t\t\t\t\t<div class=\"elementor-column elementor-col-50 elementor-top-column elementor-element elementor-element-2bc27ab jltma-glass-effect-no\" data-id=\"2bc27ab\" data-element_type=\"column\">\n\t\t\t<div class=\"elementor-widget-wrap elementor-element-populated\">\n\t\t\t\t\t\t<div class=\"elementor-element elementor-element-e2685a2 jltma-glass-effect-no elementor-widget elementor-widget-text-editor\" data-id=\"e2685a2\" data-element_type=\"widget\" data-widget_type=\"text-editor.default\">\n\t\t\t\t<div class=\"elementor-widget-container\">\n\t\t\t\t\t\t\t\t\t<p>\u00bfTu empresa utiliza SIIGO y necesita un soporte t\u00e9cnico especializado?<\/p>\t\t\t\t\t\t\t\t<\/div>\n\t\t\t\t<\/div>\n\t\t\t\t\t<\/div>\n\t\t<\/div>\n\t\t\t\t<div class=\"elementor-column elementor-col-50 elementor-top-column elementor-element elementor-element-32f2c69 jltma-glass-effect-no\" data-id=\"32f2c69\" data-element_type=\"column\">\n\t\t\t<div class=\"elementor-widget-wrap elementor-element-populated\">\n\t\t\t\t\t\t<div class=\"elementor-element elementor-element-ba97339 jltma-glass-effect-no elementor-widget elementor-widget-image\" data-id=\"ba97339\" data-element_type=\"widget\" data-widget_type=\"image.default\">\n\t\t\t\t<div class=\"elementor-widget-container\">\n\t\t\t\t\t\t\t\t\t\t\t\t\t\t\t<img fetchpriority=\"high\" decoding=\"async\" width=\"604\" height=\"400\" src=\"https:\/\/servisistemas.com.co\/servicios-para-redes-computadores\/wp-content\/uploads\/2025\/01\/siigo_2025.jpg\" class=\"attachment-large size-large wp-image-3641\" alt=\"\" srcset=\"https:\/\/servisistemas.com.co\/servicios-para-redes-computadores\/wp-content\/uploads\/2025\/01\/siigo_2025.jpg 604w, https:\/\/servisistemas.com.co\/servicios-para-redes-computadores\/wp-content\/uploads\/2025\/01\/siigo_2025-300x199.jpg 300w\" sizes=\"(max-width: 604px) 100vw, 604px\" title=\"\">\t\t\t\t\t\t\t\t\t\t\t\t\t\t\t<\/div>\n\t\t\t\t<\/div>\n\t\t\t\t\t<\/div>\n\t\t<\/div>\n\t\t\t\t\t<\/div>\n\t\t<\/section>\n\t\t\t\t<section class=\"elementor-section elementor-top-section elementor-element elementor-element-68d3a1b elementor-section-boxed elementor-section-height-default elementor-section-height-default jltma-glass-effect-no\" data-id=\"68d3a1b\" data-element_type=\"section\">\n\t\t\t\t\t\t<div class=\"elementor-container elementor-column-gap-default\">\n\t\t\t\t\t<div class=\"elementor-column elementor-col-100 elementor-top-column elementor-element elementor-element-35a3ed1 jltma-glass-effect-no\" data-id=\"35a3ed1\" data-element_type=\"column\">\n\t\t\t<div class=\"elementor-widget-wrap elementor-element-populated\">\n\t\t\t\t\t\t<div class=\"elementor-element elementor-element-d55f252 jltma-glass-effect-no elementor-widget elementor-widget-text-editor\" data-id=\"d55f252\" data-element_type=\"widget\" data-widget_type=\"text-editor.default\">\n\t\t\t\t<div class=\"elementor-widget-container\">\n\t\t\t\t\t\t\t\t\t<p>Somos expertos en implementar, gestionar y optimizar SIIGO para que tu empresa aproveche al m\u00e1ximo este poderoso software contable. Ya sea que necesites configurarlo en servidores Linux o Windows, estamos listos para ofrecerte soluciones personalizadas que se adapten a las necesidades de tu negocio.<\/p>\t\t\t\t\t\t\t\t<\/div>\n\t\t\t\t<\/div>\n\t\t\t\t\t<\/div>\n\t\t<\/div>\n\t\t\t\t\t<\/div>\n\t\t<\/section>\n\t\t\t\t<section class=\"elementor-section elementor-top-section elementor-element elementor-element-dc454f1 elementor-section-boxed elementor-section-height-default elementor-section-height-default jltma-glass-effect-no\" data-id=\"dc454f1\" data-element_type=\"section\">\n\t\t\t\t\t\t<div class=\"elementor-container elementor-column-gap-default\">\n\t\t\t\t\t<div class=\"elementor-column elementor-col-100 elementor-top-column elementor-element elementor-element-179290c jltma-glass-effect-no\" data-id=\"179290c\" data-element_type=\"column\">\n\t\t\t<div class=\"elementor-widget-wrap elementor-element-populated\">\n\t\t\t\t\t\t<div class=\"elementor-element elementor-element-aebd352 jltma-glass-effect-no elementor-widget elementor-widget-heading\" data-id=\"aebd352\" data-element_type=\"widget\" data-widget_type=\"heading.default\">\n\t\t\t\t<div class=\"elementor-widget-container\">\n\t\t\t\t\t<h2 class=\"elementor-heading-title elementor-size-default\">\u00bfQu\u00e9 hacemos por tu sistema SIIGO?<\/h2>\t\t\t\t<\/div>\n\t\t\t\t<\/div>\n\t\t\t\t<div class=\"elementor-element elementor-element-dc49012 jltma-glass-effect-no elementor-widget elementor-widget-text-editor\" data-id=\"dc49012\" data-element_type=\"widget\" data-widget_type=\"text-editor.default\">\n\t\t\t\t<div class=\"elementor-widget-container\">\n\t\t\t\t\t\t\t\t\t<p><b>1. Elecci\u00f3n del sistema operativo ideal<\/b><br \/>Te asesoramos para definir el sistema operativo m\u00e1s eficiente para SIIGO seg\u00fan las necesidades de tu empresa.<\/p><p><b>Linux:<\/b> Una opci\u00f3n m\u00e1s econ\u00f3mica, estable y eficiente, especialmente cuando tienes m\u00faltiples usuarios conectados.<br \/><b> Windows:<\/b> Una alternativa que tambi\u00e9n podemos optimizar para ofrecer rendimiento confiable.<\/p><p><br \/><b> 2. Implementaci\u00f3n de SIIGO en servidores Linux o Windows<\/b><br \/>Nos encargamos de instalar y configurar SIIGO en el servidor de tu preferencia, asegur\u00e1ndonos de que est\u00e9 listo para soportar m\u00faltiples conexiones y mantener un rendimiento \u00f3ptimo.<\/p><p><b>3. Gesti\u00f3n de accesos y seguridad<\/b><br \/>Garantizamos que solo las personas autorizadas puedan acceder a SIIGO, implementando pol\u00edticas de control de acceso que protejan tu informaci\u00f3n financiera.<\/p><p><b>4. Acceso remoto seguro con VPN<\/b><br \/>Hacemos que tu sistema contable funcione de manera segura fuera de la oficina. Configuramos conexiones VPN confiables para que tu equipo pueda trabajar de forma remota sin comprometer la seguridad de los datos.<\/p><p><b>5. Copias de seguridad autom\u00e1ticas y monitoreo<\/b><br \/>Protegemos tu informaci\u00f3n con copias de seguridad peri\u00f3dicas y un monitoreo continuo para evitar p\u00e9rdidas de datos y garantizar que todo est\u00e9 siempre respaldado.<\/p>\t\t\t\t\t\t\t\t<\/div>\n\t\t\t\t<\/div>\n\t\t\t\t\t<\/div>\n\t\t<\/div>\n\t\t\t\t\t<\/div>\n\t\t<\/section>\n\t\t\t\t<section class=\"elementor-section elementor-top-section elementor-element elementor-element-7712a0b elementor-section-boxed elementor-section-height-default elementor-section-height-default jltma-glass-effect-no\" data-id=\"7712a0b\" data-element_type=\"section\">\n\t\t\t\t\t\t<div class=\"elementor-container elementor-column-gap-default\">\n\t\t\t\t\t<div class=\"elementor-column elementor-col-100 elementor-top-column elementor-element elementor-element-f6c1901 jltma-glass-effect-no\" data-id=\"f6c1901\" data-element_type=\"column\">\n\t\t\t<div class=\"elementor-widget-wrap elementor-element-populated\">\n\t\t\t\t\t\t<div class=\"elementor-element elementor-element-b5861ea jltma-glass-effect-no elementor-widget elementor-widget-heading\" data-id=\"b5861ea\" data-element_type=\"widget\" data-widget_type=\"heading.default\">\n\t\t\t\t<div class=\"elementor-widget-container\">\n\t\t\t\t\t<h2 class=\"elementor-heading-title elementor-size-default\">\u00bfPor qu\u00e9 confiar en nosotros?<\/h2>\t\t\t\t<\/div>\n\t\t\t\t<\/div>\n\t\t\t\t<div class=\"elementor-element elementor-element-2bb5f12 jltma-glass-effect-no elementor-widget elementor-widget-text-editor\" data-id=\"2bb5f12\" data-element_type=\"widget\" data-widget_type=\"text-editor.default\">\n\t\t\t\t<div class=\"elementor-widget-container\">\n\t\t\t\t\t\t\t\t\t<p>Experiencia comprobada: A\u00f1os de experiencia trabajando con SIIGO y empresas en Colombia.<br \/><b>Especializaci\u00f3n en Linux y Windows: <\/b>Conocemos las ventajas de ambos sistemas y te asesoramos en la mejor opci\u00f3n para tu negocio.<br \/><b>Seguridad garantizada:<\/b> Implementamos las mejores pr\u00e1cticas para proteger tus datos y garantizar la continuidad de tu negocio.<br \/><b>Atenci\u00f3n personalizada:<\/b> Cada empresa es \u00fanica, por lo que dise\u00f1amos soluciones espec\u00edficas para tus necesidades.<\/p>\t\t\t\t\t\t\t\t<\/div>\n\t\t\t\t<\/div>\n\t\t\t\t\t<\/div>\n\t\t<\/div>\n\t\t\t\t\t<\/div>\n\t\t<\/section>\n\t\t\t\t<section class=\"elementor-section elementor-top-section elementor-element elementor-element-127c0f8 elementor-section-boxed elementor-section-height-default elementor-section-height-default jltma-glass-effect-no\" data-id=\"127c0f8\" data-element_type=\"section\">\n\t\t\t\t\t\t<div class=\"elementor-container elementor-column-gap-default\">\n\t\t\t\t\t<div class=\"elementor-column elementor-col-100 elementor-top-column elementor-element elementor-element-21907f0 jltma-glass-effect-no\" data-id=\"21907f0\" data-element_type=\"column\">\n\t\t\t<div class=\"elementor-widget-wrap elementor-element-populated\">\n\t\t\t\t\t\t<div class=\"elementor-element elementor-element-cb80e4d jltma-glass-effect-no elementor-widget elementor-widget-heading\" data-id=\"cb80e4d\" data-element_type=\"widget\" data-widget_type=\"heading.default\">\n\t\t\t\t<div class=\"elementor-widget-container\">\n\t\t\t\t\t<h2 class=\"elementor-heading-title elementor-size-default\">Beneficios para tu empresa<\/h2>\t\t\t\t<\/div>\n\t\t\t\t<\/div>\n\t\t\t\t<div class=\"elementor-element elementor-element-2f475be jltma-glass-effect-no elementor-widget elementor-widget-text-editor\" data-id=\"2f475be\" data-element_type=\"widget\" data-widget_type=\"text-editor.default\">\n\t\t\t\t<div class=\"elementor-widget-container\">\n\t\t\t\t\t\t\t\t\t<p>\u2714 Reducci\u00f3n de costos operativos al usar Linux como servidor para SIIGO.<br \/>\u2714 Mayor estabilidad y rendimiento para m\u00faltiples usuarios conectados.<br \/>\u2714 Acceso remoto seguro para equipos que trabajan desde casa.<br \/>\u2714 Protecci\u00f3n y respaldo continuo de tu informaci\u00f3n contable.<\/p>\t\t\t\t\t\t\t\t<\/div>\n\t\t\t\t<\/div>\n\t\t\t\t\t<\/div>\n\t\t<\/div>\n\t\t\t\t\t<\/div>\n\t\t<\/section>\n\t\t\t\t<section class=\"elementor-section elementor-top-section elementor-element elementor-element-3291fa4 elementor-section-boxed elementor-section-height-default elementor-section-height-default jltma-glass-effect-no\" data-id=\"3291fa4\" data-element_type=\"section\">\n\t\t\t\t\t\t<div class=\"elementor-container elementor-column-gap-default\">\n\t\t\t\t\t<div class=\"elementor-column elementor-col-50 elementor-top-column elementor-element elementor-element-bd1c479 jltma-glass-effect-no\" data-id=\"bd1c479\" data-element_type=\"column\">\n\t\t\t<div class=\"elementor-widget-wrap elementor-element-populated\">\n\t\t\t\t\t\t<div class=\"elementor-element elementor-element-93fd763 jltma-glass-effect-no elementor-widget elementor-widget-heading\" data-id=\"93fd763\" data-element_type=\"widget\" data-widget_type=\"heading.default\">\n\t\t\t\t<div class=\"elementor-widget-container\">\n\t\t\t\t\t<h2 class=\"elementor-heading-title elementor-size-default\">Transforma la gesti\u00f3n de SIIGO en tu empresa hoy mismo\n<\/h2>\t\t\t\t<\/div>\n\t\t\t\t<\/div>\n\t\t\t\t<div class=\"elementor-element elementor-element-e8d4d58 jltma-glass-effect-no elementor-widget elementor-widget-text-editor\" data-id=\"e8d4d58\" data-element_type=\"widget\" data-widget_type=\"text-editor.default\">\n\t\t\t\t<div class=\"elementor-widget-container\">\n\t\t\t\t\t\t\t\t\tNo dejes la optimizaci\u00f3n de tu sistema contable en manos inexpertas. Trabaja con un equipo que entiende tus necesidades y te ofrece soluciones confiables, seguras y rentables.\n\n\u00a1Estamos listos para ayudarte!\t\t\t\t\t\t\t\t<\/div>\n\t\t\t\t<\/div>\n\t\t\t\t\t<\/div>\n\t\t<\/div>\n\t\t\t\t<div class=\"elementor-column elementor-col-50 elementor-top-column elementor-element elementor-element-dc887d4 jltma-glass-effect-no\" data-id=\"dc887d4\" data-element_type=\"column\">\n\t\t\t<div class=\"elementor-widget-wrap elementor-element-populated\">\n\t\t\t\t\t\t<div class=\"elementor-element elementor-element-d7771bc jltma-glass-effect-no elementor-widget elementor-widget-html\" data-id=\"d7771bc\" data-element_type=\"widget\" data-widget_type=\"html.default\">\n\t\t\t\t<div class=\"elementor-widget-container\">\n\t\t\t\t\t<div class='lepopup-inline' data-slug='FORM-REDES-INFORMA'><\/div>\t\t\t\t<\/div>\n\t\t\t\t<\/div>\n\t\t\t\t\t<\/div>\n\t\t<\/div>\n\t\t\t\t\t<\/div>\n\t\t<\/section>\n\t\t\t\t<\/div>\n\t\t","protected":false},"excerpt":{"rendered":"<p>Optimiza tu software contable SIIGO con expertos en tecnolog\u00eda \u00bfTu empresa utiliza SIIGO y necesita un soporte t\u00e9cnico especializado? Somos expertos en implementar, gestionar y optimizar SIIGO para que tu empresa aproveche al m\u00e1ximo este poderoso software contable. Ya sea que necesites configurarlo en servidores Linux o Windows, estamos listos para ofrecerte soluciones personalizadas que [&hellip;]<\/p>\n","protected":false},"author":1,"featured_media":0,"parent":0,"menu_order":0,"comment_status":"closed","ping_status":"closed","template":"","meta":{"footnotes":""},"class_list":["post-3627","page","type-page","status-publish","hentry"],"_links":{"self":[{"href":"https:\/\/servisistemas.com.co\/servicios-para-redes-computadores\/wp-json\/wp\/v2\/pages\/3627","targetHints":{"allow":["GET"]}}],"collection":[{"href":"https:\/\/servisistemas.com.co\/servicios-para-redes-computadores\/wp-json\/wp\/v2\/pages"}],"about":[{"href":"https:\/\/servisistemas.com.co\/servicios-para-redes-computadores\/wp-json\/wp\/v2\/types\/page"}],"author":[{"embeddable":true,"href":"https:\/\/servisistemas.com.co\/servicios-para-redes-computadores\/wp-json\/wp\/v2\/users\/1"}],"replies":[{"embeddable":true,"href":"https:\/\/servisistemas.com.co\/servicios-para-redes-computadores\/wp-json\/wp\/v2\/comments?post=3627"}],"version-history":[{"count":31,"href":"https:\/\/servisistemas.com.co\/servicios-para-redes-computadores\/wp-json\/wp\/v2\/pages\/3627\/revisions"}],"predecessor-version":[{"id":3662,"href":"https:\/\/servisistemas.com.co\/servicios-para-redes-computadores\/wp-json\/wp\/v2\/pages\/3627\/revisions\/3662"}],"wp:attachment":[{"href":"https:\/\/servisistemas.com.co\/servicios-para-redes-computadores\/wp-json\/wp\/v2\/media?parent=3627"}],"curies":[{"name":"wp","href":"https:\/\/api.w.org\/{rel}","templated":true}]}}