{"id":3701,"date":"2025-01-09T10:22:01","date_gmt":"2025-01-09T15:22:01","guid":{"rendered":"https:\/\/servisistemas.com.co\/servicios-para-redes-computadores\/?page_id=3701"},"modified":"2025-01-09T12:12:49","modified_gmt":"2025-01-09T17:12:49","slug":"soporte-tecnico-para-world-office","status":"publish","type":"page","link":"https:\/\/servisistemas.com.co\/servicios-para-redes-computadores\/soporte-tecnico-para-world-office\/","title":{"rendered":"Soporte tecnico para World Office"},"content":{"rendered":"\t\t<div data-elementor-type=\"wp-page\" data-elementor-id=\"3701\" class=\"elementor elementor-3701\" data-elementor-post-type=\"page\">\n\t\t\t\t\t\t<section class=\"elementor-section elementor-top-section elementor-element elementor-element-bc9aff4 elementor-section-boxed elementor-section-height-default elementor-section-height-default jltma-glass-effect-no\" data-id=\"bc9aff4\" data-element_type=\"section\">\n\t\t\t\t\t\t<div class=\"elementor-container elementor-column-gap-default\">\n\t\t\t\t\t<div class=\"elementor-column elementor-col-100 elementor-top-column elementor-element elementor-element-e94981c jltma-glass-effect-no\" data-id=\"e94981c\" data-element_type=\"column\">\n\t\t\t<div class=\"elementor-widget-wrap elementor-element-populated\">\n\t\t\t\t\t\t<div class=\"elementor-element elementor-element-4ff460d jltma-glass-effect-no elementor-widget elementor-widget-heading\" data-id=\"4ff460d\" data-element_type=\"widget\" data-widget_type=\"heading.default\">\n\t\t\t\t<div class=\"elementor-widget-container\">\n\t\t\t\t\t<h2 class=\"elementor-heading-title elementor-size-default\">Gesti\u00f3n y Soporte T\u00e9cnico para WorldOffice<\/h2>\t\t\t\t<\/div>\n\t\t\t\t<\/div>\n\t\t\t\t\t<\/div>\n\t\t<\/div>\n\t\t\t\t\t<\/div>\n\t\t<\/section>\n\t\t\t\t<section class=\"elementor-section elementor-top-section elementor-element elementor-element-db0e182 elementor-section-boxed elementor-section-height-default elementor-section-height-default jltma-glass-effect-no\" data-id=\"db0e182\" data-element_type=\"section\">\n\t\t\t\t\t\t<div class=\"elementor-container elementor-column-gap-default\">\n\t\t\t\t\t<div class=\"elementor-column elementor-col-50 elementor-top-column elementor-element elementor-element-481f18e jltma-glass-effect-no\" data-id=\"481f18e\" data-element_type=\"column\">\n\t\t\t<div class=\"elementor-widget-wrap elementor-element-populated\">\n\t\t\t\t\t\t<div class=\"elementor-element elementor-element-ccdf24e jltma-glass-effect-no elementor-widget elementor-widget-text-editor\" data-id=\"ccdf24e\" data-element_type=\"widget\" data-widget_type=\"text-editor.default\">\n\t\t\t\t<div class=\"elementor-widget-container\">\n\t\t\t\t\t\t\t\t\t<p>Optimiza el rendimiento de tu sistema contable con expertos en tecnolog\u00eda<\/p>\t\t\t\t\t\t\t\t<\/div>\n\t\t\t\t<\/div>\n\t\t\t\t\t<\/div>\n\t\t<\/div>\n\t\t\t\t<div class=\"elementor-column elementor-col-50 elementor-top-column elementor-element elementor-element-cdbfc52 jltma-glass-effect-no\" data-id=\"cdbfc52\" data-element_type=\"column\">\n\t\t\t<div class=\"elementor-widget-wrap elementor-element-populated\">\n\t\t\t\t\t\t<div class=\"elementor-element elementor-element-f7f781d jltma-glass-effect-no elementor-widget elementor-widget-image\" data-id=\"f7f781d\" data-element_type=\"widget\" data-widget_type=\"image.default\">\n\t\t\t\t<div class=\"elementor-widget-container\">\n\t\t\t\t\t\t\t\t\t\t\t\t\t\t\t<img fetchpriority=\"high\" decoding=\"async\" width=\"620\" height=\"341\" src=\"https:\/\/servisistemas.com.co\/servicios-para-redes-computadores\/wp-content\/uploads\/2025\/01\/world_office.jpg\" class=\"attachment-large size-large wp-image-3707\" alt=\"\" srcset=\"https:\/\/servisistemas.com.co\/servicios-para-redes-computadores\/wp-content\/uploads\/2025\/01\/world_office.jpg 620w, https:\/\/servisistemas.com.co\/servicios-para-redes-computadores\/wp-content\/uploads\/2025\/01\/world_office-300x165.jpg 300w\" sizes=\"(max-width: 620px) 100vw, 620px\" title=\"\">\t\t\t\t\t\t\t\t\t\t\t\t\t\t\t<\/div>\n\t\t\t\t<\/div>\n\t\t\t\t\t<\/div>\n\t\t<\/div>\n\t\t\t\t\t<\/div>\n\t\t<\/section>\n\t\t\t\t<section class=\"elementor-section elementor-top-section elementor-element elementor-element-96a99c1 elementor-section-boxed elementor-section-height-default elementor-section-height-default jltma-glass-effect-no\" data-id=\"96a99c1\" data-element_type=\"section\">\n\t\t\t\t\t\t<div class=\"elementor-container elementor-column-gap-default\">\n\t\t\t\t\t<div class=\"elementor-column elementor-col-100 elementor-top-column elementor-element elementor-element-e746163 jltma-glass-effect-no\" data-id=\"e746163\" data-element_type=\"column\">\n\t\t\t<div class=\"elementor-widget-wrap elementor-element-populated\">\n\t\t\t\t\t\t<div class=\"elementor-element elementor-element-13f125a jltma-glass-effect-no elementor-widget elementor-widget-text-editor\" data-id=\"13f125a\" data-element_type=\"widget\" data-widget_type=\"text-editor.default\">\n\t\t\t\t<div class=\"elementor-widget-container\">\n\t\t\t\t\t\t\t\t\t<p>WorldOffice es una soluci\u00f3n contable ampliamente utilizada por peque\u00f1as y medianas empresas gracias a su precio competitivo y su integraci\u00f3n con la suite ofim\u00e1tica Microsoft Office.\u00a0<\/p><p>Sin embargo, al ser un sistema nativo para Windows y depender directamente de actualizaciones de software y hardware, requiere un soporte t\u00e9cnico especializado para garantizar su funcionamiento \u00f3ptimo.<\/p><p>Nos especializamos en la implementaci\u00f3n, optimizaci\u00f3n y mantenimiento de WorldOffice, ayudando a las empresas a maximizar el rendimiento de este poderoso ERP.<\/p>\t\t\t\t\t\t\t\t<\/div>\n\t\t\t\t<\/div>\n\t\t\t\t\t<\/div>\n\t\t<\/div>\n\t\t\t\t\t<\/div>\n\t\t<\/section>\n\t\t\t\t<section class=\"elementor-section elementor-top-section elementor-element elementor-element-f64da67 elementor-section-boxed elementor-section-height-default elementor-section-height-default jltma-glass-effect-no\" data-id=\"f64da67\" data-element_type=\"section\">\n\t\t\t\t\t\t<div class=\"elementor-container elementor-column-gap-default\">\n\t\t\t\t\t<div class=\"elementor-column elementor-col-100 elementor-top-column elementor-element elementor-element-1edd5e5 jltma-glass-effect-no\" data-id=\"1edd5e5\" data-element_type=\"column\">\n\t\t\t<div class=\"elementor-widget-wrap elementor-element-populated\">\n\t\t\t\t\t\t<div class=\"elementor-element elementor-element-f266bd4 jltma-glass-effect-no elementor-widget elementor-widget-heading\" data-id=\"f266bd4\" data-element_type=\"widget\" data-widget_type=\"heading.default\">\n\t\t\t\t<div class=\"elementor-widget-container\">\n\t\t\t\t\t<h2 class=\"elementor-heading-title elementor-size-default\">\u00bfPor qu\u00e9 elegir nuestro servicio?<\/h2>\t\t\t\t<\/div>\n\t\t\t\t<\/div>\n\t\t\t\t<div class=\"elementor-element elementor-element-59d4f36 jltma-glass-effect-no elementor-widget elementor-widget-text-editor\" data-id=\"59d4f36\" data-element_type=\"widget\" data-widget_type=\"text-editor.default\">\n\t\t\t\t<div class=\"elementor-widget-container\">\n\t\t\t\t\t\t\t\t\t<ul><li><b>1. Implementaci\u00f3n y optimizaci\u00f3n del sistema<\/b><\/li><li>Instalamos y configuramos WorldOffice para que funcione de manera eficiente, incluso con m\u00e1s de 10 usuarios simult\u00e1neos.<\/li><li>Garantizamos un rendimiento \u00f3ptimo ajustando los recursos de hardware necesarios.<\/li><li>Nos aseguramos de que la integraci\u00f3n con Microsoft Office sea fluida y sin problemas.<\/li><\/ul><p><b>2. Actualizaciones seguras<\/b><br \/>Las actualizaciones de Windows y Office pueden afectar el funcionamiento de WorldOffice. Por eso:<\/p><ul><li>Supervisamos cada actualizaci\u00f3n para prevenir conflictos.<\/li><li>Realizamos pruebas antes de aplicar cambios importantes en el sistema.<\/li><li>Aseguramos la continuidad operativa tras cada actualizaci\u00f3n.<\/li><\/ul><p><b>3. Acceso remoto eficiente y econ\u00f3mico<\/b><br \/>En un entorno de trabajo remoto en constante crecimiento, ofrecemos soluciones que permiten:<\/p><ul><li><b>Uso de WorldOffice desde navegadores web: <\/b>Ideal para contadores que trabajan desde casa o en movimiento.<\/li><li><b>Entornos remotos sin necesidad de licencias adicionales:<\/b> Una soluci\u00f3n econ\u00f3mica y funcional para empresas con m\u00faltiples usuarios.<\/li><li><b>Configuraci\u00f3n de VPN seguras:<\/b> Garantizamos acceso remoto protegido y estable para tu equipo.<\/li><\/ul><p><b>4. Gesti\u00f3n de copias de seguridad<\/b><br \/>La seguridad de tus datos contables es una prioridad. Por eso implementamos:<\/p><ul><li>Copias de seguridad autom\u00e1ticas y monitoreadas.<\/li><li>Protocolos de recuperaci\u00f3n r\u00e1pida ante cualquier incidente.<\/li><li>Soluciones que garantizan la integridad y disponibilidad de la informaci\u00f3n.<\/li><\/ul>\t\t\t\t\t\t\t\t<\/div>\n\t\t\t\t<\/div>\n\t\t\t\t\t<\/div>\n\t\t<\/div>\n\t\t\t\t\t<\/div>\n\t\t<\/section>\n\t\t\t\t<section class=\"elementor-section elementor-top-section elementor-element elementor-element-a2e7777 elementor-section-boxed elementor-section-height-default elementor-section-height-default jltma-glass-effect-no\" data-id=\"a2e7777\" data-element_type=\"section\">\n\t\t\t\t\t\t<div class=\"elementor-container elementor-column-gap-default\">\n\t\t\t\t\t<div class=\"elementor-column elementor-col-100 elementor-top-column elementor-element elementor-element-ba4265a jltma-glass-effect-no\" data-id=\"ba4265a\" data-element_type=\"column\">\n\t\t\t<div class=\"elementor-widget-wrap elementor-element-populated\">\n\t\t\t\t\t\t<div class=\"elementor-element elementor-element-d400c19 jltma-glass-effect-no elementor-widget elementor-widget-heading\" data-id=\"d400c19\" data-element_type=\"widget\" data-widget_type=\"heading.default\">\n\t\t\t\t<div class=\"elementor-widget-container\">\n\t\t\t\t\t<h2 class=\"elementor-heading-title elementor-size-default\">Beneficios de trabajar con nosotros<\/h2>\t\t\t\t<\/div>\n\t\t\t\t<\/div>\n\t\t\t\t<div class=\"elementor-element elementor-element-6d58580 jltma-glass-effect-no elementor-widget elementor-widget-text-editor\" data-id=\"6d58580\" data-element_type=\"widget\" data-widget_type=\"text-editor.default\">\n\t\t\t\t<div class=\"elementor-widget-container\">\n\t\t\t\t\t\t\t\t\t<p>\u2714 <strong>Experiencia comprobada con WorldOffice:<\/strong> M\u00e1s de una d\u00e9cada ayudando a empresas a implementar y optimizar este ERP.<br \/>\u2714 <strong>Soluciones personalizadas:<\/strong> Adaptamos el sistema a las necesidades espec\u00edficas de tu negocio.<br \/>\u2714 <strong>Ahorro significativo:<\/strong> Eliminamos costos innecesarios, como la compra de licencias adicionales.<br \/>\u2714 <strong>Soporte t\u00e9cnico especializado:<\/strong> Resolvemos cualquier inconveniente r\u00e1pidamente para que tu empresa nunca se detenga.<\/p>\t\t\t\t\t\t\t\t<\/div>\n\t\t\t\t<\/div>\n\t\t\t\t\t<\/div>\n\t\t<\/div>\n\t\t\t\t\t<\/div>\n\t\t<\/section>\n\t\t\t\t<section class=\"elementor-section elementor-top-section elementor-element elementor-element-fc0337f elementor-section-boxed elementor-section-height-default elementor-section-height-default jltma-glass-effect-no\" data-id=\"fc0337f\" data-element_type=\"section\">\n\t\t\t\t\t\t<div class=\"elementor-container elementor-column-gap-default\">\n\t\t\t\t\t<div class=\"elementor-column elementor-col-50 elementor-top-column elementor-element elementor-element-4d3ff9c jltma-glass-effect-no\" data-id=\"4d3ff9c\" data-element_type=\"column\">\n\t\t\t<div class=\"elementor-widget-wrap elementor-element-populated\">\n\t\t\t\t\t\t<div class=\"elementor-element elementor-element-6b377fb jltma-glass-effect-no elementor-widget elementor-widget-heading\" data-id=\"6b377fb\" data-element_type=\"widget\" data-widget_type=\"heading.default\">\n\t\t\t\t<div class=\"elementor-widget-container\">\n\t\t\t\t\t<h2 class=\"elementor-heading-title elementor-size-default\">Cont\u00e1ctanos y optimiza WorldOffice en tu empresa\n<\/h2>\t\t\t\t<\/div>\n\t\t\t\t<\/div>\n\t\t\t\t<div class=\"elementor-element elementor-element-088ede5 jltma-glass-effect-no elementor-widget elementor-widget-text-editor\" data-id=\"088ede5\" data-element_type=\"widget\" data-widget_type=\"text-editor.default\">\n\t\t\t\t<div class=\"elementor-widget-container\">\n\t\t\t\t\t\t\t\t\t<p>Conf\u00eda en expertos que conocen a fondo las necesidades de peque\u00f1as y medianas empresas.&nbsp;<\/p><p>Estamos listos para ayudarte a implementar y optimizar WorldOffice para que obtengas el m\u00e1ximo beneficio de este ERP.<\/p>\t\t\t\t\t\t\t\t<\/div>\n\t\t\t\t<\/div>\n\t\t\t\t\t<\/div>\n\t\t<\/div>\n\t\t\t\t<div class=\"elementor-column elementor-col-50 elementor-top-column elementor-element elementor-element-7833a43 jltma-glass-effect-no\" data-id=\"7833a43\" data-element_type=\"column\">\n\t\t\t<div class=\"elementor-widget-wrap elementor-element-populated\">\n\t\t\t\t\t\t<div class=\"elementor-element elementor-element-eddf433 jltma-glass-effect-no elementor-widget elementor-widget-html\" data-id=\"eddf433\" data-element_type=\"widget\" data-widget_type=\"html.default\">\n\t\t\t\t<div class=\"elementor-widget-container\">\n\t\t\t\t\t<div class='lepopup-inline' data-slug='FORM-REDES-INFORMA'><\/div>\t\t\t\t<\/div>\n\t\t\t\t<\/div>\n\t\t\t\t\t<\/div>\n\t\t<\/div>\n\t\t\t\t\t<\/div>\n\t\t<\/section>\n\t\t\t\t<\/div>\n\t\t","protected":false},"excerpt":{"rendered":"<p>Gesti\u00f3n y Soporte T\u00e9cnico para WorldOffice Optimiza el rendimiento de tu sistema contable con expertos en tecnolog\u00eda WorldOffice es una soluci\u00f3n contable ampliamente utilizada por peque\u00f1as y medianas empresas gracias a su precio competitivo y su integraci\u00f3n con la suite ofim\u00e1tica Microsoft Office.\u00a0 Sin embargo, al ser un sistema nativo para Windows y depender directamente [&hellip;]<\/p>\n","protected":false},"author":1,"featured_media":0,"parent":0,"menu_order":0,"comment_status":"closed","ping_status":"closed","template":"","meta":{"footnotes":""},"class_list":["post-3701","page","type-page","status-publish","hentry"],"_links":{"self":[{"href":"https:\/\/servisistemas.com.co\/servicios-para-redes-computadores\/wp-json\/wp\/v2\/pages\/3701","targetHints":{"allow":["GET"]}}],"collection":[{"href":"https:\/\/servisistemas.com.co\/servicios-para-redes-computadores\/wp-json\/wp\/v2\/pages"}],"about":[{"href":"https:\/\/servisistemas.com.co\/servicios-para-redes-computadores\/wp-json\/wp\/v2\/types\/page"}],"author":[{"embeddable":true,"href":"https:\/\/servisistemas.com.co\/servicios-para-redes-computadores\/wp-json\/wp\/v2\/users\/1"}],"replies":[{"embeddable":true,"href":"https:\/\/servisistemas.com.co\/servicios-para-redes-computadores\/wp-json\/wp\/v2\/comments?post=3701"}],"version-history":[{"count":13,"href":"https:\/\/servisistemas.com.co\/servicios-para-redes-computadores\/wp-json\/wp\/v2\/pages\/3701\/revisions"}],"predecessor-version":[{"id":3718,"href":"https:\/\/servisistemas.com.co\/servicios-para-redes-computadores\/wp-json\/wp\/v2\/pages\/3701\/revisions\/3718"}],"wp:attachment":[{"href":"https:\/\/servisistemas.com.co\/servicios-para-redes-computadores\/wp-json\/wp\/v2\/media?parent=3701"}],"curies":[{"name":"wp","href":"https:\/\/api.w.org\/{rel}","templated":true}]}}