{"id":382,"date":"2023-04-14T06:16:58","date_gmt":"2023-04-14T11:16:58","guid":{"rendered":"https:\/\/servisistemas.com.co\/servicios-para-redes-computadores\/?page_id=382"},"modified":"2023-05-27T09:13:31","modified_gmt":"2023-05-27T14:13:31","slug":"contacto","status":"publish","type":"page","link":"https:\/\/servisistemas.com.co\/servicios-para-redes-computadores\/contacto\/","title":{"rendered":"contacto"},"content":{"rendered":"\t\t<div data-elementor-type=\"wp-page\" data-elementor-id=\"382\" class=\"elementor elementor-382\" data-elementor-post-type=\"page\">\n\t\t\t\t\t\t<section class=\"elementor-section elementor-top-section elementor-element elementor-element-cca44a5 elementor-section-boxed elementor-section-height-default elementor-section-height-default jltma-glass-effect-no\" data-id=\"cca44a5\" data-element_type=\"section\" id=\"contactnos_ahora\">\n\t\t\t\t\t\t<div class=\"elementor-container elementor-column-gap-default\">\n\t\t\t\t\t<div class=\"elementor-column elementor-col-50 elementor-top-column elementor-element elementor-element-85a694f jltma-glass-effect-no\" data-id=\"85a694f\" data-element_type=\"column\">\n\t\t\t<div class=\"elementor-widget-wrap elementor-element-populated\">\n\t\t\t\t\t\t<div class=\"elementor-element elementor-element-9adb68b jltma-glass-effect-no elementor-widget elementor-widget-heading\" data-id=\"9adb68b\" data-element_type=\"widget\" data-widget_type=\"heading.default\">\n\t\t\t\t<div class=\"elementor-widget-container\">\n\t\t\t\t\t<h1 class=\"elementor-heading-title elementor-size-xxl\">Desbloquea tu potencial empresarial <\/h1>\t\t\t\t<\/div>\n\t\t\t\t<\/div>\n\t\t\t\t<div class=\"elementor-element elementor-element-c6ef572 jltma-glass-effect-no elementor-widget elementor-widget-heading\" data-id=\"c6ef572\" data-element_type=\"widget\" data-widget_type=\"heading.default\">\n\t\t\t\t<div class=\"elementor-widget-container\">\n\t\t\t\t\t<h1 class=\"elementor-heading-title elementor-size-xxl\">Reg\u00edstrate y s\u00e9 parte de nuestra red de clientes de \u00e9xito<\/h1>\t\t\t\t<\/div>\n\t\t\t\t<\/div>\n\t\t\t\t<div class=\"elementor-element elementor-element-a2656ed jltma-glass-effect-no elementor-widget elementor-widget-heading\" data-id=\"a2656ed\" data-element_type=\"widget\" data-widget_type=\"heading.default\">\n\t\t\t\t<div class=\"elementor-widget-container\">\n\t\t\t\t\t<h6 class=\"elementor-heading-title elementor-size-default\">Comprometidos con el cumplimiento y RAPIDEZ<\/h6>\t\t\t\t<\/div>\n\t\t\t\t<\/div>\n\t\t\t\t\t<\/div>\n\t\t<\/div>\n\t\t\t\t<div class=\"elementor-column elementor-col-50 elementor-top-column elementor-element elementor-element-95ac009 jltma-glass-effect-no\" data-id=\"95ac009\" data-element_type=\"column\">\n\t\t\t<div class=\"elementor-widget-wrap elementor-element-populated\">\n\t\t\t\t\t\t<div class=\"elementor-element elementor-element-ce3b3e0 jltma-glass-effect-no elementor-widget elementor-widget-html\" data-id=\"ce3b3e0\" data-element_type=\"widget\" data-widget_type=\"html.default\">\n\t\t\t\t<div class=\"elementor-widget-container\">\n\t\t\t\t\t<div class='lepopup-inline' data-slug='FORM-REDES-INFORMA'><\/div>\t\t\t\t<\/div>\n\t\t\t\t<\/div>\n\t\t\t\t\t<\/div>\n\t\t<\/div>\n\t\t\t\t\t<\/div>\n\t\t<\/section>\n\t\t\t\t<section class=\"elementor-section elementor-top-section elementor-element elementor-element-76c7e1b elementor-section-boxed elementor-section-height-default elementor-section-height-default jltma-glass-effect-no\" data-id=\"76c7e1b\" data-element_type=\"section\">\n\t\t\t\t\t\t<div class=\"elementor-container elementor-column-gap-default\">\n\t\t\t\t\t<div class=\"elementor-column elementor-col-100 elementor-top-column elementor-element elementor-element-119847c jltma-glass-effect-no\" data-id=\"119847c\" data-element_type=\"column\">\n\t\t\t<div class=\"elementor-widget-wrap elementor-element-populated\">\n\t\t\t\t\t\t<div class=\"elementor-element elementor-element-baf6d57 jltma-glass-effect-no elementor-widget elementor-widget-heading\" data-id=\"baf6d57\" data-element_type=\"widget\" data-widget_type=\"heading.default\">\n\t\t\t\t<div class=\"elementor-widget-container\">\n\t\t\t\t\t<h5 class=\"elementor-heading-title elementor-size-default\">Servisistemas Equipos y Seguridad S.A.S Direccion Calle 86B # 49a -49 Bogota D.C. Tel: 319 250 55 45<\/h5>\t\t\t\t<\/div>\n\t\t\t\t<\/div>\n\t\t\t\t\t<\/div>\n\t\t<\/div>\n\t\t\t\t\t<\/div>\n\t\t<\/section>\n\t\t\t\t<\/div>\n\t\t","protected":false},"excerpt":{"rendered":"<p>Desbloquea tu potencial empresarial Reg\u00edstrate y s\u00e9 parte de nuestra red de clientes de \u00e9xito Comprometidos con el cumplimiento y RAPIDEZ Servisistemas Equipos y Seguridad S.A.S Direccion Calle 86B # 49a -49 Bogota D.C. Tel: 319 250 55 45<\/p>\n","protected":false},"author":1,"featured_media":0,"parent":0,"menu_order":0,"comment_status":"closed","ping_status":"closed","template":"elementor_header_footer","meta":{"footnotes":""},"class_list":["post-382","page","type-page","status-publish","hentry"],"_links":{"self":[{"href":"https:\/\/servisistemas.com.co\/servicios-para-redes-computadores\/wp-json\/wp\/v2\/pages\/382","targetHints":{"allow":["GET"]}}],"collection":[{"href":"https:\/\/servisistemas.com.co\/servicios-para-redes-computadores\/wp-json\/wp\/v2\/pages"}],"about":[{"href":"https:\/\/servisistemas.com.co\/servicios-para-redes-computadores\/wp-json\/wp\/v2\/types\/page"}],"author":[{"embeddable":true,"href":"https:\/\/servisistemas.com.co\/servicios-para-redes-computadores\/wp-json\/wp\/v2\/users\/1"}],"replies":[{"embeddable":true,"href":"https:\/\/servisistemas.com.co\/servicios-para-redes-computadores\/wp-json\/wp\/v2\/comments?post=382"}],"version-history":[{"count":31,"href":"https:\/\/servisistemas.com.co\/servicios-para-redes-computadores\/wp-json\/wp\/v2\/pages\/382\/revisions"}],"predecessor-version":[{"id":1148,"href":"https:\/\/servisistemas.com.co\/servicios-para-redes-computadores\/wp-json\/wp\/v2\/pages\/382\/revisions\/1148"}],"wp:attachment":[{"href":"https:\/\/servisistemas.com.co\/servicios-para-redes-computadores\/wp-json\/wp\/v2\/media?parent=382"}],"curies":[{"name":"wp","href":"https:\/\/api.w.org\/{rel}","templated":true}]}}