{"id":476,"date":"2023-05-01T08:27:31","date_gmt":"2023-05-01T13:27:31","guid":{"rendered":"https:\/\/servisistemas.com.co\/servicios-para-redes-computadores\/?page_id=476"},"modified":"2023-05-30T12:17:53","modified_gmt":"2023-05-30T17:17:53","slug":"problemas-de-cobertura-con-las-redes-wifi-y-como-solucionarlo","status":"publish","type":"page","link":"https:\/\/servisistemas.com.co\/servicios-para-redes-computadores\/problemas-de-cobertura-con-las-redes-wifi-y-como-solucionarlo\/","title":{"rendered":"Problemas de cobertura con las redes wifi y como solucionarlo"},"content":{"rendered":"\t\t<div data-elementor-type=\"wp-page\" data-elementor-id=\"476\" class=\"elementor elementor-476\" data-elementor-post-type=\"page\">\n\t\t\t\t\t\t<section class=\"elementor-section elementor-top-section elementor-element elementor-element-a64dfd9 elementor-section-boxed elementor-section-height-default elementor-section-height-default jltma-glass-effect-no\" data-id=\"a64dfd9\" data-element_type=\"section\" data-settings=\"{&quot;background_background&quot;:&quot;classic&quot;}\">\n\t\t\t\t\t\t<div class=\"elementor-container elementor-column-gap-default\">\n\t\t\t\t\t<div class=\"elementor-column elementor-col-100 elementor-top-column elementor-element elementor-element-3292715 jltma-glass-effect-no\" data-id=\"3292715\" data-element_type=\"column\">\n\t\t\t<div class=\"elementor-widget-wrap elementor-element-populated\">\n\t\t\t\t\t\t<div class=\"elementor-element elementor-element-a85ea50 jltma-glass-effect-no elementor-widget elementor-widget-heading\" data-id=\"a85ea50\" data-element_type=\"widget\" data-widget_type=\"heading.default\">\n\t\t\t\t<div class=\"elementor-widget-container\">\n\t\t\t\t\t<h1 class=\"elementor-heading-title elementor-size-xxl\">Optimizando la cobertura de la red WiFi para satisfacer las demandas empresariales<\/h1>\t\t\t\t<\/div>\n\t\t\t\t<\/div>\n\t\t\t\t\t<\/div>\n\t\t<\/div>\n\t\t\t\t\t<\/div>\n\t\t<\/section>\n\t\t\t\t<section class=\"elementor-section elementor-top-section elementor-element elementor-element-3765497 elementor-section-boxed elementor-section-height-default elementor-section-height-default jltma-glass-effect-no\" data-id=\"3765497\" data-element_type=\"section\" data-settings=\"{&quot;background_background&quot;:&quot;classic&quot;}\">\n\t\t\t\t\t\t<div class=\"elementor-container elementor-column-gap-default\">\n\t\t\t\t\t<div class=\"elementor-column elementor-col-100 elementor-top-column elementor-element elementor-element-a1203f1 jltma-glass-effect-no\" data-id=\"a1203f1\" data-element_type=\"column\">\n\t\t\t<div class=\"elementor-widget-wrap elementor-element-populated\">\n\t\t\t\t\t\t<div class=\"elementor-element elementor-element-a01b4f9 jltma-glass-effect-no elementor-widget elementor-widget-image\" data-id=\"a01b4f9\" data-element_type=\"widget\" data-widget_type=\"image.default\">\n\t\t\t\t<div class=\"elementor-widget-container\">\n\t\t\t\t\t\t\t\t\t\t\t\t\t\t\t<img fetchpriority=\"high\" decoding=\"async\" width=\"1024\" height=\"384\" src=\"https:\/\/servisistemas.com.co\/servicios-para-redes-computadores\/wp-content\/uploads\/2023\/05\/banner_ubiquiti-1024x384.png\" class=\"attachment-large size-large wp-image-1181\" alt=\"\" srcset=\"https:\/\/servisistemas.com.co\/servicios-para-redes-computadores\/wp-content\/uploads\/2023\/05\/banner_ubiquiti-1024x384.png 1024w, https:\/\/servisistemas.com.co\/servicios-para-redes-computadores\/wp-content\/uploads\/2023\/05\/banner_ubiquiti-300x112.png 300w, https:\/\/servisistemas.com.co\/servicios-para-redes-computadores\/wp-content\/uploads\/2023\/05\/banner_ubiquiti-768x288.png 768w, https:\/\/servisistemas.com.co\/servicios-para-redes-computadores\/wp-content\/uploads\/2023\/05\/banner_ubiquiti-1536x576.png 1536w, https:\/\/servisistemas.com.co\/servicios-para-redes-computadores\/wp-content\/uploads\/2023\/05\/banner_ubiquiti.png 1996w\" sizes=\"(max-width: 1024px) 100vw, 1024px\" title=\"\">\t\t\t\t\t\t\t\t\t\t\t\t\t\t\t<\/div>\n\t\t\t\t<\/div>\n\t\t\t\t\t<\/div>\n\t\t<\/div>\n\t\t\t\t\t<\/div>\n\t\t<\/section>\n\t\t\t\t<section class=\"elementor-section elementor-top-section elementor-element elementor-element-584106d elementor-section-boxed elementor-section-height-default elementor-section-height-default jltma-glass-effect-no\" data-id=\"584106d\" data-element_type=\"section\">\n\t\t\t\t\t\t<div class=\"elementor-container elementor-column-gap-default\">\n\t\t\t\t\t<div class=\"elementor-column elementor-col-50 elementor-top-column elementor-element elementor-element-9b6b1aa jltma-glass-effect-no\" data-id=\"9b6b1aa\" data-element_type=\"column\">\n\t\t\t<div class=\"elementor-widget-wrap elementor-element-populated\">\n\t\t\t\t\t\t<div class=\"elementor-element elementor-element-d1e1acb jltma-glass-effect-no elementor-widget elementor-widget-heading\" data-id=\"d1e1acb\" data-element_type=\"widget\" data-widget_type=\"heading.default\">\n\t\t\t\t<div class=\"elementor-widget-container\">\n\t\t\t\t\t<h3 class=\"elementor-heading-title elementor-size-default\">Descubre el poder de  wifi marca Ubiquiti. Esta fue la soluci\u00f3n definitiva que transform\u00f3 la experiencia de nuestro cliente.<\/h3>\t\t\t\t<\/div>\n\t\t\t\t<\/div>\n\t\t\t\t\t<\/div>\n\t\t<\/div>\n\t\t\t\t<div class=\"elementor-column elementor-col-50 elementor-top-column elementor-element elementor-element-8025027 jltma-glass-effect-no\" data-id=\"8025027\" data-element_type=\"column\">\n\t\t\t<div class=\"elementor-widget-wrap elementor-element-populated\">\n\t\t\t\t\t\t<div class=\"elementor-element elementor-element-fad9c85 jltma-glass-effect-no elementor-widget elementor-widget-video\" data-id=\"fad9c85\" data-element_type=\"widget\" data-settings=\"{&quot;youtube_url&quot;:&quot;https:\\\/\\\/youtu.be\\\/mA6-uMTQ6wg&quot;,&quot;yt_privacy&quot;:&quot;yes&quot;,&quot;video_type&quot;:&quot;youtube&quot;}\" data-widget_type=\"video.default\">\n\t\t\t\t<div class=\"elementor-widget-container\">\n\t\t\t\t\t\t\t<div class=\"elementor-wrapper elementor-open-inline\">\n\t\t\t<div class=\"elementor-video\"><\/div>\t\t<\/div>\n\t\t\t\t\t\t<\/div>\n\t\t\t\t<\/div>\n\t\t\t\t\t<\/div>\n\t\t<\/div>\n\t\t\t\t\t<\/div>\n\t\t<\/section>\n\t\t\t\t<section class=\"elementor-section elementor-top-section elementor-element elementor-element-996f57e elementor-section-boxed elementor-section-height-default elementor-section-height-default jltma-glass-effect-no\" data-id=\"996f57e\" data-element_type=\"section\">\n\t\t\t\t\t\t<div class=\"elementor-container elementor-column-gap-default\">\n\t\t\t\t\t<div class=\"elementor-column elementor-col-100 elementor-top-column elementor-element elementor-element-993d85e jltma-glass-effect-no\" data-id=\"993d85e\" data-element_type=\"column\">\n\t\t\t<div class=\"elementor-widget-wrap elementor-element-populated\">\n\t\t\t\t\t\t<div class=\"elementor-element elementor-element-d0b00d3 jltma-glass-effect-no elementor-widget elementor-widget-ma-call-to-action\" data-id=\"d0b00d3\" data-element_type=\"widget\" data-widget_type=\"ma-call-to-action.default\">\n\t\t\t\t<div class=\"elementor-widget-container\">\n\t\t\t\t\t\n\t\t<section class=\"jltma-call-to-action\" id=\"jltma-action-content-d0b00d3\">\n\t\t\t<div class=\"style-02\">\n\t\t\t\t<div class=\"jltma-call-action-content\">\n\t\t\t\t\t<div class=\"jltma-row\">\n\t\t\t\t\t\t<div class=\"jltma-col-9\">\n\n\t\t\t\t\t\t\t\t\t\t\t\t\t\t\t<h3 class=\"jltma-call-action-title\">\n\t\t\t\t\t\t\t\t\t\u00bfEst\u00e1s cansado de lidiar con problemas de cobertura de la red WiFi en tu empresa? \t\t\t\t\t\t\t\t<\/h3>\n\n\t\t\t\t\t\t\t\t<p class=\"jltma-call-action-description\">\n\t\t\t\t\t\t\t\t\t\u00a1No busques m\u00e1s! Nuestro servicio especializado est\u00e1 dise\u00f1ado para satisfacer las demandas empresariales m\u00e1s exigentes y garantizar una conectividad ininterrumpida.\t\t\t\t\t\t\t\t<\/p>\n\t\t\t\t\t\t\t\n\t\t\t\t\t\t<\/div>\n\t\t\t\t\t\t<div class=\"jltma-col-3 text-right\">\n\t\t\t\t\t\t\t<a class=\"jltma-call-action-btn\" href=\"\/servicios-para-redes-computadores\/contacto\/\" target=\"_blank\">\n\t\t\t\t\t\t\t\t\u00a1Cont\u00e1ctanos ahora y mejora tu red WiFi empresarial!\t\t\t\t\t\t\t<\/a>\n\t\t\t\t\t\t<\/div>\n\t\t\t\t\t<\/div>\n\t\t\t\t<\/div>\n\t\t\t<\/div>\n\n\t\t<\/section>\n\t\t\t\t<\/div>\n\t\t\t\t<\/div>\n\t\t\t\t<div class=\"elementor-element elementor-element-86fe9dd jltma-glass-effect-no elementor-widget elementor-widget-spacer\" data-id=\"86fe9dd\" data-element_type=\"widget\" data-widget_type=\"spacer.default\">\n\t\t\t\t<div class=\"elementor-widget-container\">\n\t\t\t\t\t\t\t<div class=\"elementor-spacer\">\n\t\t\t<div class=\"elementor-spacer-inner\"><\/div>\n\t\t<\/div>\n\t\t\t\t\t\t<\/div>\n\t\t\t\t<\/div>\n\t\t\t\t\t<\/div>\n\t\t<\/div>\n\t\t\t\t\t<\/div>\n\t\t<\/section>\n\t\t\t\t<section class=\"elementor-section elementor-top-section elementor-element elementor-element-c9c8b6a elementor-section-boxed elementor-section-height-default elementor-section-height-default jltma-glass-effect-no\" data-id=\"c9c8b6a\" data-element_type=\"section\">\n\t\t\t\t\t\t<div class=\"elementor-container elementor-column-gap-default\">\n\t\t\t\t\t<div class=\"elementor-column elementor-col-100 elementor-top-column elementor-element elementor-element-269f188 jltma-glass-effect-no\" data-id=\"269f188\" data-element_type=\"column\">\n\t\t\t<div class=\"elementor-widget-wrap elementor-element-populated\">\n\t\t\t\t\t\t<div class=\"elementor-element elementor-element-3a57d16 jltma-glass-effect-no elementor-widget elementor-widget-heading\" data-id=\"3a57d16\" data-element_type=\"widget\" data-widget_type=\"heading.default\">\n\t\t\t\t<div class=\"elementor-widget-container\">\n\t\t\t\t\t<h4 class=\"elementor-heading-title elementor-size-default\">A continuaci\u00f3n, se presentan algunas soluciones que pueden ayudar a resolver estos problemas:<\/h4>\t\t\t\t<\/div>\n\t\t\t\t<\/div>\n\t\t\t\t\t<\/div>\n\t\t<\/div>\n\t\t\t\t\t<\/div>\n\t\t<\/section>\n\t\t\t\t<section class=\"elementor-section elementor-top-section elementor-element elementor-element-2a747ef elementor-section-boxed elementor-section-height-default elementor-section-height-default jltma-glass-effect-no\" data-id=\"2a747ef\" data-element_type=\"section\">\n\t\t\t\t\t\t<div class=\"elementor-container elementor-column-gap-default\">\n\t\t\t\t\t<div class=\"elementor-column elementor-col-100 elementor-top-column elementor-element elementor-element-c2b36e9 jltma-glass-effect-no\" data-id=\"c2b36e9\" data-element_type=\"column\">\n\t\t\t<div class=\"elementor-widget-wrap elementor-element-populated\">\n\t\t\t\t\t\t<div class=\"elementor-element elementor-element-aaab104 jltma-glass-effect-no elementor-widget elementor-widget-text-editor\" data-id=\"aaab104\" data-element_type=\"widget\" data-widget_type=\"text-editor.default\">\n\t\t\t\t<div class=\"elementor-widget-container\">\n\t\t\t\t\t\t\t\t\t<ol><li><p><span style=\"font-size: 20px;\"><b>Colocar el enrutador en un lugar central:<\/b> Ubique su enrutador en un lugar donde pueda proporcionar una se\u00f1al equitativa en todas las direcciones, idealmente en el centro de su casa u oficina.<\/span><\/p><\/li><li><p><span style=\"font-size: 20px;\"><b>Aumentar la potencia de la se\u00f1al:<\/b> Si el enrutador tiene la opci\u00f3n de ajustar la potencia de la se\u00f1al, es posible aumentarla para mejorar la cobertura.<\/span><\/p><\/li><li><p><span style=\"font-size: 20px;\"><b>Cambiar el canal:<\/b> Puede que haya otros enrutadores cercanos que est\u00e9n usando el mismo canal de Wi-Fi que usted. Cambiar el canal puede ayudar a reducir las interferencias y mejorar la calidad de la se\u00f1al.<\/span><\/p><\/li><li><p><span style=\"font-size: 20px;\"><b>Usar un extensor de alcance:<\/b> Los extensores de alcance de Wi-Fi pueden ayudar a ampliar la cobertura de su red inal\u00e1mbrica.<\/span><\/p><\/li><li><p><span style=\"font-size: 20px;\"><b>Actualizar el firmware del enrutador:<\/b> Los fabricantes de enrutadores suelen lanzar actualizaciones de firmware que solucionan problemas de rendimiento y estabilidad.<\/span><\/p><\/li><li><p><span style=\"font-size: 20px;\"><b>Cambiar la antena del enrutador:<\/b> Si su enrutador tiene una antena desmontable, es posible reemplazarla por una de mayor ganancia para mejorar la cobertura.<\/span><\/p><\/li><li><p><span style=\"font-size: 20px;\"><b>Usar redes de malla:<\/b> Las redes de malla son una soluci\u00f3n avanzada que utiliza varios nodos para ampliar la cobertura de Wi-Fi.<\/span><\/p><\/li><li><p><span style=\"font-size: 20px;\"><b>Cambiar a un enrutador de mayor alcance:<\/b> Si todas las dem\u00e1s soluciones fallan, puede ser necesario cambiar a un enrutador de mayor alcance.<\/span><\/p><\/li><\/ol>\t\t\t\t\t\t\t\t<\/div>\n\t\t\t\t<\/div>\n\t\t\t\t\t<\/div>\n\t\t<\/div>\n\t\t\t\t\t<\/div>\n\t\t<\/section>\n\t\t\t\t<section class=\"elementor-section elementor-top-section elementor-element elementor-element-156cb24 elementor-section-boxed elementor-section-height-default elementor-section-height-default jltma-glass-effect-no\" data-id=\"156cb24\" data-element_type=\"section\">\n\t\t\t\t\t\t<div class=\"elementor-container elementor-column-gap-default\">\n\t\t\t\t\t<div class=\"elementor-column elementor-col-100 elementor-top-column elementor-element elementor-element-53edb80 jltma-glass-effect-no\" data-id=\"53edb80\" data-element_type=\"column\">\n\t\t\t<div class=\"elementor-widget-wrap elementor-element-populated\">\n\t\t\t\t\t\t<div class=\"elementor-element elementor-element-41da76c elementor-align-center jltma-glass-effect-no elementor-widget elementor-widget-button\" data-id=\"41da76c\" data-element_type=\"widget\" data-widget_type=\"button.default\">\n\t\t\t\t<div class=\"elementor-widget-container\">\n\t\t\t\t\t\t\t\t\t<div class=\"elementor-button-wrapper\">\n\t\t\t\t\t<a class=\"elementor-button elementor-button-link elementor-size-md\" href=\"\/servicios-para-redes-computadores\/contacto\/\">\n\t\t\t\t\t\t<span class=\"elementor-button-content-wrapper\">\n\t\t\t\t\t\t\t\t\t<span class=\"elementor-button-text\">Expertos en redes a tu servicio. Cont\u00e1ctanos para potenciar tu red WiFi empresarial.<\/span>\n\t\t\t\t\t<\/span>\n\t\t\t\t\t<\/a>\n\t\t\t\t<\/div>\n\t\t\t\t\t\t\t\t<\/div>\n\t\t\t\t<\/div>\n\t\t\t\t\t<\/div>\n\t\t<\/div>\n\t\t\t\t\t<\/div>\n\t\t<\/section>\n\t\t\t\t<\/div>\n\t\t","protected":false},"excerpt":{"rendered":"<p>Optimizando la cobertura de la red WiFi para satisfacer las demandas empresariales Descubre el poder de wifi marca Ubiquiti. Esta fue la soluci\u00f3n definitiva que transform\u00f3 la experiencia de nuestro cliente. \u00bfEst\u00e1s cansado de lidiar con problemas de cobertura de la red WiFi en tu empresa? \u00a1No busques m\u00e1s! Nuestro servicio especializado est\u00e1 dise\u00f1ado para [&hellip;]<\/p>\n","protected":false},"author":1,"featured_media":0,"parent":0,"menu_order":0,"comment_status":"closed","ping_status":"closed","template":"elementor_header_footer","meta":{"footnotes":""},"class_list":["post-476","page","type-page","status-publish","hentry"],"_links":{"self":[{"href":"https:\/\/servisistemas.com.co\/servicios-para-redes-computadores\/wp-json\/wp\/v2\/pages\/476","targetHints":{"allow":["GET"]}}],"collection":[{"href":"https:\/\/servisistemas.com.co\/servicios-para-redes-computadores\/wp-json\/wp\/v2\/pages"}],"about":[{"href":"https:\/\/servisistemas.com.co\/servicios-para-redes-computadores\/wp-json\/wp\/v2\/types\/page"}],"author":[{"embeddable":true,"href":"https:\/\/servisistemas.com.co\/servicios-para-redes-computadores\/wp-json\/wp\/v2\/users\/1"}],"replies":[{"embeddable":true,"href":"https:\/\/servisistemas.com.co\/servicios-para-redes-computadores\/wp-json\/wp\/v2\/comments?post=476"}],"version-history":[{"count":49,"href":"https:\/\/servisistemas.com.co\/servicios-para-redes-computadores\/wp-json\/wp\/v2\/pages\/476\/revisions"}],"predecessor-version":[{"id":1195,"href":"https:\/\/servisistemas.com.co\/servicios-para-redes-computadores\/wp-json\/wp\/v2\/pages\/476\/revisions\/1195"}],"wp:attachment":[{"href":"https:\/\/servisistemas.com.co\/servicios-para-redes-computadores\/wp-json\/wp\/v2\/media?parent=476"}],"curies":[{"name":"wp","href":"https:\/\/api.w.org\/{rel}","templated":true}]}}